{"id":65,"date":"2024-02-07T21:00:47","date_gmt":"2024-02-07T20:00:47","guid":{"rendered":"https:\/\/japan-budo.com\/?page_id=65"},"modified":"2024-02-08T08:53:48","modified_gmt":"2024-02-08T07:53:48","slug":"authenticity-of-ratings","status":"publish","type":"page","link":"https:\/\/japan-budo.com\/en\/authenticity-of-ratings\/","title":{"rendered":"Authenticity of ratings"},"content":{"rendered":"<p>The product reviews are not checked for authenticity before they are published. They may therefore originate from consumers who have not actually purchased\/used the rated products.<br \/>\nReviews from buyers who have purchased directly from our online shop and have a customer account are labelled \"Verified purchase\".<\/p>\n<p>We reserve the right not to publish reviews that contain untruths or inappropriate content. This applies regardless of whether the review is positive or negative.<\/p>","protected":false},"excerpt":{"rendered":"<p>Die Produktbewertungen werden vor ihrer Ver\u00f6ffentlichung nicht auf ihre Echtheit \u00fcberpr\u00fcft. Sie k\u00f6nnen daher auch von Verbrauchern stammen, die die bewerteten Produkte tats\u00e4chlich gar nicht erworben\/genutzt haben. Bewertungen von K\u00e4ufern, die direkt in unserem Onlineshop gekauft haben und ein Kundenkonto besitzen, sind mit dem Hinweis &#8222;Verifizierter Kauf&#8220; gekennzeichnet. Wir behalten uns vor Bewertungen, die Unwahrheiten [&hellip;]<\/p>\n","protected":false},"author":1,"featured_media":0,"parent":0,"menu_order":0,"comment_status":"closed","ping_status":"closed","template":"","meta":{"_acf_changed":false,"footnotes":""},"class_list":["post-65","page","type-page","status-publish","hentry"],"acf":[],"_links":{"self":[{"href":"https:\/\/japan-budo.com\/en\/wp-json\/wp\/v2\/pages\/65","targetHints":{"allow":["GET"]}}],"collection":[{"href":"https:\/\/japan-budo.com\/en\/wp-json\/wp\/v2\/pages"}],"about":[{"href":"https:\/\/japan-budo.com\/en\/wp-json\/wp\/v2\/types\/page"}],"author":[{"embeddable":true,"href":"https:\/\/japan-budo.com\/en\/wp-json\/wp\/v2\/users\/1"}],"replies":[{"embeddable":true,"href":"https:\/\/japan-budo.com\/en\/wp-json\/wp\/v2\/comments?post=65"}],"version-history":[{"count":1,"href":"https:\/\/japan-budo.com\/en\/wp-json\/wp\/v2\/pages\/65\/revisions"}],"predecessor-version":[{"id":77,"href":"https:\/\/japan-budo.com\/en\/wp-json\/wp\/v2\/pages\/65\/revisions\/77"}],"wp:attachment":[{"href":"https:\/\/japan-budo.com\/en\/wp-json\/wp\/v2\/media?parent=65"}],"curies":[{"name":"wp","href":"https:\/\/api.w.org\/{rel}","templated":true}]}}