{"id":1619,"date":"2024-04-02T16:23:38","date_gmt":"2024-04-02T14:23:38","guid":{"rendered":"https:\/\/japan-budo.com\/unkategorisiert\/kunststoff-saya-aus-japan-fuer-bokken\/"},"modified":"2026-03-19T14:11:08","modified_gmt":"2026-03-19T13:11:08","slug":"bokken-saya-from-japan-plastic","status":"publish","type":"product","link":"https:\/\/japan-budo.com\/en\/bokken-wooden-sword-japan-budo-samurai-sword\/bokken-saya-from-japan-plastic\/","title":{"rendered":"Bokken saya from Japan made of plastic"},"content":{"rendered":"<p>Bokken saya in Japanese quality suitable for the wooden training swords in our programme. This robust version of a training saya for bokken (also known as bokuto) is a reliable companion for regular training.<\/p>\n<p>The sword scabbard is stable enough to perform all the movements that are practised in the course of training a Japanese sword art. Thanks to the included strap on the sword sheath, it can even be strapped on and the training then comes even closer to training with a real sword.<\/p>\n<h2>When do you train with Bokken Saya?<\/h2>\n<p>Training with bokken and plastic saya primarily serves to train movements in connection with drawing the sword.<\/p>\n<p>Some martial arts schools keep a set of bokken and saya on hand as an inexpensive emergency kit for practitioners who have forgotten their iaito.<\/p>\n<h2>What are the advantages of bokken saya from Japan?<\/h2>\n<p>Plastic saya are available from several countries in very different price and quality levels. In our experience, the ones from Japan are the most suitable for training Japanese sword arts due to their focussed design.<\/p>\n<p>They have the right weight, the right flexibility and, as a Japanese product, are naturally best suited to training a corresponding martial art.<\/p>\n<h2>Additional recommendation<\/h2>\n<p>If you train with saya and tsuba on the bokken, you should preferably use a leather blade (tsuba). These versions hold on to the bokken without an additional holding rubber (tsubadome). As a result, the accuracy of fit with the sword sheath is much better and closer to the real sword than when training with a tsuba dome.<\/p>\n<p>You can find leather bokken tsuba in our category for <a href=\"https:\/\/japan-budo.com\/en\/bokken-accessories\/\" target=\"_blank\" rel=\"noopener\">Bokken accessories<\/a>.<\/p>\n<p>This product originates from Japan. As there must be a contact person within the EU for safety issues under current EU law, we offer it under our EU brand in order to fulfil the requirements. To this end, it is produced specifically for us in Japan and appropriate conditions are created so that we can offer it on the EU market in compliance with the law.<br \/>\nA manufacturer in Germany is therefore named.<\/p>\n<p>Manufacturer within the meaning of EU law: DerShogun, Andara GmbH, Brunnenweg 15, 64331 Weiterstadt, Germany, info@andara-gmbh.de<\/p>","protected":false},"excerpt":{"rendered":"<p>Bokken Saya in japanischer Qualit\u00e4t passend f\u00fcr die Trainingsschwerter aus Holz aus unserem Programm. Diese robuste Ausf\u00fchrung einer Trainingssaya f\u00fcr Bokken (auch als Bokuto bekannt) ist ein zuverl\u00e4ssiger Begleiter f\u00fcr das regelm\u00e4\u00dfige Training. Die Schwertscheide ist stabil genug, um alle Bewegungen auszuf\u00fchren, die im Zuge des Trainings einer japanischen Schwertkunst trainiert werden. Durch das enthaltene [&hellip;]<\/p>\n","protected":false},"featured_media":3221,"comment_status":"open","ping_status":"closed","template":"","meta":{"_acf_changed":false},"product_brand":[],"product_cat":[48],"product_tag":[],"class_list":{"0":"post-1619","1":"product","2":"type-product","3":"status-publish","4":"has-post-thumbnail","6":"product_cat-bokken-holzschwert-japan-budo-samurai-schwert","8":"first","9":"instock","10":"taxable","11":"shipping-taxable","12":"purchasable","13":"product-type-simple"},"acf":[],"_links":{"self":[{"href":"https:\/\/japan-budo.com\/en\/wp-json\/wp\/v2\/product\/1619","targetHints":{"allow":["GET"]}}],"collection":[{"href":"https:\/\/japan-budo.com\/en\/wp-json\/wp\/v2\/product"}],"about":[{"href":"https:\/\/japan-budo.com\/en\/wp-json\/wp\/v2\/types\/product"}],"replies":[{"embeddable":true,"href":"https:\/\/japan-budo.com\/en\/wp-json\/wp\/v2\/comments?post=1619"}],"wp:featuredmedia":[{"embeddable":true,"href":"https:\/\/japan-budo.com\/en\/wp-json\/wp\/v2\/media\/3221"}],"wp:attachment":[{"href":"https:\/\/japan-budo.com\/en\/wp-json\/wp\/v2\/media?parent=1619"}],"wp:term":[{"taxonomy":"product_brand","embeddable":true,"href":"https:\/\/japan-budo.com\/en\/wp-json\/wp\/v2\/product_brand?post=1619"},{"taxonomy":"product_cat","embeddable":true,"href":"https:\/\/japan-budo.com\/en\/wp-json\/wp\/v2\/product_cat?post=1619"},{"taxonomy":"product_tag","embeddable":true,"href":"https:\/\/japan-budo.com\/en\/wp-json\/wp\/v2\/product_tag?post=1619"}],"curies":[{"name":"wp","href":"https:\/\/api.w.org\/{rel}","templated":true}]}}