{"id":3002,"date":"2024-05-24T12:04:52","date_gmt":"2024-05-24T10:04:52","guid":{"rendered":"https:\/\/japan-budo.com\/unkategorisiert\/fusahimo-kordel-fuer-schwertbeutel\/"},"modified":"2026-03-19T14:13:11","modified_gmt":"2026-03-19T13:13:11","slug":"fusahimo-cord-for-sword-bag","status":"publish","type":"product","link":"https:\/\/japan-budo.com\/en\/katana-accessories-care-presentation\/sword-bags-sword-pouch-katana-bokken-sword\/fusahimo-cord-for-sword-bag\/","title":{"rendered":"Fusahimo cord for sword bag"},"content":{"rendered":"<p>Fusahimo cord from Japan for sword pouches.<\/p>\n<p>The strap can be detached and replaced on high-quality Japanese sword pouches. This small detail has an incredible effect on the overall look of the sword pouch.<\/p>\n<p>The synthetic fibre material is robust and durable. The end knots are neatly tied and visually of the highest standard.<\/p>\n<p>The length of the strap fits sword pouches for katana and wakizashi.<\/p>\n<p>This product originates from Japan. As there must be a contact person within the EU for safety issues under current EU law, we offer it under our EU brand in order to fulfil the requirements. To this end, it is produced specifically for us in Japan and appropriate conditions are created so that we can offer it on the EU market in compliance with the law.<br \/>\nA manufacturer in Germany is therefore named.<\/p>\n<p>Manufacturer within the meaning of EU law: DerShogun, Andara GmbH, Brunnenweg 15, 64331 Weiterstadt, Germany, info@andara-gmbh.de<\/p>","protected":false},"excerpt":{"rendered":"<p>Fusahimo Kordel aus Japan f\u00fcr Schwertbeutel. Das Band kann an hochwertigen, japanischen Schwertbeuteln gel\u00f6st und ausgetauscht werden. Dieses kleine Detail hat eine unglaubliche Auswirkung auf die Gesamtoptik des Schwertbeutels. Das Material aus Kunstfaser ist robust und langlebig. Die Endknoten sind sauber gebunden und optisch auf h\u00f6chstem Niveau. Die L\u00e4nge des Bandes passt f\u00fcr Schwertbeutel f\u00fcr [&hellip;]<\/p>\n","protected":false},"featured_media":3001,"comment_status":"open","ping_status":"closed","template":"","meta":{"_acf_changed":false},"product_brand":[],"product_cat":[54],"product_tag":[92,173,172,116,174,175,165],"class_list":{"0":"post-3002","1":"product","2":"type-product","3":"status-publish","4":"has-post-thumbnail","6":"product_cat-schwerttaschen-schwertbeutel-katana-bokken-schwert","7":"product_tag-aus","8":"product_tag-baendel","9":"product_tag-bendel","10":"product_tag-japan","11":"product_tag-japanische","12":"product_tag-japanischer","13":"product_tag-schwerttasche","14":"product_shipping_class-debrief145","16":"first","17":"onbackorder","18":"taxable","19":"shipping-taxable","20":"purchasable","21":"product-type-variable"},"acf":[],"_links":{"self":[{"href":"https:\/\/japan-budo.com\/en\/wp-json\/wp\/v2\/product\/3002","targetHints":{"allow":["GET"]}}],"collection":[{"href":"https:\/\/japan-budo.com\/en\/wp-json\/wp\/v2\/product"}],"about":[{"href":"https:\/\/japan-budo.com\/en\/wp-json\/wp\/v2\/types\/product"}],"replies":[{"embeddable":true,"href":"https:\/\/japan-budo.com\/en\/wp-json\/wp\/v2\/comments?post=3002"}],"wp:featuredmedia":[{"embeddable":true,"href":"https:\/\/japan-budo.com\/en\/wp-json\/wp\/v2\/media\/3001"}],"wp:attachment":[{"href":"https:\/\/japan-budo.com\/en\/wp-json\/wp\/v2\/media?parent=3002"}],"wp:term":[{"taxonomy":"product_brand","embeddable":true,"href":"https:\/\/japan-budo.com\/en\/wp-json\/wp\/v2\/product_brand?post=3002"},{"taxonomy":"product_cat","embeddable":true,"href":"https:\/\/japan-budo.com\/en\/wp-json\/wp\/v2\/product_cat?post=3002"},{"taxonomy":"product_tag","embeddable":true,"href":"https:\/\/japan-budo.com\/en\/wp-json\/wp\/v2\/product_tag?post=3002"}],"curies":[{"name":"wp","href":"https:\/\/api.w.org\/{rel}","templated":true}]}}