{"id":3361,"date":"2024-09-30T16:09:01","date_gmt":"2024-09-30T14:09:01","guid":{"rendered":"https:\/\/japan-budo.com\/unkategorisiert\/kamelien-pflegeoel-aus-japan-fuer-bokken-und-andere-holzwaffen\/"},"modified":"2025-11-07T08:56:07","modified_gmt":"2025-11-07T07:56:07","slug":"camellia-care-oil-from-japan-for-bokken-and-other-wooden-weapons","status":"publish","type":"product","link":"https:\/\/japan-budo.com\/en\/bokken-wooden-sword-japan-budo-samurai-sword\/camellia-care-oil-from-japan-for-bokken-and-other-wooden-weapons\/","title":{"rendered":"Camellia care oil from Japan for bokken and other wooden weapons"},"content":{"rendered":"<p><b>Product features:<\/b><br \/>\n- Camellia oil for wood care<br \/>\n- Made in Japan<br \/>\n- Ideal for the care of wooden weapons<br \/>\n- Very economical<br \/>\n- Extends the service life of wood<\/p>\n<p><b>Product description:<\/b><br \/>\nWood care oil from Japan. Camellia oil has been used there for centuries to protect wood.<\/p>\n<p>Perfectly suited for the care of wooden weapons for Japanese martial arts. The bottle contains 50ml. As the oil is very economical, the quantity is sufficient for up to 30 care applications.<\/p>\n<p>With appropriate care, the durability and resistance of wood can be significantly increased.<\/p>\n<p>This product originates from Japan. As there must be a contact person within the EU for safety issues under current EU law, we offer it under our EU brand in order to fulfil the requirements. To this end, it is produced specifically for us in Japan and appropriate conditions are created so that we can offer it on the EU market in compliance with the law.<br \/>\nA manufacturer in Germany is therefore named.<\/p>\n<p>Manufacturer within the meaning of EU law: DerShogun, Andara GmbH, Brunnenweg 15, 64331 Weiterstadt, Germany, info@andara-gmbh.de<\/p>","protected":false},"excerpt":{"rendered":"<p>Produktmerkmale: &#8211; Kamelien\u00f6l f\u00fcr Holzpflege &#8211; Hergestellt in Japan &#8211; Optimal f\u00fcr die Pflege von Holzwaffen &#8211; Sehr ergiebig &#8211; Verl\u00e4ngert die Lebensdauer von Holz Produktbeschreibung: Holzpflege\u00f6l aus Japan. Kamelien\u00f6l wird dort seit Jahrhunderten f\u00fcr den Schutz von Holz eingesetzt. Perfekt geeignet f\u00fcr die Pflege von Holzwaffen f\u00fcr japanische Kampfkunst. Die Flasche enth\u00e4lt 50ml. Da [&hellip;]<\/p>\n","protected":false},"featured_media":3360,"comment_status":"open","ping_status":"closed","template":"","meta":{"_acf_changed":false},"product_brand":[],"product_cat":[48],"product_tag":[198,116,122,123,199],"class_list":{"0":"post-3361","1":"product","2":"type-product","3":"status-publish","4":"has-post-thumbnail","6":"product_cat-bokken-holzschwert-japan-budo-samurai-schwert","7":"product_tag-holzpflege","8":"product_tag-japan","9":"product_tag-oel","10":"product_tag-pflege","11":"product_tag-tsubaki-yu","12":"product_shipping_class-debrief145","14":"first","15":"outofstock","16":"taxable","17":"shipping-taxable","18":"purchasable","19":"product-type-simple"},"acf":[],"_links":{"self":[{"href":"https:\/\/japan-budo.com\/en\/wp-json\/wp\/v2\/product\/3361","targetHints":{"allow":["GET"]}}],"collection":[{"href":"https:\/\/japan-budo.com\/en\/wp-json\/wp\/v2\/product"}],"about":[{"href":"https:\/\/japan-budo.com\/en\/wp-json\/wp\/v2\/types\/product"}],"replies":[{"embeddable":true,"href":"https:\/\/japan-budo.com\/en\/wp-json\/wp\/v2\/comments?post=3361"}],"wp:featuredmedia":[{"embeddable":true,"href":"https:\/\/japan-budo.com\/en\/wp-json\/wp\/v2\/media\/3360"}],"wp:attachment":[{"href":"https:\/\/japan-budo.com\/en\/wp-json\/wp\/v2\/media?parent=3361"}],"wp:term":[{"taxonomy":"product_brand","embeddable":true,"href":"https:\/\/japan-budo.com\/en\/wp-json\/wp\/v2\/product_brand?post=3361"},{"taxonomy":"product_cat","embeddable":true,"href":"https:\/\/japan-budo.com\/en\/wp-json\/wp\/v2\/product_cat?post=3361"},{"taxonomy":"product_tag","embeddable":true,"href":"https:\/\/japan-budo.com\/en\/wp-json\/wp\/v2\/product_tag?post=3361"}],"curies":[{"name":"wp","href":"https:\/\/api.w.org\/{rel}","templated":true}]}}