{"id":4675,"date":"2025-03-19T11:36:14","date_gmt":"2025-03-19T10:36:14","guid":{"rendered":"https:\/\/japan-budo.com\/unkategorisiert\/akagashi-bokken-kenmine-aus-japan-mit-hohlkehle\/"},"modified":"2026-01-26T08:33:19","modified_gmt":"2026-01-26T07:33:19","slug":"akagashi-bokken-kenmine-from-japan-with-hollow-groove","status":"publish","type":"product","link":"https:\/\/japan-budo.com\/en\/bokken-wooden-sword-japan-budo-samurai-sword\/akagashi-bokken-kenmine-from-japan-with-hollow-groove\/","title":{"rendered":"Akagashi Bokken Kenmine from Japan with hollow groove"},"content":{"rendered":"<p><b>Product features:<\/b><br \/>\n- High-quality Hokkaido oak<br \/>\n- Red oak (Akagashi)<br \/>\n- Very robust<br \/>\n- With groove for tachikaze<br \/>\n- Length: 101.5 cm, weight approx. 460 grams<\/p>\n<p><b>Product description:<\/b><br \/>\nJapanese bokken made of red oak with additional groove.<\/p>\n<p>Made by leading craftsmen in Japan, this exclusive Akagashi bokken provides a special training experience.<br \/>\nThanks to the moulded groove, the training sword offers a tachikaze, similar to a sword with a metal blade.<\/p>\n<p>Length 101.5 cm with a weight of approx. 460 grams.<\/p>\n<p>This bokuto has a spine ridge, which may require adjustment of these elements when used with tsuba and plastic saya.<\/p>\n<p>This product originates from Japan. As there must be a contact person within the EU for safety issues under current EU law, we offer it under our EU brand in order to fulfil the requirements. To this end, it is produced specifically for us in Japan and appropriate conditions are created so that we can offer it on the EU market in compliance with the law.<br \/>\nA manufacturer in Germany is therefore named.<\/p>\n<p>Manufacturer within the meaning of EU law: DerShogun, Andara GmbH, Brunnenweg 15, 64331 Weiterstadt, Germany, info@andara-gmbh.de<\/p>","protected":false},"excerpt":{"rendered":"<p>Produktmerkmale: &#8211; Hochwertige Hokkaido Eiche &#8211; Roteiche (Akagashi) &#8211; Sehr robust &#8211; Mit Hohlkehle f\u00fcr Tachikaze &#8211; L\u00e4nge: 101.5 cm, Gewicht ca. 460 Gramm Produktbeschreibung: Japanisches Bokken aus roter Eiche mit zus\u00e4tzlicher Hohlkehle. Hergestellt von f\u00fchrenden Handwerkern in Japan liefert dieses exklusive Bokken aus Akagashi ein besonderes Trainingserlebnis. Durch die eingearbeitete Hohlkehle bietet das Trainingsschwert [&hellip;]<\/p>\n","protected":false},"featured_media":4674,"comment_status":"open","ping_status":"closed","template":"","meta":{"_acf_changed":false},"product_brand":[],"product_cat":[48],"product_tag":[231,232,233,212],"class_list":{"0":"post-4675","1":"product","2":"type-product","3":"status-publish","4":"has-post-thumbnail","6":"product_cat-bokken-holzschwert-japan-budo-samurai-schwert","7":"product_tag-holzschwert","8":"product_tag-kendo","9":"product_tag-kenjutsu","10":"product_tag-trainingsschwert","11":"product_shipping_class-debrief145","13":"first","14":"instock","15":"taxable","16":"shipping-taxable","17":"purchasable","18":"product-type-simple"},"acf":[],"_links":{"self":[{"href":"https:\/\/japan-budo.com\/en\/wp-json\/wp\/v2\/product\/4675","targetHints":{"allow":["GET"]}}],"collection":[{"href":"https:\/\/japan-budo.com\/en\/wp-json\/wp\/v2\/product"}],"about":[{"href":"https:\/\/japan-budo.com\/en\/wp-json\/wp\/v2\/types\/product"}],"replies":[{"embeddable":true,"href":"https:\/\/japan-budo.com\/en\/wp-json\/wp\/v2\/comments?post=4675"}],"wp:featuredmedia":[{"embeddable":true,"href":"https:\/\/japan-budo.com\/en\/wp-json\/wp\/v2\/media\/4674"}],"wp:attachment":[{"href":"https:\/\/japan-budo.com\/en\/wp-json\/wp\/v2\/media?parent=4675"}],"wp:term":[{"taxonomy":"product_brand","embeddable":true,"href":"https:\/\/japan-budo.com\/en\/wp-json\/wp\/v2\/product_brand?post=4675"},{"taxonomy":"product_cat","embeddable":true,"href":"https:\/\/japan-budo.com\/en\/wp-json\/wp\/v2\/product_cat?post=4675"},{"taxonomy":"product_tag","embeddable":true,"href":"https:\/\/japan-budo.com\/en\/wp-json\/wp\/v2\/product_tag?post=4675"}],"curies":[{"name":"wp","href":"https:\/\/api.w.org\/{rel}","templated":true}]}}