{"id":4680,"date":"2025-03-19T11:36:19","date_gmt":"2025-03-19T10:36:19","guid":{"rendered":"https:\/\/japan-budo.com\/unkategorisiert\/suburi-bokken-aus-japan-mit-mehr-als-800g-gewicht\/"},"modified":"2025-12-12T21:27:44","modified_gmt":"2025-12-12T20:27:44","slug":"suburi-bokken-from-japan-with-more-than-800g-weight","status":"publish","type":"product","link":"https:\/\/japan-budo.com\/en\/bokken-wooden-sword-japan-budo-samurai-sword\/suburi-bokken-from-japan-with-more-than-800g-weight\/","title":{"rendered":"Suburi Bokken from Japan with more than 800g weight"},"content":{"rendered":"<p><b>Product features:<\/b><br \/>- Special training sword also known as Suburito<br \/>- With high weight<br \/>- For strengthening exercises<br \/>- Weight over 800 grams<br \/>- Length 106cm<\/p>\n<p><b>Product description:<\/b><br \/>Extra heavy bokken from Japan for strengthening exercises.<\/p>\n<p>This type of training sword (called Suburi Bokken or Suburito) is more massive than normal Bokken and is specially designed for strengthening exercises. The bokken weighs approx. 870 grams and has a total length of 106 cm.<\/p>\n<p>It is a high-quality product made of red oak from the forests of Hokkaido. Ideal for build-up training.<\/p>\n<p>This product originates from Japan. As there must be a contact person within the EU for safety issues under current EU law, we offer it under our EU brand in order to fulfil the requirements. To this end, it is produced specifically for us in Japan and appropriate conditions are created so that we can offer it on the EU market in compliance with the law.<br \/>\nA manufacturer in Germany is therefore named.<\/p>\n<p>Manufacturer within the meaning of EU law: DerShogun, Andara GmbH, Brunnenweg 15, 64331 Weiterstadt, Germany, info@andara-gmbh.de<\/p>","protected":false},"excerpt":{"rendered":"<p>Produktmerkmale:&#8211; Spezielles Trainingsschwert auch bekannt als Suburito&#8211; Mit hohem Gewicht&#8211; F\u00fcr Kr\u00e4ftigungs\u00fcbungen&#8211; Gewicht \u00fcber 800 Gramm&#8211; L\u00e4nge 106cm Produktbeschreibung:Extra schweres Bokken aus Japan f\u00fcr Kr\u00e4ftigungs\u00fcbungen. Diese Art des Trainingsschwertes (Suburi Bokken oder Suburito genannt) ist massiver als normale Bokken und extra f\u00fcr Kr\u00e4ftigungs\u00fcbungen gedacht. Das Bokken hat ein Gewicht von ca. 870 Gramm bei einer [&hellip;]<\/p>\n","protected":false},"featured_media":4679,"comment_status":"open","ping_status":"closed","template":"","meta":{"_acf_changed":false},"product_brand":[],"product_cat":[48],"product_tag":[231,232,233,212],"class_list":{"0":"post-4680","1":"product","2":"type-product","3":"status-publish","4":"has-post-thumbnail","6":"product_cat-bokken-holzschwert-japan-budo-samurai-schwert","7":"product_tag-holzschwert","8":"product_tag-kendo","9":"product_tag-kenjutsu","10":"product_tag-trainingsschwert","11":"product_shipping_class-debrief145","13":"first","14":"onbackorder","15":"taxable","16":"shipping-taxable","17":"purchasable","18":"product-type-simple"},"acf":[],"_links":{"self":[{"href":"https:\/\/japan-budo.com\/en\/wp-json\/wp\/v2\/product\/4680","targetHints":{"allow":["GET"]}}],"collection":[{"href":"https:\/\/japan-budo.com\/en\/wp-json\/wp\/v2\/product"}],"about":[{"href":"https:\/\/japan-budo.com\/en\/wp-json\/wp\/v2\/types\/product"}],"replies":[{"embeddable":true,"href":"https:\/\/japan-budo.com\/en\/wp-json\/wp\/v2\/comments?post=4680"}],"wp:featuredmedia":[{"embeddable":true,"href":"https:\/\/japan-budo.com\/en\/wp-json\/wp\/v2\/media\/4679"}],"wp:attachment":[{"href":"https:\/\/japan-budo.com\/en\/wp-json\/wp\/v2\/media?parent=4680"}],"wp:term":[{"taxonomy":"product_brand","embeddable":true,"href":"https:\/\/japan-budo.com\/en\/wp-json\/wp\/v2\/product_brand?post=4680"},{"taxonomy":"product_cat","embeddable":true,"href":"https:\/\/japan-budo.com\/en\/wp-json\/wp\/v2\/product_cat?post=4680"},{"taxonomy":"product_tag","embeddable":true,"href":"https:\/\/japan-budo.com\/en\/wp-json\/wp\/v2\/product_tag?post=4680"}],"curies":[{"name":"wp","href":"https:\/\/api.w.org\/{rel}","templated":true}]}}