{"id":5056,"date":"2025-06-03T09:30:16","date_gmt":"2025-06-03T07:30:16","guid":{"rendered":"https:\/\/japan-budo.com\/?post_type=product&#038;p=5056"},"modified":"2026-01-13T12:39:57","modified_gmt":"2026-01-13T11:39:57","slug":"katana-nihonto-by-kuniyoshi-nagasa-70-4cm-2-32-shaku-in-the-style-of-awataguchi-kuniyoshi","status":"publish","type":"product","link":"https:\/\/japan-budo.com\/en\/nihonto-gendaito-shinken-iai-tameshigiri\/katana-nihonto-by-kuniyoshi-nagasa-70-4cm-2-32-shaku-in-the-style-of-awataguchi-kuniyoshi\/","title":{"rendered":"Katana Nihonto by Kuniyoshi - Nagasa 70.4cm - 2.32 Shaku - In the style of Awataguchi Kuniyoshi"},"content":{"rendered":"<p>Nihonto - Kuniyoshi<\/p>\n<p>Katana Mei (signature):<br \/>\nOmote side: \u56fd\u5409\u4f5c (Made by Kuniyoshi)<br \/>\nUra page: \u662d\u548c\u4e94\u5341\u56db\u5e74\u4e94\u6708\u65e5 (In May Showa 54 (1979))<\/p>\n<p>Information about the blacksmith:<br \/>\nName: Futakami Kuniyoshi<br \/>\nReal name: Futakami Hisashi<\/p>\n<p>Master Kuniyoshi was born in the year Sh\u014dwa 3 (1928). He was the son of master blacksmith Shuro Yoshinobu and lived in Aomori Prefecture.<br \/>\nThe blacksmith was a member of the well-known All Japan Swordsmith Association (AJSA) and his work was honoured many times.<\/p>\n<p>Information about the blade:<br \/>\nNagasa (blade length): 70.4 cm<br \/>\nSori (blade curvature): 2.1 cm<br \/>\nMotohaba: 31.6 mm<br \/>\nMotokasane: 7.6 mm<br \/>\nSakihaba: 21.2 mm<br \/>\nSakikasane: 3.16 mm<br \/>\nWeight without saya: 926 g<\/p>\n<p>The blade was forged in 1979.<\/p>\n<p>This sword is a masterly replica of a sword by Awataguchi Kuniyoshi from the Kamakura period. The elegant shape shows the typical silhouette of Awataguchi, with a clear difference between the width at the base and at the tip of the blade. The steel structure (Jigane) is made of finely patterned Ko-itame-Hada, carefully forged, which authentically reflects the high quality of Awataguchi steel.<br \/>\nThe hamon (hardening line) shows a straight pattern with nioi (fine hardening line) and nie (crystalline inclusions), in the style of Awataguchi Kuniyoshi. It is deeply burnt and shows active elements within the hardening line (hataraki), including ashi (harder areas that protrude into the soft zone).<br \/>\nThe flavour is excellent.<\/p>\n<p>This sword is currently still in Japan. We take over the complete handling (all associated costs are already included in the offered price).<\/p>","protected":false},"excerpt":{"rendered":"<p>Nihonto \u2013 Kuniyoshi Katana Mei (Signatur): Omote-Seite: \u56fd\u5409\u4f5c (Gefertigt von Kuniyoshi) Ura-Seite: \u662d\u548c\u4e94\u5341\u56db\u5e74\u4e94\u6708\u65e5 (Im Mai Showa 54 (1979)) Informationen \u00fcber den Schmied: Name: Futakami Kuniyoshi B\u00fcrgerlicher Name: Futakami Hisashi Meister Kuniyoshi wurde im Jahr Sh\u014dwa 3 (1928) geboren. Er warder Sohn des Meisterschmieds Shuro Yoshinobu und lebte in der Pr\u00e4fektur Aomori. Der Schmied war ein [&hellip;]<\/p>\n","protected":false},"featured_media":5057,"comment_status":"open","ping_status":"closed","template":"","meta":{"_acf_changed":false},"product_brand":[],"product_cat":[218],"product_tag":[],"class_list":{"0":"post-5056","1":"product","2":"type-product","3":"status-publish","4":"has-post-thumbnail","6":"product_cat-nihonto-gendaito-shinken-iai-tameshigiri","8":"first","9":"instock","10":"taxable","11":"shipping-taxable","12":"product-type-external"},"acf":[],"_links":{"self":[{"href":"https:\/\/japan-budo.com\/en\/wp-json\/wp\/v2\/product\/5056","targetHints":{"allow":["GET"]}}],"collection":[{"href":"https:\/\/japan-budo.com\/en\/wp-json\/wp\/v2\/product"}],"about":[{"href":"https:\/\/japan-budo.com\/en\/wp-json\/wp\/v2\/types\/product"}],"replies":[{"embeddable":true,"href":"https:\/\/japan-budo.com\/en\/wp-json\/wp\/v2\/comments?post=5056"}],"wp:featuredmedia":[{"embeddable":true,"href":"https:\/\/japan-budo.com\/en\/wp-json\/wp\/v2\/media\/5057"}],"wp:attachment":[{"href":"https:\/\/japan-budo.com\/en\/wp-json\/wp\/v2\/media?parent=5056"}],"wp:term":[{"taxonomy":"product_brand","embeddable":true,"href":"https:\/\/japan-budo.com\/en\/wp-json\/wp\/v2\/product_brand?post=5056"},{"taxonomy":"product_cat","embeddable":true,"href":"https:\/\/japan-budo.com\/en\/wp-json\/wp\/v2\/product_cat?post=5056"},{"taxonomy":"product_tag","embeddable":true,"href":"https:\/\/japan-budo.com\/en\/wp-json\/wp\/v2\/product_tag?post=5056"}],"curies":[{"name":"wp","href":"https:\/\/api.w.org\/{rel}","templated":true}]}}