{"id":5315,"date":"2025-06-30T14:09:33","date_gmt":"2025-06-30T12:09:33","guid":{"rendered":"https:\/\/japan-budo.com\/unkategorisiert\/bokken-tsuba-fuer-shoto\/"},"modified":"2026-01-05T15:15:25","modified_gmt":"2026-01-05T14:15:25","slug":"bokken-tsuba-for-shoto","status":"publish","type":"product","link":"https:\/\/japan-budo.com\/en\/bokken-wooden-sword-japan-budo-samurai-sword\/bokken-tsuba-for-shoto\/","title":{"rendered":"Bokken Tsuba for Shoto"},"content":{"rendered":"<p>Plastic tsuba with tsuba dome. The hand guard for wooden training swords, which are known by the Japanese terms bokken and bokuto.<\/p>\n<p>This one is intended for short swords (Shoto). The outer dimensions are approx. 7.8 cm x 7.2 cm, the cut-out in the centre is suitable for normal standard shoto bokuto from Japan. However, it can also be customised later if required.<\/p>\n<p>This product originates from Japan. As there must be a contact person within the EU for safety issues under current EU law, we offer it under our EU brand in order to fulfil the requirements. To this end, it is produced specifically for us in Japan and appropriate conditions are created so that we can offer it on the EU market in compliance with the law.<br \/>A manufacturer in Germany is therefore named.<\/p>\n<p>Manufacturer within the meaning of EU law: DerShogun, Andara GmbH, Brunnenweg 15, 64331 Weiterstadt, Germany, info@andara-gmbh.de<\/p>","protected":false},"excerpt":{"rendered":"<p>Kunststoff Tsuba mit Tsuba Dome. Der Handschutz f\u00fcr Trainingsschwerter aus Holz, die unter den japanischen Begriffen Bokken und Bokuto bekannt sind. Dieses Exemplar ist f\u00fcr Kurzschwerter (Shoto) gedacht. Die Au\u00dfenma\u00dfe betragen ca. 7,8 cm x 7,2 cm, der Ausschnitt in der Mitte ist passend f\u00fcr normale Standard-Shoto-Bokuto aus Japan. Er kann bei Bedarf aber auch [&hellip;]<\/p>\n","protected":false},"featured_media":5314,"comment_status":"open","ping_status":"closed","template":"","meta":{"_acf_changed":false},"product_brand":[],"product_cat":[48],"product_tag":[219,254,255],"class_list":{"0":"post-5315","1":"product","2":"type-product","3":"status-publish","4":"has-post-thumbnail","6":"product_cat-bokken-holzschwert-japan-budo-samurai-schwert","7":"product_tag-bokuto","8":"product_tag-kurzschwert","9":"product_tag-stichblatt","10":"product_shipping_class-debrief145","12":"first","13":"instock","14":"taxable","15":"shipping-taxable","16":"purchasable","17":"product-type-simple"},"acf":[],"_links":{"self":[{"href":"https:\/\/japan-budo.com\/en\/wp-json\/wp\/v2\/product\/5315","targetHints":{"allow":["GET"]}}],"collection":[{"href":"https:\/\/japan-budo.com\/en\/wp-json\/wp\/v2\/product"}],"about":[{"href":"https:\/\/japan-budo.com\/en\/wp-json\/wp\/v2\/types\/product"}],"replies":[{"embeddable":true,"href":"https:\/\/japan-budo.com\/en\/wp-json\/wp\/v2\/comments?post=5315"}],"wp:featuredmedia":[{"embeddable":true,"href":"https:\/\/japan-budo.com\/en\/wp-json\/wp\/v2\/media\/5314"}],"wp:attachment":[{"href":"https:\/\/japan-budo.com\/en\/wp-json\/wp\/v2\/media?parent=5315"}],"wp:term":[{"taxonomy":"product_brand","embeddable":true,"href":"https:\/\/japan-budo.com\/en\/wp-json\/wp\/v2\/product_brand?post=5315"},{"taxonomy":"product_cat","embeddable":true,"href":"https:\/\/japan-budo.com\/en\/wp-json\/wp\/v2\/product_cat?post=5315"},{"taxonomy":"product_tag","embeddable":true,"href":"https:\/\/japan-budo.com\/en\/wp-json\/wp\/v2\/product_tag?post=5315"}],"curies":[{"name":"wp","href":"https:\/\/api.w.org\/{rel}","templated":true}]}}