{"id":5479,"date":"2025-08-13T21:44:51","date_gmt":"2025-08-13T19:44:51","guid":{"rendered":"https:\/\/japan-budo.com\/?post_type=product&#038;p=5479"},"modified":"2026-02-02T20:23:35","modified_gmt":"2026-02-02T19:23:35","slug":"real-katana-from-japan-by-kanefusa-25-generation-nagasa-73-3cm-2-42-shaku","status":"publish","type":"product","link":"https:\/\/japan-budo.com\/en\/nihonto-gendaito-shinken-iai-tameshigiri\/real-katana-from-japan-by-kanefusa-25-generation-nagasa-73-3cm-2-42-shaku\/","title":{"rendered":"Genuine Katana from Japan by Kanefusa (25th generation) - Nagasa 73.3cm - 2.42 Shaku"},"content":{"rendered":"<p>Nihonto - Kanefusa (25th generation)<\/p>\n<p>Katana Mei (signature):<br \/>\nOmote side: \u85e4\u539f\u517c\u623f\u4f5c (Made by Fujiwara Kanefusa)<br \/>\nUra side: \u662d\u548c\u4e59\u4e11\u5e74\u5409\u65e5 (On an auspicious day in the year Sh\u014dwa 60 (1985))<\/p>\n<p>Information about the blacksmith:<br \/>\nName: Kanefusa<br \/>\nReal name: Kato Katsuo<br \/>\nSon of: Kanefusa, 24th generation<\/p>\n<p>The maker of this sword was born on 7 January 1957 in the city of Seki, Gifu Prefecture (formerly Mino).<br \/>\nIn 1975, he became a student of the famous blacksmith Gassan Sadakazu (II), who held the status of Mukansa and had the title of \"Living National Treasure\".<br \/>\nIn 1983 he became a pupil of his father, the 24th Fujiwara Kanefusa.<br \/>\nIn 1984, he opened his own forge and adopted the name Kanefusa for the 25th generation.<\/p>\n<p>As a blacksmith, he has already received numerous awards, including the 1x Kunzan Award, 2x Excellence Award, 8x Effort Award and 8x Selection Award.<\/p>\n<p>Kanefusa has been involved internationally and nationally and is therefore known worldwide:<br \/>\nIn 1982 he accompanied Master Gassan to the exhibition \"Living National Treasures\" at the Museum of Fine Arts in Boston.<br \/>\nHis swords have been exhibited in Moscow and St Petersburg every year since 2004.<br \/>\nIn October 2004, he gave demonstrations of Japanese swordsmithing in Cologne and Munich.<br \/>\nIn 2007\/08, King Hussein of Jordan was presented with a total of seven swords.<\/p>\n<p>In 2005, he made a short sword for the imperial family, which was donated to the Meiji Shrine.<\/p>\n<p>In addition to his excellent reputation as a blacksmith, he also held numerous offices within Japanese sword organisations:<br \/>\nFormer Executive Director of the All Japan Swordsmith Association, former Auditor of the Sanshokai of the Japanese Art Sword Preservation Association, former Vice President of the Sekiden Technique Preservation Society and former President of the Sekiden Swordsmith Association.<\/p>\n<p>Information about the blade:<br \/>\nNagasa (blade length): 73.3 cm<br \/>\nSori (blade curvature): 1.7 cm<br \/>\nMotohaba: 31.8 mm<br \/>\nMotokasane: 5.5 mm<br \/>\nSakihaba: 23.1 mm<br \/>\nSakikasane: 3.5 mm<br \/>\nWeight without saya: 920 g<\/p>\n<p>The blade was forged in 1985.<\/p>\n<p>This sword has been used in Japan for practising swordsmanship. We offer it for a comparatively affordable price so that you can use an authentic Japanese sword for your training. Swords that are used develop typical symptoms over time, such as minimal play between the handle and the other attachments. Sooner or later, these will also occur during your own training anyway, so they are not a problem.<\/p>\n<p>This sword is currently still in Japan. We take over the complete handling (all associated costs are already included in the offered price).<\/p>","protected":false},"excerpt":{"rendered":"<p>Nihonto \u2013 Kanefusa (25. Generation) Katana Mei (Signatur): Omote-Seite: \u85e4\u539f\u517c\u623f\u4f5c (Gefertigt von Fujiwara Kanefusa) Ura-Seite: \u662d\u548c\u4e59\u4e11\u5e74\u5409\u65e5 (An einem gl\u00fcckverhei\u00dfenden Tag im Jahr Sh\u014dwa 60 (1985)) Informationen \u00fcber den Schmied: Name: Kanefusa B\u00fcrgerlicher Name: Kato Katsuo Sohn von: Kanefusa, 24. Generation Der Macher dieses Schwertes ist am 7. Januar 1957 geboren in der Stadt Seki, Pr\u00e4fektur [&hellip;]<\/p>\n","protected":false},"featured_media":4983,"comment_status":"open","ping_status":"closed","template":"","meta":{"_acf_changed":false},"product_brand":[],"product_cat":[218],"product_tag":[],"class_list":{"0":"post-5479","1":"product","2":"type-product","3":"status-publish","4":"has-post-thumbnail","6":"product_cat-nihonto-gendaito-shinken-iai-tameshigiri","8":"first","9":"instock","10":"taxable","11":"shipping-taxable","12":"product-type-external"},"acf":[],"_links":{"self":[{"href":"https:\/\/japan-budo.com\/en\/wp-json\/wp\/v2\/product\/5479","targetHints":{"allow":["GET"]}}],"collection":[{"href":"https:\/\/japan-budo.com\/en\/wp-json\/wp\/v2\/product"}],"about":[{"href":"https:\/\/japan-budo.com\/en\/wp-json\/wp\/v2\/types\/product"}],"replies":[{"embeddable":true,"href":"https:\/\/japan-budo.com\/en\/wp-json\/wp\/v2\/comments?post=5479"}],"wp:featuredmedia":[{"embeddable":true,"href":"https:\/\/japan-budo.com\/en\/wp-json\/wp\/v2\/media\/4983"}],"wp:attachment":[{"href":"https:\/\/japan-budo.com\/en\/wp-json\/wp\/v2\/media?parent=5479"}],"wp:term":[{"taxonomy":"product_brand","embeddable":true,"href":"https:\/\/japan-budo.com\/en\/wp-json\/wp\/v2\/product_brand?post=5479"},{"taxonomy":"product_cat","embeddable":true,"href":"https:\/\/japan-budo.com\/en\/wp-json\/wp\/v2\/product_cat?post=5479"},{"taxonomy":"product_tag","embeddable":true,"href":"https:\/\/japan-budo.com\/en\/wp-json\/wp\/v2\/product_tag?post=5479"}],"curies":[{"name":"wp","href":"https:\/\/api.w.org\/{rel}","templated":true}]}}