{"id":5916,"date":"2026-01-12T21:04:40","date_gmt":"2026-01-12T20:04:40","guid":{"rendered":"https:\/\/japan-budo.com\/?post_type=product&#038;p=5916"},"modified":"2026-01-12T21:46:52","modified_gmt":"2026-01-12T20:46:52","slug":"katana-aus-japan-fuer-iaido-von-yoshinaga-hommage-an-kamakura-bizen-katayama-ichimonji-norifusa-nagasa-71-4cm-2-36-shaku","status":"publish","type":"product","link":"https:\/\/japan-budo.com\/en\/nihonto-gendaito-shinken-iai-tameshigiri\/katana-aus-japan-fuer-iaido-von-yoshinaga-hommage-an-kamakura-bizen-katayama-ichimonji-norifusa-nagasa-71-4cm-2-36-shaku\/","title":{"rendered":"Katana aus Japan f\u00fcr Iaido von Yoshinaga &#8211; Hommage an Kamakura Bizen Katayama Ichimonji Norifusa &#8211; Nagasa 71.4cm &#8211; 2.36 Shaku"},"content":{"rendered":"<p>Nihonto \u2013 Yoshinaga<\/p>\n<p>Katana Mei (signature):<br \/>\nOmote: \u5409\u6c38 (Yoshinaga)<br \/>\nUra: \u662d\u548c\u4e94\u5341\u4e5d\u5e74\u4e8c\u6708\u65e5 (An einem Tag im Februar des Jahres der Sh\u014dwa 59 (1984))<\/p>\n<p>Information about the blacksmith:<br \/>\nName: Yoshinaga<br \/>\nB\u00fcrgerlicher Name: Kobayashi Yoshira<\/p>\n<p>Meister Yoshinaga wurde im Jahr\u00a0im <b>Taish\u014d-Jahr 9 (1920) <\/b>geboren. Er war Sch\u00fcler des ber\u00fchmten <b>Yasukuni-Schwertschmieds Kanazaki Sukehisa<\/b> aus der Pr\u00e4fektur Tottori.<\/p>\n<p>Er war Mitglied der <b>All Japan Swordsmith Association<\/b> und seine Schmiedekunst wurde bei Wettbewerben mehrfach ausgezeichnet.<\/p>\n<p>Kobayashi Yoshinaga ist als moderner Schwertschmied ber\u00fchmt daf\u00fcr, dass er sich intensiv mit der <b>Rekonstruktion klassischer Meisterklingen<\/b> befasste und darin gro\u00dfe Erfolge erzielte. Das angebotene Schwerter fertigte er im Alter von 63 Jahren.<\/p>\n<p>Information about the blade:<br \/>\nNagasa (Klingenl\u00e4nge): 71.4 cm<br \/>\nSori (blade curvature): 1.7 cm<br \/>\nMotohaba: 33.2 mm<br \/>\nMotokasane: 7.0 mm<br \/>\nSakihaba: 22.9 mm<br \/>\nSakikasane: 4.7 mm<br \/>\nReines Gewicht der Klinge: 896 g<\/p>\n<p>Die Klinge wurde im Jahr 1984 geschmiedet.<\/p>\n<p>Sch\u00f6nes Werk, das sich an den Arbeiten des ber\u00fchmten Schmiedes <b>Katayama-Ichimonji-Norifusa <\/b>der<b> Bizen <\/b>Schmiede aus der<b> Kamakura-Zeit<\/b> orientiert.<\/p>\n<p>Damit ist es eine typische Arbeit des Meisters Yoshinaga.<\/p>\n<p>Das <b>Jigane<\/b> besteht aus fein verdichtetem <b>Ko-itame-Hada<\/b>, hell und sauber ausgeschmiedet. Die Klinge besitzt ein Bo-Hi, wodurch das Schwert leicht ist und eine<b> sehr gute Balance<\/b> besitzt.<\/p>\n<p>Das <b>Hamon<\/b> ist im Stil von Katayama Ichimonji Norifusa ausgef\u00fchrt: eine <b>nie-dominierte Struktur mit feinem Ko-nie<\/b>, ein <b>Gunome-Midare<\/b>. Innerhalb der Schneide erscheinen zahlreiche charakteristische <b>Mokume-Strukturen<\/b>, die der Klinge gro\u00dfe Lebendigkeit und Ausdruck verleihen.<\/p>\n<p>This sword is currently still in Japan. We take over the complete handling (all associated costs are already included in the offered price).<\/p>","protected":false},"excerpt":{"rendered":"<p>Nihonto \u2013 Yoshinaga Katana Mei (Signatur): Omote: \u5409\u6c38 (Yoshinaga) Ura: \u662d\u548c\u4e94\u5341\u4e5d\u5e74\u4e8c\u6708\u65e5 (An einem Tag im Februar des Jahres der Sh\u014dwa 59 (1984)) Informationen \u00fcber den Schmied: Name: Yoshinaga B\u00fcrgerlicher Name: Kobayashi Yoshira Meister Yoshinaga wurde im Jahr\u00a0im Taish\u014d-Jahr 9 (1920) geboren. Er war Sch\u00fcler des ber\u00fchmten Yasukuni-Schwertschmieds Kanazaki Sukehisa aus der Pr\u00e4fektur Tottori. Er war [&hellip;]<\/p>\n","protected":false},"featured_media":5939,"comment_status":"open","ping_status":"closed","template":"","meta":{"_acf_changed":false},"product_brand":[],"product_cat":[218],"product_tag":[],"class_list":{"0":"post-5916","1":"product","2":"type-product","3":"status-publish","4":"has-post-thumbnail","6":"product_cat-nihonto-gendaito-shinken-iai-tameshigiri","8":"first","9":"instock","10":"taxable","11":"shipping-taxable","12":"product-type-external"},"acf":[],"_links":{"self":[{"href":"https:\/\/japan-budo.com\/en\/wp-json\/wp\/v2\/product\/5916","targetHints":{"allow":["GET"]}}],"collection":[{"href":"https:\/\/japan-budo.com\/en\/wp-json\/wp\/v2\/product"}],"about":[{"href":"https:\/\/japan-budo.com\/en\/wp-json\/wp\/v2\/types\/product"}],"replies":[{"embeddable":true,"href":"https:\/\/japan-budo.com\/en\/wp-json\/wp\/v2\/comments?post=5916"}],"wp:featuredmedia":[{"embeddable":true,"href":"https:\/\/japan-budo.com\/en\/wp-json\/wp\/v2\/media\/5939"}],"wp:attachment":[{"href":"https:\/\/japan-budo.com\/en\/wp-json\/wp\/v2\/media?parent=5916"}],"wp:term":[{"taxonomy":"product_brand","embeddable":true,"href":"https:\/\/japan-budo.com\/en\/wp-json\/wp\/v2\/product_brand?post=5916"},{"taxonomy":"product_cat","embeddable":true,"href":"https:\/\/japan-budo.com\/en\/wp-json\/wp\/v2\/product_cat?post=5916"},{"taxonomy":"product_tag","embeddable":true,"href":"https:\/\/japan-budo.com\/en\/wp-json\/wp\/v2\/product_tag?post=5916"}],"curies":[{"name":"wp","href":"https:\/\/api.w.org\/{rel}","templated":true}]}}