{"id":6136,"date":"2026-05-13T11:50:51","date_gmt":"2026-05-13T09:50:51","guid":{"rendered":"https:\/\/japan-budo.com\/?post_type=product&#038;p=6136"},"modified":"2026-05-13T11:58:15","modified_gmt":"2026-05-13T09:58:15","slug":"laserbeschriftung-fuer-holz-und-schwertscheiden","status":"publish","type":"product","link":"https:\/\/japan-budo.com\/en\/service\/laserbeschriftung-fuer-holz-und-schwertscheiden\/","title":{"rendered":"Laserbeschriftung f\u00fcr Bokken, Iaito Saya und Tsubabox"},"content":{"rendered":"<p>Veredeln Sie Ihr Schwert oder Trainingsschwert mit einer individuellen Laserbeschriftung!<br \/>\nEgal ob asiatische Weisheit, der eigene Name oder der Name des Vereins. Es lassen sich Buchstaben, Schriftzeichen und einfache Motive umsetzen (die maximale Breite der Gravur betr\u00e4gt 18cm).<br \/>\nBitte schicken Sie uns nach dem Kauf eine Grafik mit dem Motiv, das gelasert werden soll.<\/p>\n<p>Dieser Service bietet sich an f\u00fcr die Individualisierung von Schwertscheiden und Bokken. Es k\u00f6nnen auch unsere Tsuba-Boxen beschriftet werden, damit ist von Au\u00dfen erkennbar, welches Exemplar sich in der Box befindet.<\/p>","protected":false},"excerpt":{"rendered":"<p>Veredeln Sie Ihr Schwert oder Trainingsschwert mit einer individuellen Laserbeschriftung! Egal ob asiatische Weisheit, der eigene Name oder der Name des Vereins. Es lassen sich Buchstaben, Schriftzeichen und einfache Motive umsetzen (die maximale Breite der Gravur betr\u00e4gt 18cm). Bitte schicken Sie uns nach dem Kauf eine Grafik mit dem Motiv, das gelasert werden soll. Dieser [&hellip;]<\/p>\n","protected":false},"featured_media":6137,"comment_status":"open","ping_status":"closed","template":"","meta":{"_acf_changed":false},"product_brand":[],"product_cat":[265],"product_tag":[],"class_list":{"0":"post-6136","1":"product","2":"type-product","3":"status-publish","4":"has-post-thumbnail","6":"product_cat-service","8":"first","9":"instock","10":"taxable","11":"shipping-taxable","12":"purchasable","13":"product-type-simple"},"acf":[],"_links":{"self":[{"href":"https:\/\/japan-budo.com\/en\/wp-json\/wp\/v2\/product\/6136","targetHints":{"allow":["GET"]}}],"collection":[{"href":"https:\/\/japan-budo.com\/en\/wp-json\/wp\/v2\/product"}],"about":[{"href":"https:\/\/japan-budo.com\/en\/wp-json\/wp\/v2\/types\/product"}],"replies":[{"embeddable":true,"href":"https:\/\/japan-budo.com\/en\/wp-json\/wp\/v2\/comments?post=6136"}],"wp:featuredmedia":[{"embeddable":true,"href":"https:\/\/japan-budo.com\/en\/wp-json\/wp\/v2\/media\/6137"}],"wp:attachment":[{"href":"https:\/\/japan-budo.com\/en\/wp-json\/wp\/v2\/media?parent=6136"}],"wp:term":[{"taxonomy":"product_brand","embeddable":true,"href":"https:\/\/japan-budo.com\/en\/wp-json\/wp\/v2\/product_brand?post=6136"},{"taxonomy":"product_cat","embeddable":true,"href":"https:\/\/japan-budo.com\/en\/wp-json\/wp\/v2\/product_cat?post=6136"},{"taxonomy":"product_tag","embeddable":true,"href":"https:\/\/japan-budo.com\/en\/wp-json\/wp\/v2\/product_tag?post=6136"}],"curies":[{"name":"wp","href":"https:\/\/api.w.org\/{rel}","templated":true}]}}