{"id":180,"date":"2024-02-08T20:29:35","date_gmt":"2024-02-08T19:29:35","guid":{"rendered":"https:\/\/japan-budo.com\/?page_id=180"},"modified":"2025-08-06T15:02:23","modified_gmt":"2025-08-06T13:02:23","slug":"meistae","status":"publish","type":"page","link":"https:\/\/japan-budo.com\/fi\/meistae\/","title":{"rendered":"Toimitamme laatua perinteisesti. Tervetuloa yritykseemme!"},"content":{"rendered":"<div data-elementor-type=\"wp-page\" data-elementor-id=\"180\" class=\"elementor elementor-180\" data-elementor-post-type=\"page\">\n\t\t\t\t<div class=\"elementor-element elementor-element-043f791 e-flex e-con-boxed e-con e-parent\" data-id=\"043f791\" data-element_type=\"container\" data-e-type=\"container\">\n\t\t\t\t\t<div class=\"e-con-inner\">\n\t\t\t\t<div class=\"elementor-element elementor-element-66ceb43 elementor-widget elementor-widget-heading\" data-id=\"66ceb43\" data-element_type=\"widget\" data-e-type=\"widget\" data-widget_type=\"heading.default\">\n\t\t\t\t<div class=\"elementor-widget-container\">\n\t\t\t\t\t<h2 class=\"elementor-heading-title elementor-size-default\"><h2>Japanin budon tarina<\/h2><\/h2>\t\t\t\t<\/div>\n\t\t\t\t<\/div>\n\t\t\t\t\t<\/div>\n\t\t\t\t<\/div>\n\t\t<div class=\"elementor-element elementor-element-6054b07 e-grid e-con-boxed e-con e-parent\" data-id=\"6054b07\" data-element_type=\"container\" data-e-type=\"container\">\n\t\t\t\t\t<div class=\"e-con-inner\">\n\t\t\t\t<div class=\"elementor-element elementor-element-807a343 elementor-widget elementor-widget-text-editor\" data-id=\"807a343\" data-element_type=\"widget\" data-e-type=\"widget\" data-widget_type=\"text-editor.default\">\n\t\t\t\t<div class=\"elementor-widget-container\">\n\t\t\t\t\t\t\t\t\t<p>Japanin budon historia alkoi yli 40 vuotta sitten.\u00a0<span style=\"text-align: var(--text-align);\">Werner Polzin oli tuolloin viel\u00e4 nuori mies ja vannoutunut aikidoka ja Japani-fani.<\/span><\/p><p>Edistyneen aikidon harjoitteluun kuuluu my\u00f6s harjoittelu puumiekalla. T\u00e4m\u00e4 tutustutti Polzinin meille tuolloin viel\u00e4 t\u00e4ysin tuntemattomaan Iaido-taistelulajiin, jossa muotoja harjoitellaan tylp\u00e4ll\u00e4 harjoitusmiekalla (Iaito).<\/p><p>H\u00e4n j\u00e4i heti koukkuun ja <br \/>matka alkoi...<\/p>\t\t\t\t\t\t\t\t<\/div>\n\t\t\t\t<\/div>\n\t\t\t\t<div class=\"elementor-element elementor-element-393f9f9 elementor-widget elementor-widget-image\" data-id=\"393f9f9\" data-element_type=\"widget\" data-e-type=\"widget\" data-widget_type=\"image.default\">\n\t\t\t\t<div class=\"elementor-widget-container\">\n\t\t\t\t\t\t\t\t\t\t\t\t\t\t\t<img fetchpriority=\"high\" decoding=\"async\" width=\"1024\" height=\"683\" src=\"https:\/\/japan-budo.com\/wp-content\/uploads\/2024\/02\/japan-budo-1024x683.jpg\" class=\"attachment-large size-large wp-image-222\" alt=\"\" srcset=\"https:\/\/japan-budo.com\/wp-content\/uploads\/2024\/02\/japan-budo-1024x683.jpg 1024w, https:\/\/japan-budo.com\/wp-content\/uploads\/2024\/02\/japan-budo-200x133.jpg 200w, https:\/\/japan-budo.com\/wp-content\/uploads\/2024\/02\/japan-budo-150x100.jpg 150w, https:\/\/japan-budo.com\/wp-content\/uploads\/2024\/02\/japan-budo-600x400.jpg 600w, https:\/\/japan-budo.com\/wp-content\/uploads\/2024\/02\/japan-budo-300x200.jpg 300w, https:\/\/japan-budo.com\/wp-content\/uploads\/2024\/02\/japan-budo-768x512.jpg 768w, https:\/\/japan-budo.com\/wp-content\/uploads\/2024\/02\/japan-budo-990x660.jpg 990w, https:\/\/japan-budo.com\/wp-content\/uploads\/2024\/02\/japan-budo-441x294.jpg 441w, https:\/\/japan-budo.com\/wp-content\/uploads\/2024\/02\/japan-budo.jpg 1200w\" sizes=\"(max-width: 1024px) 100vw, 1024px\" \/>\t\t\t\t\t\t\t\t\t\t\t\t\t\t\t<\/div>\n\t\t\t\t<\/div>\n\t\t\t\t\t<\/div>\n\t\t\t\t<\/div>\n\t\t<div class=\"elementor-element elementor-element-14ae232 e-flex e-con-boxed e-con e-parent\" data-id=\"14ae232\" data-element_type=\"container\" data-e-type=\"container\">\n\t\t\t\t\t<div class=\"e-con-inner\">\n\t\t\t\t<div class=\"elementor-element elementor-element-8c31c22 elementor-widget elementor-widget-text-editor\" data-id=\"8c31c22\" data-element_type=\"widget\" data-e-type=\"widget\" data-widget_type=\"text-editor.default\">\n\t\t\t\t<div class=\"elementor-widget-container\">\n\t\t\t\t\t\t\t\t\t<p>Saksassa ei ollut tuolloin saatavilla sopivia miekkoja, joten japanilaisia kontakteja k\u00e4ytettiin apuna ensimm\u00e4isen japanilaisen Iaiton tuomiseksi Saksaan.<\/p><p>Kansainv\u00e4liseen viestint\u00e4\u00e4n k\u00e4ytettiin sen ajan nykyaikaisinta tekniikkaa (faksilaitetta). Internet oli tuolloin viel\u00e4 suhteellisen tuntematon, ja \u00e4lypuhelimet olivat viel\u00e4 kaukana.<\/p><p>Polzin teki itselleen nime\u00e4 jo hyvin varhain Saksan budoalalla. Internetin yleistyess\u00e4 oli selv\u00e4\u00e4, ett\u00e4 verkkokauppa oli oikea tapa tavoittaa entist\u00e4 useampi japanilaisen miekan yst\u00e4v\u00e4. Japan-Budo.com syntyi!<\/p><p>Japan-Budo.com oli ensimm\u00e4inen saksalainen verkkokauppa, joka tarjosi japanilaista Iaitoa eri pituisena. Japan-Budo on alusta alkaen ollut mukana muokkaamassa Iaidon imagoa Saksassa.<\/p><p>Japanilaisten antiikkiesineiden, vanhojen samuraimiekkojen, harjoittelutarvikkeiden, kuten bokkenien ja vaatteiden, sek\u00e4 jopa japanilaisten mestariseppien r\u00e4\u00e4t\u00e4l\u00f6imien sep\u00e4nt\u00f6iden valikoima on my\u00f6s kehittynyt vuosien varrella erinomaisten ja yst\u00e4v\u00e4llisten yhteyksien ansiosta Japaniin.<\/p><p>Aika ei kuitenkaan pys\u00e4htynyt, ja yrityksen johtaminen on uuvuttavaa. Siksi Werner Polzin p\u00e4\u00e4tti 2020-luvun alussa v\u00e4hent\u00e4\u00e4 hieman ja vet\u00e4yty\u00e4 hiljalleen aktiivisesta liiketoiminnasta.<\/p><h2>Myym\u00e4l\u00e4n toiminta toisessa sukupolvessa<\/h2><p>T\u00e4m\u00e4 on minun roolini tai pikemminkin yritykseni Andara GmbH:n roolin alku Japan-Budo.com-sivustolla. Herra Polzinin yrityksen alkuaikoina olin korkeintaan suunnittelussa vanhempieni kanssa, mutta en miss\u00e4\u00e4n p\u00e4in maailmaa.<\/p><p>Henkil\u00f6kohtainen kosketukseni kamppailulajeihin ja verkkokauppaan alkoi pian vuosituhannen vaihteen (2000) j\u00e4lkeen. Olin tuolloin aktiivinen kamppailulajin harrastaja, ja Polzinin tavoin minusta itsest\u00e4ni tuli verkkokauppias, koska tarvitsin sopivia tarvikkeita. Siit\u00e4 on kulunut noin 20 vuotta. Japan-Budo ja minun yritykseni toimivat rinnakkain ja keskittyiv\u00e4t hieman eri tavoin.<\/p><p>Sattumien ketjun kautta min\u00e4 ja Polzin otimme yhteytt\u00e4 toisiimme. Luottamus oli heti olemassa, ja niin syntyi suunnitelma, jonka mukaan yritykseni jatkaisi Japan-Budo.comin toimintaa tulevaisuudessa.<br \/>Koska min\u00e4 ja Polzin emme ole sukua veren tai avioliiton kautta, on suuri kunnia jatkaa t\u00e4m\u00e4n vuosien varrella kypsyneen verkkokaupan toimintaa.<\/p><p>Niinp\u00e4 Japan-Budo.com siirtyi toiseen sukupolveen noin 30 vuoden j\u00e4lkeen. Toivon, ett\u00e4 viel\u00e4 30 vuoden kuluttua voin katsoa taaksep\u00e4in yht\u00e4 menestyksekk\u00e4\u00e4seen historiaan ja voin sitten tyytyv\u00e4isen\u00e4 luovuttaa sen kolmannelle sukupolvelle myym\u00e4l\u00e4nomistajia.<\/p><p>Japan Budon periaate on edelleen sama ja sit\u00e4 jatketaan kuten aina ennenkin.<\/p><p>Olen tietoinen siit\u00e4, ett\u00e4 monet asiakkaat ovat vuosikymmenten aikana luoneet Werner Polzinin kanssa eritt\u00e4in syv\u00e4n luottamussuhteen.<br \/>Voin luvata teille, ett\u00e4 jatkan myym\u00e4l\u00e4n toimintaa samalla rehellisyydell\u00e4 ja motivaatiolla.<\/p><p>T\u00e4m\u00e4 on Japan-Budo.comin tarina. Odotan innolla, ett\u00e4 p\u00e4\u00e4sen mukaan matkallesi japanilaisen kulttuurin pariin.<\/p><p>Stefan Pfeiffer<\/p>\t\t\t\t\t\t\t\t<\/div>\n\t\t\t\t<\/div>\n\t\t\t\t\t<\/div>\n\t\t\t\t<\/div>\n\t\t<div class=\"elementor-element elementor-element-5d701317 e-flex e-con-boxed e-con e-parent\" data-id=\"5d701317\" data-element_type=\"container\" data-e-type=\"container\">\n\t\t\t\t\t<div class=\"e-con-inner\">\n\t\t\t\t\t<\/div>\n\t\t\t\t<\/div>\n\t\t\t\t<\/div>","protected":false},"excerpt":{"rendered":"<p>Die Geschichte hinter Japan-Budo Die Geschichte von Japan-Budo beginnt schon vor \u00fcber 40 Jahren.\u00a0Werner Polzin war damals noch ein junger Mann und eingefleischter Aikidoka und Japan Fan. Zu dem fortgeschrittenen Aikido-Training geh\u00f6rt auch das Training mit dem Holzschwert. Dar\u00fcber lernte Herr Polzin die bei uns damals noch v\u00f6llig unbekannte Kampfkunst Iaido kennen, in der Formen [&hellip;]<\/p>\n","protected":false},"author":1,"featured_media":222,"parent":0,"menu_order":0,"comment_status":"closed","ping_status":"closed","template":"elementor_header_footer","meta":{"_acf_changed":false,"footnotes":""},"class_list":["post-180","page","type-page","status-publish","has-post-thumbnail","hentry"],"acf":[],"_links":{"self":[{"href":"https:\/\/japan-budo.com\/fi\/wp-json\/wp\/v2\/pages\/180","targetHints":{"allow":["GET"]}}],"collection":[{"href":"https:\/\/japan-budo.com\/fi\/wp-json\/wp\/v2\/pages"}],"about":[{"href":"https:\/\/japan-budo.com\/fi\/wp-json\/wp\/v2\/types\/page"}],"author":[{"embeddable":true,"href":"https:\/\/japan-budo.com\/fi\/wp-json\/wp\/v2\/users\/1"}],"replies":[{"embeddable":true,"href":"https:\/\/japan-budo.com\/fi\/wp-json\/wp\/v2\/comments?post=180"}],"version-history":[{"count":103,"href":"https:\/\/japan-budo.com\/fi\/wp-json\/wp\/v2\/pages\/180\/revisions"}],"predecessor-version":[{"id":5450,"href":"https:\/\/japan-budo.com\/fi\/wp-json\/wp\/v2\/pages\/180\/revisions\/5450"}],"wp:featuredmedia":[{"embeddable":true,"href":"https:\/\/japan-budo.com\/fi\/wp-json\/wp\/v2\/media\/222"}],"wp:attachment":[{"href":"https:\/\/japan-budo.com\/fi\/wp-json\/wp\/v2\/media?parent=180"}],"curies":[{"name":"wp","href":"https:\/\/api.w.org\/{rel}","templated":true}]}}