{"id":60,"date":"2024-02-07T21:00:47","date_gmt":"2024-02-07T20:00:47","guid":{"rendered":"https:\/\/japan-budo.com\/?page_id=60"},"modified":"2025-07-19T15:14:56","modified_gmt":"2025-07-19T13:14:56","slug":"agb","status":"publish","type":"page","link":"https:\/\/japan-budo.com\/fi\/agb\/","title":{"rendered":"GTC"},"content":{"rendered":"<h2>Yleiset ehdot ja asiakastiedot<\/h2>\n<h2>Sis\u00e4llysluettelo<\/h2>\n<ol>\n<li>Soveltamisala<\/li>\n<li>Sopimuksen tekeminen<\/li>\n<li>Peruuttamisoikeus<\/li>\n<li>Hinnat ja maksuehdot<\/li>\n<li>Toimitus- ja toimitusehdot<\/li>\n<li>Omistusoikeuden s\u00e4ilytt\u00e4minen<\/li>\n<li>Vastuu virheist\u00e4 (takuu)<\/li>\n<li>Myynninedist\u00e4missetelien lunastaminen<\/li>\n<li>Lahjakorttien lunastaminen<\/li>\n<li>Sovellettava laki<\/li>\n<li>Oikeuspaikka<\/li>\n<\/ol>\n<h2>1) Soveltamisala<\/h2>\n<p><b>1.1<\/b>\u00a0N\u00e4it\u00e4 Andara GmbH:n (j\u00e4ljemp\u00e4n\u00e4 \"Myyj\u00e4\") yleisi\u00e4 sopimusehtoja (j\u00e4ljemp\u00e4n\u00e4 \"YSE\") sovelletaan kaikkiin kuluttajan tai elinkeinonharjoittajan (j\u00e4ljemp\u00e4n\u00e4 \"Asiakas\") ja Myyj\u00e4n v\u00e4lisiin sopimuksiin, jotka koskevat kaikkia Myyj\u00e4n verkkokaupassa esiteltyj\u00e4 tavaroita ja\/tai palveluita. Asiakkaan omien ehtojen sis\u00e4llytt\u00e4minen t\u00e4h\u00e4n sopimukseen hyl\u00e4t\u00e4\u00e4n, ellei toisin ole sovittu.<\/p>\n<p><b>1.2<\/b>\u00a0N\u00e4it\u00e4 yleisi\u00e4 sopimusehtoja sovelletaan vastaavasti tositteiden toimittamista koskeviin sopimuksiin, ellei toisin sovita.<\/p>\n<p><b>1.3<\/b>\u00a0N\u00e4iss\u00e4 yleisiss\u00e4 sopimusehdoissa tarkoitettu kuluttaja on luonnollinen henkil\u00f6, joka tekee oikeustoimen sellaista tarkoitusta varten, jota ei voida pit\u00e4\u00e4 ensisijaisesti kaupallisena tai itsen\u00e4isen\u00e4 ammatillisena toimintana.<\/p>\n<p><b>1.4<\/b>\u00a0N\u00e4iss\u00e4 yleisiss\u00e4 sopimusehdoissa tarkoitettu yritt\u00e4j\u00e4 on luonnollinen henkil\u00f6, oikeushenkil\u00f6 tai oikeuskelpoinen henkil\u00f6yhti\u00f6, joka oikeustoimen tehdess\u00e4\u00e4n toimii kaupallista tai itsen\u00e4ist\u00e4 ammattitoimintaa harjoittaessaan.<\/p>\n<h2>2) Sopimuksen tekeminen<\/h2>\n<p><b>2.1<\/b>\u00a0Myyj\u00e4n verkkokaupassa olevat tuotekuvaukset eiv\u00e4t ole myyj\u00e4n sitovia tarjouksia, vaan niiden tarkoituksena on tehd\u00e4 asiakkaan sitova tarjous.<\/p>\n<p><b>2.2<\/b>\u00a0Asiakas voi tehd\u00e4 tarjouksen myyj\u00e4n verkkokauppaan integroidun tilauslomakkeen kautta. Asetettuaan valitut tavarat virtuaaliseen ostoskoriin ja k\u00e4yty\u00e4\u00e4n l\u00e4pi s\u00e4hk\u00f6isen tilausprosessin asiakas tekee ostoskoriin sis\u00e4ltyvi\u00e4 tavaroita koskevan oikeudellisesti sitovan sopimustarjouksen napsauttamalla painiketta, joka p\u00e4\u00e4tt\u00e4\u00e4 tilausprosessin. Asiakas voi tehd\u00e4 tarjouksen myyj\u00e4lle my\u00f6s puhelimitse tai s\u00e4hk\u00f6postitse.<\/p>\n<p><b>2.3<\/b>\u00a0Myyj\u00e4 voi hyv\u00e4ksy\u00e4 asiakkaan tarjouksen viiden p\u00e4iv\u00e4n kuluessa,<\/p>\n<ul>\n<li>l\u00e4hett\u00e4m\u00e4ll\u00e4 asiakkaalle kirjallinen tilausvahvistus tai tilausvahvistus tekstimuodossa (faksi tai s\u00e4hk\u00f6posti), jolloin ratkaisevaa on, ett\u00e4 asiakas on vastaanottanut tilausvahvistuksen, tai<\/li>\n<li>toimittamalla tilatut tavarat asiakkaalle, jolloin ratkaisevaa on, ett\u00e4 asiakas on vastaanottanut tavarat, tai<\/li>\n<li>pyyt\u00e4m\u00e4ll\u00e4 asiakkaalta maksua tilauksen tekemisen j\u00e4lkeen.<\/li>\n<\/ul>\n<p>Jos edell\u00e4 mainituista vaihtoehdoista on useita, sopimus tehd\u00e4\u00e4n siin\u00e4 vaiheessa, jossa jokin edell\u00e4 mainituista vaihtoehdoista toteutuu ensin. M\u00e4\u00e4r\u00e4aika tarjouksen hyv\u00e4ksymiselle alkaa sit\u00e4 p\u00e4iv\u00e4\u00e4 seuraavana p\u00e4iv\u00e4n\u00e4, jona asiakas on l\u00e4hett\u00e4nyt tarjouksen, ja p\u00e4\u00e4ttyy viidennen p\u00e4iv\u00e4n kuluttua tarjouksen l\u00e4hett\u00e4misest\u00e4. Jos myyj\u00e4 ei hyv\u00e4ksy asiakkaan tarjousta edell\u00e4 mainitussa m\u00e4\u00e4r\u00e4ajassa, t\u00e4m\u00e4 katsotaan tarjouksen hylk\u00e4\u00e4miseksi, mink\u00e4 seurauksena asiakas ei ole en\u00e4\u00e4 sidottu tahdonilmaisuunsa.<\/p>\n<p><b>2.4<\/b>\u00a0Jos valitaan PayPalin tarjoama maksutapa, maksu k\u00e4sitell\u00e4\u00e4n maksupalveluntarjoajan PayPal (Europe) S.\u00e0 r.l. et Cie, S.C.A., 22-24 Boulevard Royal, L-2449 Luxembourg (j\u00e4ljemp\u00e4n\u00e4 \"PayPal\") kautta PayPalin k\u00e4ytt\u00f6ehtojen mukaisesti, jotka ovat n\u00e4ht\u00e4viss\u00e4 osoitteessa <a href=\"https:\/\/www.paypal.com\/de\/webapps\/mpp\/ua\/useragreement-full\" target=\"_blank\" rel=\"noopener\">https:\/\/www.paypal.com<wbr \/>\/en<wbr \/>\/webapps<wbr \/>\/mpp<wbr \/>\/ua<wbr \/>\/k\u00e4ytt\u00e4j\u00e4sopimus-t\u00e4ysi<\/a> tai - jos asiakkaalla ei ole PayPal-tili\u00e4 - ilman PayPal-tili\u00e4 suoritettavia maksuja koskevien ehtojen mukaisesti, jotka ovat saatavilla osoitteessa <a href=\"https:\/\/www.paypal.com\/de\/webapps\/mpp\/ua\/privacywax-full\" target=\"_blank\" rel=\"noopener\">https:\/\/www.paypal.com<wbr \/>\/en<wbr \/>\/webapps<wbr \/>\/mpp<wbr \/>\/ua<wbr \/>\/privacywax-full<\/a>. Jos asiakas maksaa k\u00e4ytt\u00e4m\u00e4ll\u00e4 PayPalin tarjoamaa maksutapaa, joka voidaan valita verkkotilausprosessissa, myyj\u00e4 ilmoittaa hyv\u00e4ksyv\u00e4ns\u00e4 asiakkaan tarjouksen, kun asiakas klikkaa tilausprosessin p\u00e4\u00e4tt\u00e4v\u00e4\u00e4 painiketta.<\/p>\n<p><b>2.5<\/b>\u00a0Kun tarjous l\u00e4hetet\u00e4\u00e4n myyj\u00e4n online-tilauslomakkeen kautta, myyj\u00e4 tallentaa sopimustekstin sopimuksen tekemisen j\u00e4lkeen ja l\u00e4hett\u00e4\u00e4 sen asiakkaalle tekstimuodossa (esim. s\u00e4hk\u00f6postitse, faksilla tai kirjeitse) sen j\u00e4lkeen, kun asiakkaan tilaus on l\u00e4hetetty. Myyj\u00e4 ei aseta sopimusteksti\u00e4 t\u00e4m\u00e4n j\u00e4lkeen saataville. Jos asiakas on ennen tilauksen l\u00e4hett\u00e4mist\u00e4 luonut k\u00e4ytt\u00e4j\u00e4tilin myyj\u00e4n verkkokauppaan, tilaustiedot arkistoidaan myyj\u00e4n verkkosivustolle, ja asiakas voi tutustua niihin maksutta salasanalla suojatun k\u00e4ytt\u00e4j\u00e4tilins\u00e4 kautta sy\u00f6tt\u00e4m\u00e4ll\u00e4 vastaavat kirjautumistiedot.<\/p>\n<p><b>2.6<\/b>\u00a0Ennen sitovan tilauksen tekemist\u00e4 myyj\u00e4n verkkotilauslomakkeen kautta asiakas voi tunnistaa mahdolliset sy\u00f6tt\u00f6virheet lukemalla huolellisesti n\u00e4yt\u00f6ll\u00e4 n\u00e4kyv\u00e4t tiedot. Tehokas tekninen keino tunnistaa sy\u00f6tt\u00f6virheet paremmin voi olla selaimen suurennustoiminto, joka suurentaa n\u00e4yt\u00f6ll\u00e4 olevaa n\u00e4ytt\u00f6\u00e4. Asiakas voi korjata sy\u00f6tt\u00e4mi\u00e4\u00e4n tietoja s\u00e4hk\u00f6isen tilausprosessin aikana tavanomaisilla n\u00e4pp\u00e4imist\u00f6- ja hiiritoiminnoilla, kunnes h\u00e4n painaa tilausprosessin p\u00e4\u00e4tt\u00e4v\u00e4\u00e4 painiketta.<\/p>\n<p><b>2.7<\/b>\u00a0Sopimuksen tekeminen on mahdollista saksan ja englannin kielell\u00e4.<\/p>\n<p><b>2.8<\/b>\u00a0Tilaukset k\u00e4sitell\u00e4\u00e4n yleens\u00e4 s\u00e4hk\u00f6postitse ja automaattisen tilausk\u00e4sittelyn avulla. Asiakkaan on varmistettava, ett\u00e4 h\u00e4nen tilausten k\u00e4sittely\u00e4 varten ilmoittamansa s\u00e4hk\u00f6postiosoite on oikea, jotta myyj\u00e4n l\u00e4hett\u00e4m\u00e4t s\u00e4hk\u00f6postit voidaan vastaanottaa t\u00e4h\u00e4n osoitteeseen. Erityisesti SPAM-suodattimia k\u00e4ytett\u00e4ess\u00e4 asiakkaan on varmistettava, ett\u00e4 kaikki myyj\u00e4n tai myyj\u00e4n tilauksen k\u00e4sittelyyn valtuuttamien kolmansien osapuolten l\u00e4hett\u00e4m\u00e4t s\u00e4hk\u00f6postiviestit voidaan toimittaa perille.<\/p>\n<p><b>2.9<\/b>\u00a0Seuraavia ehtoja sovelletaan my\u00f6s aseiden toimittamista koskeviin sopimuksiin:<\/p>\n<p><b>2.9.1<\/b>\u00a0Tilattaessa Saksan liittotasavallan aselain (WaffG) piiriin kuuluvia tuotteita asiakkaan on oltava t\u00e4ysi-ik\u00e4inen. Asiakkailla, jotka haluavat ostaa aseita ja ampumatarvikkeita, jotka on lueteltu aselain liitteess\u00e4 2 luvanvaraisina aseina ja ampumatarvikkeina, on oltava ostolupa. Myyj\u00e4n on ilmoitettava kunkin tavaran kuvauksessa, kuuluvatko kyseiset tavarat WaffG:n soveltamisalaan vai ovatko ne WaffG:n liitteess\u00e4 2 tarkoitetun luvanvaraisia.<\/p>\n<p><b>2.9.2<\/b>\u00a0Tilatessaan aselain soveltamisalaan kuuluvia tavaroita asiakas takaa, ett\u00e4 h\u00e4n on v\u00e4hint\u00e4\u00e4n 18-vuotias ja ett\u00e4 h\u00e4nen nimi- ja osoitetietonsa ovat oikeat tilausta l\u00e4hetett\u00e4ess\u00e4. Lis\u00e4ksi asiakas sitoutuu siihen, ett\u00e4 vain h\u00e4n itse ottaa tavarat vastaan. Tavarat luovutetaan vasta sen j\u00e4lkeen, kun asiakkaan ik\u00e4 ja henkil\u00f6llisyyden todentaminen on onnistunut.<\/p>\n<p><b>2.9.3<\/b>\u00a0Tilattaessa tavaroita, jotka ovat aselain nojalla luvanvaraisia, on toimitettava my\u00f6s todiste ostoluvasta. Luvanvaraisia tavaroita myyd\u00e4\u00e4n ja toimitetaan vain, jos esitet\u00e4\u00e4n voimassa oleva ostolupa alkuper\u00e4isen\u00e4 tai julkisesti (virallisesti tai notaarin toimesta) oikeaksi todistettuna j\u00e4ljenn\u00f6ksen\u00e4 kaikista merkityist\u00e4 sivuista. Tavarat luovutetaan vasta, kun asiakkaan ik\u00e4 ja henkil\u00f6llisyys on tarkastettu onnistuneesti.<\/p>\n<h2>3) Peruuttamisoikeus<\/h2>\n<p><b>3.1<\/b>\u00a0Kuluttajilla on yleens\u00e4 oikeus peruuttaa sopimus.<\/p>\n<p><b>3.2<\/b>\u00a0Lis\u00e4tietoja peruutusoikeudesta on myyj\u00e4n peruutusehdoissa.<\/p>\n<h2>4) Hinnat ja maksuehdot<\/h2>\n<p><b>4.1<\/b>\u00a0Ellei myyj\u00e4n tuotekuvauksessa toisin mainita, ilmoitetut hinnat ovat kokonaishintoja, jotka sis\u00e4lt\u00e4v\u00e4t lakis\u00e4\u00e4teisen arvonlis\u00e4veron. Mahdolliset ylim\u00e4\u00e4r\u00e4iset toimitus- ja toimituskulut ilmoitetaan erikseen kunkin tuotteen kuvauksessa.<\/p>\n<p><b>4.2<\/b>\u00a0Maksuvaihtoehto(t) ilmoitetaan asiakkaalle myyj\u00e4n verkkokaupassa.<\/p>\n<p><b>4.3<\/b>\u00a0Jos on sovittu ennakkomaksusta pankkisiirtona, maksu er\u00e4\u00e4ntyy maksettavaksi v\u00e4litt\u00f6m\u00e4sti sopimuksen tekemisen j\u00e4lkeen, elleiv\u00e4t osapuolet ole sopineet my\u00f6hemm\u00e4st\u00e4 er\u00e4p\u00e4iv\u00e4st\u00e4.<\/p>\n<p><b>4.4<\/b>\u00a0Jos valitaan PayPal-maksupalvelun kautta tarjottu maksutapa, maksu k\u00e4sitell\u00e4\u00e4n PayPalin kautta, jolloin PayPal voi k\u00e4ytt\u00e4\u00e4 t\u00e4h\u00e4n tarkoitukseen my\u00f6s kolmannen osapuolen maksupalveluntarjoajien palveluja. Jos myyj\u00e4 tarjoaa PayPalin kautta my\u00f6s maksutapoja, joiden osalta h\u00e4n suorittaa asiakkaalle ennakkomaksuja (esim. ostot laskulla tai osamaksut), myyj\u00e4 luovuttaa maksuvaatimuksensa t\u00e4lt\u00e4 osin PayPalille tai PayPalin tilaamalle ja asiakkaalle erikseen nimetylle maksupalveluntarjoajalle. Ennen kuin PayPal tai PayPalin toimeksiannosta toimiva maksupalveluntarjoaja hyv\u00e4ksyy myyj\u00e4n toimeksiantositoumuksen, se suorittaa luottotietojen tarkistuksen toimitettujen asiakastietojen perusteella. Myyj\u00e4 pid\u00e4tt\u00e4\u00e4 itsell\u00e4\u00e4n oikeuden ev\u00e4t\u00e4 asiakkaalta valitun maksutavan, jos tarkastustulos on negatiivinen. Jos valittu maksutapa hyv\u00e4ksyt\u00e4\u00e4n, asiakkaan on maksettava laskun summa sovitun maksuajan kuluessa tai sovituin maksuv\u00e4lein. T\u00e4ss\u00e4 tapauksessa asiakas voi maksaa ainoastaan PayPalille tai PayPalin toimeksiannosta toimivalle maksupalveluntarjoajalle velanpoistovaikutuksella. Myyj\u00e4 vastaa kuitenkin saatavien luovutuksen j\u00e4lkeenkin edelleen asiakkaan yleisist\u00e4 tiedusteluista, jotka koskevat esimerkiksi tavaroita, toimitusaikaa, l\u00e4hetyst\u00e4, palautuksia, reklamaatioita, peruutus- ja palautusilmoituksia tai hyvityslaskuja.<\/p>\n<h2>5) Toimitus- ja l\u00e4hetysehdot<\/h2>\n<p><b>5.1<\/b>\u00a0Jos myyj\u00e4 tarjoutuu l\u00e4hett\u00e4m\u00e4\u00e4n tavarat, toimitus tapahtuu myyj\u00e4n ilmoittamalla toimitusalueella asiakkaan ilmoittamaan toimitusosoitteeseen, ellei toisin sovita. Myyj\u00e4n tilauksen k\u00e4sittelyss\u00e4 ilmoittama toimitusosoite on ratkaiseva kaupan k\u00e4sittelyn kannalta.<\/p>\n<p><b>5.2<\/b>\u00a0Jos tavaran toimitus ep\u00e4onnistuu asiakkaasta johtuvasta syyst\u00e4, asiakas vastaa myyj\u00e4lle t\u00e4st\u00e4 aiheutuneista kohtuullisista kustannuksista. T\u00e4m\u00e4 ei koske palautusl\u00e4hetyksen kustannuksia, jos asiakas tosiasiallisesti k\u00e4ytt\u00e4\u00e4 peruutusoikeuttaan. Jos asiakas tosiasiallisesti k\u00e4ytt\u00e4\u00e4 peruutusoikeuttaan, palautuskustannuksiin sovelletaan myyj\u00e4n peruutusehtojen m\u00e4\u00e4r\u00e4yst\u00e4.<\/p>\n<p><b>5.3<\/b>\u00a0Jos asiakas toimii yritt\u00e4j\u00e4n\u00e4, riski myydyn tavaran vahingossa tapahtuvasta katoamisesta ja vahingossa tapahtuvasta huononemisesta siirtyy asiakkaalle heti, kun myyj\u00e4 on luovuttanut tavarat huolitsijalle, rahdinkuljettajalle tai muulle henkil\u00f6lle tai organisaatiolle, joka on nimetty suorittamaan l\u00e4hetys. Jos asiakas toimii kuluttajana, riski myydyn tavaran vahingossa tapahtuvasta katoamisesta ja vahingossa tapahtuvasta huononemisesta siirtyy vasta, kun tavara on luovutettu asiakkaalle tai henkil\u00f6lle, jolla on oikeus vastaanottaa se. T\u00e4st\u00e4 huolimatta myydyn tavaran vahingossa tapahtuvan katoamisen ja vahingossa tapahtuvan huononemisen vaara siirtyy asiakkaalle, my\u00f6s kuluttajan ollessa kyseess\u00e4, heti kun myyj\u00e4 on luovuttanut tavaran huolitsijalle, rahdinkuljettajalle tai muulla tavoin l\u00e4hetyksen suorittamiseen nimetylle henkil\u00f6lle tai yhteis\u00f6lle, jos asiakas on antanut toimeksiannon huolitsijalle, rahdinkuljettajalle tai muulla tavoin l\u00e4hetyksen suorittamiseen nimetylle henkil\u00f6lle tai yhteis\u00f6lle eik\u00e4 myyj\u00e4 ole aiemmin nimennyt kyseist\u00e4 henkil\u00f6\u00e4 tai yhteis\u00f6\u00e4 asiakkaalle.<\/p>\n<p><b>5.4<\/b>\u00a0Myyj\u00e4 pid\u00e4tt\u00e4\u00e4 itselleen oikeuden purkaa sopimuksen, jos toimitus on virheellinen tai ep\u00e4asianmukainen. T\u00e4m\u00e4 p\u00e4tee vain siin\u00e4 tapauksessa, ett\u00e4 myyj\u00e4 ei ole vastuussa toimituksen laiminly\u00f6nnist\u00e4 ja ett\u00e4 myyj\u00e4 on tehnyt toimittajan kanssa erityisen peitt\u00e4v\u00e4n liiketoimen asianmukaista huolellisuutta noudattaen. Myyj\u00e4n on pyritt\u00e4v\u00e4 kaikin kohtuullisin keinoin hankkimaan tavarat. Jos tavaroita ei ole saatavilla tai niit\u00e4 on saatavilla vain osittain, asiakkaalle ilmoitetaan asiasta v\u00e4litt\u00f6m\u00e4sti ja vastike palautetaan viipym\u00e4tt\u00e4.<\/p>\n<p><b>5.5<\/b>\u00a0Itse nouto ei ole mahdollista logistisista syist\u00e4.<\/p>\n<p><b>5.6<\/b>\u00a0Tositteet toimitetaan asiakkaalle seuraavasti:<\/p>\n<p>- s\u00e4hk\u00f6postitse<\/p>\n<h2>6) Omistusoikeuden s\u00e4ilytt\u00e4minen<\/h2>\n<p>Jos myyj\u00e4 maksaa ennakkomaksun, h\u00e4n pid\u00e4tt\u00e4\u00e4 omistusoikeuden toimitettuihin tavaroihin, kunnes kauppahinta on maksettu kokonaisuudessaan.<\/p>\n<h2>7) Vastuu virheist\u00e4 (takuu)<\/h2>\n<p><b>7.1<\/b>\u00a0Ellei seuraavissa m\u00e4\u00e4r\u00e4yksiss\u00e4 toisin mainita, sovelletaan lakis\u00e4\u00e4teist\u00e4 virhevastuuta koskevia s\u00e4\u00e4nn\u00f6ksi\u00e4. T\u00e4st\u00e4 poiketen tavarantoimitussopimuksiin sovelletaan seuraavaa:<\/p>\n<p><b>7.2<\/b>\u00a0Jos asiakas toimii yritt\u00e4j\u00e4n\u00e4,<\/p>\n<ul>\n<li>myyj\u00e4 voi valita j\u00e4lkitoimituksen tyypin;<\/li>\n<li>uusien tavaroiden virheiden vanhentumisaika on yksi vuosi tavaroiden toimittamisesta;<\/li>\n<li>k\u00e4ytetyn tavaran osalta oikeudet ja virheist\u00e4 johtuvat vaateet on suljettu pois;<\/li>\n<li>vanhentumisaika ei ala uudelleen, jos korvaava toimitus tehd\u00e4\u00e4n osana virhevastuuta.<\/li>\n<\/ul>\n<p><b>7.3<\/b>\u00a0Edell\u00e4 mainittuja vastuunrajoituksia ja m\u00e4\u00e4r\u00e4aikojen lyhent\u00e4mist\u00e4 ei sovelleta.<\/p>\n<ul>\n<li>asiakkaan vahingonkorvausvaatimuksia ja kulukorvauksia varten,<\/li>\n<li>jos myyj\u00e4 on vilpillisesti salannut virheen,<\/li>\n<li>tavaroista, joita on k\u00e4ytetty rakennuksessa tavanomaisen k\u00e4ytt\u00f6tarkoituksensa mukaisesti ja jotka ovat aiheuttaneet rakennuksen virheellisyyden,<\/li>\n<li>myyj\u00e4n olemassa olevasta velvollisuudesta toimittaa p\u00e4ivityksi\u00e4 digitaalisiin tuotteisiin, kun kyseess\u00e4 ovat sopimukset, jotka koskevat digitaalisia elementtej\u00e4 sis\u00e4lt\u00e4vien tavaroiden toimittamista.<\/li>\n<\/ul>\n<p><b>7.4<\/b>\u00a0Lis\u00e4ksi yritt\u00e4jien osalta voimassa olevien lakis\u00e4\u00e4teisten takautumisoikeuksien vanhentumisaikoja ei muuteta.<\/p>\n<p><b>7.5<\/b>\u00a0Jos asiakas toimii HGB:n (Saksan kauppalain) 1 \u00a7:ss\u00e4 tarkoitettuna kauppiaana, h\u00e4nt\u00e4 koskee HGB:n 377 \u00a7:n mukainen kaupallinen tarkastus- ja ilmoitusvelvollisuus. Jos asiakas ei t\u00e4yt\u00e4 kyseisess\u00e4 s\u00e4\u00e4nn\u00f6ksess\u00e4 s\u00e4\u00e4dettyj\u00e4 ilmoitusvelvoitteita, tavarat katsotaan hyv\u00e4ksytyiksi.<\/p>\n<p><b>7.6<\/b>\u00a0Jos asiakas toimii kuluttajana, h\u00e4nt\u00e4 pyydet\u00e4\u00e4n reklamoimaan tavaran toimittajalle toimitetuista tavaroista, joissa on ilmeisi\u00e4 kuljetusvaurioita, ja ilmoittamaan t\u00e4st\u00e4 myyj\u00e4lle. Jos asiakas ei tee n\u00e4in, t\u00e4m\u00e4 ei vaikuta h\u00e4nen lakis\u00e4\u00e4teisiin tai sopimukseen perustuviin virheit\u00e4 koskeviin vaatimuksiinsa.<\/p>\n<h2>8) Myynninedist\u00e4missetelien lunastaminen<\/h2>\n<p><b>8.1<\/b>\u00a0Myyj\u00e4n osana kampanjakampanjoita maksutta my\u00f6nt\u00e4m\u00e4t kupongit, joilla on tietty voimassaoloaika ja joita asiakas ei voi ostaa (j\u00e4ljemp\u00e4n\u00e4 'kampanjakupongit'), voidaan lunastaa ainoastaan myyj\u00e4n verkkokaupassa ja ainoastaan m\u00e4\u00e4ritellyn ajanjakson aikana.<\/p>\n<p><b>8.2<\/b>\u00a0Yksitt\u00e4iset tuotteet voidaan j\u00e4tt\u00e4\u00e4 etusetelikampanjan ulkopuolelle, jos kampanjasetelin sis\u00e4ll\u00f6st\u00e4 aiheutuu vastaava rajoitus.<\/p>\n<p><b>8.3<\/b>\u00a0Kampanjakuponkeja voi lunastaa vain ennen tilausprosessin p\u00e4\u00e4tt\u00e4mist\u00e4. My\u00f6hemmin kuittaaminen ei ole mahdollista.<\/p>\n<p><b>8.4<\/b>\u00a0Tilausta kohden voidaan lunastaa vain yksi tarjouskuponki.<\/p>\n<p><b>8.5<\/b>\u00a0Tavaroiden arvon on oltava v\u00e4hint\u00e4\u00e4n yht\u00e4 suuri kuin kampanjakupongin arvo. Myyj\u00e4 ei palauta j\u00e4ljell\u00e4 olevaa hyvityst\u00e4.<\/p>\n<p><b>8.6<\/b>\u00a0Jos kampanjakupongin arvo ei riit\u00e4 tilauksen kattamiseen, erotus voidaan maksaa jollakin muulla myyj\u00e4n tarjoamalla maksutavalla.<\/p>\n<p><b>8.7<\/b>\u00a0Kampanjasetelin saldoa ei makseta k\u00e4teisen\u00e4 eik\u00e4 sille makseta korkoa.<\/p>\n<p><b>8.8<\/b>\u00a0Kampanjakuponkia ei palauteta, jos asiakas palauttaa kampanjakupongilla kokonaan tai osittain maksetut tavarat lakis\u00e4\u00e4teisen peruutusoikeutensa puitteissa.<\/p>\n<p><b>8.9<\/b>\u00a0Kampanjakuponki on siirrett\u00e4viss\u00e4. Myyj\u00e4 voi suorittaa maksun vapauttavin vaikutuksin sille haltijalle, joka lunastaa tarjouskupongin myyj\u00e4n verkkokaupassa. T\u00e4m\u00e4 ei koske sit\u00e4, ett\u00e4 myyj\u00e4 on tietoinen tai t\u00f6rke\u00e4n huolimattomasti tiet\u00e4m\u00e4t\u00f6n siit\u00e4, ett\u00e4 kyseinen haltija ei ole valtuutettu tai ett\u00e4 h\u00e4n on oikeustoimikelpoinen tai ett\u00e4 h\u00e4nell\u00e4 ei ole edustusvaltuuksia.<\/p>\n<h2>9) Lahjakorttien lunastaminen<\/h2>\n<p><b>9.1<\/b>\u00a0Myyj\u00e4n verkkokaupan kautta ostettavat lahjakortit (j\u00e4ljemp\u00e4n\u00e4 \"lahjakortit\") voidaan lunastaa vain myyj\u00e4n verkkokaupassa, ellei lahjakortissa toisin mainita.<\/p>\n<p><b>9.2<\/b>\u00a0Lahjakortit ja lahjakorttien j\u00e4ljell\u00e4 oleva hyvitys voidaan lunastaa ostovuotta seuraavan kolmannen vuoden loppuun asti. J\u00e4ljell\u00e4 oleva hyvitys hyvitet\u00e4\u00e4n asiakkaalle voimassaolon p\u00e4\u00e4ttymisp\u00e4iv\u00e4\u00e4n saakka.<\/p>\n<p><b>9.3<\/b>\u00a0Lahjakortit voidaan lunastaa vain ennen tilausprosessin p\u00e4\u00e4tt\u00e4mist\u00e4. My\u00f6hemmin kuittaaminen ei ole mahdollista.<\/p>\n<p><b>9.4<\/b>\u00a0Vain yksi lahjakortti voidaan lunastaa yht\u00e4 tilausta kohden.<\/p>\n<p><b>9.5<\/b>\u00a0Lahjakortteja voi k\u00e4ytt\u00e4\u00e4 vain tavaroiden ostamiseen eik\u00e4 uusien lahjakorttien ostamiseen.<\/p>\n<p><b>9.6<\/b>\u00a0Jos lahjakortin arvo ei riit\u00e4 tilauksen kattamiseen, erotus voidaan maksaa jollakin muulla myyj\u00e4n tarjoamalla maksutavalla.<\/p>\n<p><b>9.7<\/b>\u00a0Lahjakortin saldoa ei makseta k\u00e4teisen\u00e4 eik\u00e4 sille makseta korkoa.<\/p>\n<p><b>9.8<\/b>\u00a0Lahjakortti on siirrett\u00e4viss\u00e4. Myyj\u00e4 voi suorittaa maksun vapauttavin vaikutuksin sille haltijalle, joka lunastaa lahjakortin myyj\u00e4n verkkokaupassa. T\u00e4m\u00e4 ei koske sit\u00e4, ett\u00e4 myyj\u00e4 on tietoinen tai t\u00f6rke\u00e4n huolimattomasti tiet\u00e4m\u00e4t\u00f6n siit\u00e4, ett\u00e4 kyseinen haltija ei ole valtuutettu tai ett\u00e4 h\u00e4n on oikeustoimikelpoinen tai ett\u00e4 h\u00e4nell\u00e4 ei ole edustusvaltuuksia.<\/p>\n<h2>10) Sovellettava laki<\/h2>\n<p>Kaikkiin osapuolten v\u00e4lisiin oikeussuhteisiin sovelletaan Saksan liittotasavallan lakia, lukuun ottamatta kansainv\u00e4list\u00e4 tavarakauppaa koskevia lakeja. Kuluttajien osalta t\u00e4t\u00e4 lainvalintaa sovelletaan vain silt\u00e4 osin kuin kuluttajan asuinpaikkavaltion lains\u00e4\u00e4d\u00e4nn\u00f6n pakottavien s\u00e4\u00e4nn\u00f6sten tarjoamaa suojaa ei ole peruutettu.<\/p>\n<h2>11) Oikeuspaikka<\/h2>\n<p>Jos asiakas toimii kauppiaana, julkisoikeudellisena oikeushenkil\u00f6n\u00e4 tai julkisoikeudellisena erityisrahastona, jonka kotipaikka on Saksan liittotasavallan alueella, yksinomainen oikeuspaikka kaikkiin t\u00e4st\u00e4 sopimuksesta johtuviin riitoihin on myyj\u00e4n kotipaikka. Jos asiakkaan kotipaikka on Saksan liittotasavallan alueen ulkopuolella, myyj\u00e4n kotipaikka on yksinomainen oikeuspaikka kaikissa t\u00e4st\u00e4 sopimuksesta johtuvissa riita-asioissa, jos sopimus tai sopimuksesta johtuvat vaateet voidaan katsoa liittyv\u00e4n asiakkaan ammatilliseen tai kaupalliseen toimintaan. Edell\u00e4 mainituissa tapauksissa myyj\u00e4ll\u00e4 on kuitenkin joka tapauksessa oikeus vedota asiakkaan kotipaikan tuomioistuimeen.<\/p>","protected":false},"excerpt":{"rendered":"<p>Allgemeine Gesch\u00e4ftsbedingungen mit Kundeninformationen Inhaltsverzeichnis Geltungsbereich Vertragsschluss Widerrufsrecht Preise und Zahlungsbedingungen Liefer- und Versandbedingungen Eigentumsvorbehalt M\u00e4ngelhaftung (Gew\u00e4hrleistung) Einl\u00f6sung von Aktionsgutscheinen Einl\u00f6sung von Geschenkgutscheinen Anwendbares Recht Gerichtsstand 1) Geltungsbereich 1.1\u00a0Diese Allgemeinen Gesch\u00e4ftsbedingungen (nachfolgend &#8222;AGB&#8220;) der Andara GmbH (nachfolgend &#8222;Verk\u00e4ufer&#8220;), gelten f\u00fcr alle Vertr\u00e4ge zur Lieferung von Waren, die ein Verbraucher oder Unternehmer (nachfolgend \u201eKunde\u201c) mit dem [&hellip;]<\/p>\n","protected":false},"author":1,"featured_media":0,"parent":0,"menu_order":0,"comment_status":"closed","ping_status":"closed","template":"","meta":{"_acf_changed":false,"footnotes":""},"class_list":["post-60","page","type-page","status-publish","hentry"],"acf":[],"_links":{"self":[{"href":"https:\/\/japan-budo.com\/fi\/wp-json\/wp\/v2\/pages\/60","targetHints":{"allow":["GET"]}}],"collection":[{"href":"https:\/\/japan-budo.com\/fi\/wp-json\/wp\/v2\/pages"}],"about":[{"href":"https:\/\/japan-budo.com\/fi\/wp-json\/wp\/v2\/types\/page"}],"author":[{"embeddable":true,"href":"https:\/\/japan-budo.com\/fi\/wp-json\/wp\/v2\/users\/1"}],"replies":[{"embeddable":true,"href":"https:\/\/japan-budo.com\/fi\/wp-json\/wp\/v2\/comments?post=60"}],"version-history":[{"count":4,"href":"https:\/\/japan-budo.com\/fi\/wp-json\/wp\/v2\/pages\/60\/revisions"}],"predecessor-version":[{"id":5408,"href":"https:\/\/japan-budo.com\/fi\/wp-json\/wp\/v2\/pages\/60\/revisions\/5408"}],"wp:attachment":[{"href":"https:\/\/japan-budo.com\/fi\/wp-json\/wp\/v2\/media?parent=60"}],"curies":[{"name":"wp","href":"https:\/\/api.w.org\/{rel}","templated":true}]}}