{"id":61,"date":"2024-02-07T21:00:47","date_gmt":"2024-02-07T20:00:47","guid":{"rendered":"https:\/\/japan-budo.com\/?page_id=61"},"modified":"2025-11-01T21:10:26","modified_gmt":"2025-11-01T20:10:26","slug":"peruutusehdot","status":"publish","type":"page","link":"https:\/\/japan-budo.com\/fi\/peruutusehdot\/","title":{"rendered":"Peruutusehdot"},"content":{"rendered":"<h2>Peruutusehdot &amp; peruutuslomake<\/h2>\n<p>Kuluttajilla on oikeus peruutusoikeuteen seuraavien s\u00e4\u00e4nn\u00f6sten mukaisesti: kuluttaja on luonnollinen henkil\u00f6, joka tekee oikeustoimen tarkoituksiin, jotka eiv\u00e4t p\u00e4\u00e4asiallisesti liity h\u00e4nen kaupalliseen tai itsen\u00e4iseen ammatilliseen toimintaansa:<\/p>\n<h2>A. Peruutusehdot<\/h2>\n<h3>Peruuttamisoikeus<\/h3>\n<p>Sinulla on oikeus peruuttaa t\u00e4m\u00e4 sopimus nelj\u00e4ntoista p\u00e4iv\u00e4n kuluessa ilman syyt\u00e4.<\/p>\n<p>Peruuttamisaika on nelj\u00e4toista p\u00e4iv\u00e4\u00e4 siit\u00e4 p\u00e4iv\u00e4st\u00e4, jona sin\u00e4 tai sinun nime\u00e4m\u00e4si kolmas osapuoli, joka ei ole rahdinkuljettaja, on ottanut viimeiset tavarat haltuunsa.<\/p>\n<p>Um Ihr Widerrufsrecht auszu\u00fcben, m\u00fcssen Sie uns (Andara GmbH, Magdalenenstr. 3, 64390 Erzhausen, Deutschland, Tel.: 06150 1830095, E-Mail: info@andara-gmbh.de.) mittels einer eindeutigen Erkl\u00e4rung (z. B. ein mit der Post versandter Brief oder E-Mail) \u00fcber Ihren Entschluss, diesen Vertrag zu widerrufen, informieren. Sie k\u00f6nnen daf\u00fcr das beigef\u00fcgte Muster-Widerrufsformular verwenden, das jedoch nicht vorgeschrieben ist.<\/p>\n<p>Peruutusajan noudattamiseksi riitt\u00e4\u00e4, ett\u00e4 l\u00e4het\u00e4t ilmoituksen peruutusoikeuden k\u00e4ytt\u00e4misest\u00e4 ennen peruutusajan p\u00e4\u00e4ttymist\u00e4.<\/p>\n<h3>Peruuttamisen seuraukset<\/h3>\n<p>Jos peruutat t\u00e4m\u00e4n sopimuksen, palautamme sinulle kaikki sinulta saamasi maksut, mukaan lukien toimituskustannukset (lukuun ottamatta lis\u00e4kustannuksia, jotka johtuvat siit\u00e4, ett\u00e4 olet valinnut muun toimitustyypin kuin edullisimman tarjoamamme vakiotoimitustyypin), ilman aiheetonta viivytyst\u00e4 ja joka tapauksessa viimeist\u00e4\u00e4n 14 p\u00e4iv\u00e4n kuluessa siit\u00e4 p\u00e4iv\u00e4st\u00e4, jona saamme tiedon p\u00e4\u00e4t\u00f6ksest\u00e4si peruuttaa t\u00e4m\u00e4 sopimus. T\u00e4ss\u00e4 takaisinmaksussa k\u00e4yt\u00e4mme samaa maksuv\u00e4linett\u00e4, jota k\u00e4ytit alkuper\u00e4isess\u00e4 kaupassa, ellei kanssasi ole nimenomaisesti toisin sovittu; sinulta ei miss\u00e4\u00e4n tapauksessa perit\u00e4 mit\u00e4\u00e4n maksuja t\u00e4st\u00e4 takaisinmaksusta. Voimme pid\u00e4tt\u00e4\u00e4 palautuksen, kunnes olemme saaneet tavarat takaisin tai kunnes olet todistanut palauttaneesi tavarat, sen mukaan, kumpi niist\u00e4 on aikaisempi.<\/p>\n<p>Sinun on palautettava tai luovutettava tavarat meille v\u00e4litt\u00f6m\u00e4sti ja joka tapauksessa viimeist\u00e4\u00e4n nelj\u00e4ntoista p\u00e4iv\u00e4n kuluessa siit\u00e4 p\u00e4iv\u00e4st\u00e4, jona olet ilmoittanut meille t\u00e4m\u00e4n sopimuksen peruuttamisesta. M\u00e4\u00e4r\u00e4aikaa noudatetaan, jos l\u00e4het\u00e4tte tavarat ennen nelj\u00e4ntoista p\u00e4iv\u00e4n m\u00e4\u00e4r\u00e4ajan p\u00e4\u00e4ttymist\u00e4.<\/p>\n<p>Teid\u00e4n on vastattava tavaroiden palauttamisesta aiheutuvista v\u00e4litt\u00f6mist\u00e4 kustannuksista. Suorat kustannukset sellaisten tavaroiden palauttamisesta, joita ei niiden luonteen vuoksi voida tavallisesti palauttaa meille postitse (l\u00e4hetystavarat), ovat arviolta enint\u00e4\u00e4n noin 80,00 euroa kutakin t\u00e4llaista tavaraa kohti.<\/p>\n<p>Sinun on maksettava tavaran arvon alenemisesta vain, jos arvon aleneminen johtuu tavaran k\u00e4sittelyst\u00e4, joka ei ole v\u00e4ltt\u00e4m\u00e4t\u00f6nt\u00e4 tavaran kunnon, ominaisuuksien ja toimivuuden tarkistamiseksi.<\/p>\n<h3>Peruuttamisoikeuden poissulkeminen tai ennenaikainen p\u00e4\u00e4ttyminen<\/h3>\n<p>Peruuttamisoikeutta ei sovelleta sopimuksiin, jotka koskevat sellaisten tavaroiden toimittamista, jotka eiv\u00e4t ole tehdasvalmisteisia ja joiden valmistuksessa kuluttajan yksil\u00f6llinen valinta tai m\u00e4\u00e4rittely on ratkaisevaa tai jotka on selv\u00e4sti r\u00e4\u00e4t\u00e4l\u00f6ity kuluttajan henkil\u00f6kohtaisten tarpeiden mukaan.<\/p>\n<h3>Yleisi\u00e4 tietoja<\/h3>\n<p>1) V\u00e4lt\u00e4 tavaroiden vahingoittamista tai saastuttamista. Palauta tavarat meille alkuper\u00e4ispakkauksessa kaikkine lis\u00e4varusteineen ja pakkausosineen. K\u00e4yt\u00e4 tarvittaessa suojaavaa ulkopakkausta. Jos sinulla ei ole en\u00e4\u00e4 alkuper\u00e4ispakkausta, k\u00e4yt\u00e4 sopivaa pakkausta, joka takaa riitt\u00e4v\u00e4n suojan kuljetusvaurioita vastaan.<br \/>\n2) \u00c4l\u00e4 l\u00e4het\u00e4 tavaroita takaisin meille rahti ker\u00e4t\u00e4.<br \/>\n3) Huomaa, ett\u00e4 edell\u00e4 mainitut lausekkeet 1-2 eiv\u00e4t ole peruuttamisoikeuden tehokkaan k\u00e4ytt\u00e4misen edellytys.<\/p>\n<h2>B. Peruutuslomake<\/h2>\n<p>Jos haluat peruuttaa sopimuksen, t\u00e4yt\u00e4 ja palauta t\u00e4m\u00e4 lomake.<\/p>\n<p>Osoitteeseen<\/p>\n<p>Andara GmbH<br \/>\nMagdalenenstr. 3<br \/>\n64390 Erzhausen<br \/>\nSaksa<br \/>\nE-Mail: info@andara-gmbh.de.<\/p>\n<p>Min\u00e4\/me (*) peruutan\/peruutamme (*) sopimuksen, jonka olen\/me (*) tehnyt seuraavien tavaroiden ostamisesta (*)\/ seuraavan palvelun tarjoamisesta (*).<\/p>\n<p>_______________________________________________________<\/p>\n<p>_______________________________________________________<\/p>\n<p>Tilattu (*) ____________ \/ vastaanotettu (*) __________________<\/p>\n<p>________________________________________________________<br \/>\nKuluttajan (kuluttajien) nimi<\/p>\n<p>________________________________________________________<br \/>\nKuluttajan (kuluttajien) osoite<\/p>\n<p>________________________________________________________<br \/>\nKuluttajan (kuluttajien) allekirjoitus (vain paperilla teht\u00e4v\u00e4ss\u00e4 ilmoituksessa).<\/p>\n<p>_________________________<br \/>\np\u00e4iv\u00e4m\u00e4\u00e4r\u00e4<\/p>\n<p>(*) Tarpeeton yliviivataan<\/p>","protected":false},"excerpt":{"rendered":"<p>Widerrufsbelehrung &amp; Widerrufsformular Verbrauchern steht ein Widerrufsrecht nach folgender Ma\u00dfgabe zu, wobei Verbraucher jede nat\u00fcrliche Person ist, die ein Rechtsgesch\u00e4ft zu Zwecken abschlie\u00dft, die \u00fcberwiegend weder ihrer gewerblichen noch ihrer selbst\u00e4ndigen beruflichen T\u00e4tigkeit zugerechnet werden k\u00f6nnen: A. Widerrufsbelehrung Widerrufsrecht Sie haben das Recht, binnen vierzehn Tagen ohne Angabe von Gr\u00fcnden diesen Vertrag zu widerrufen. Die [&hellip;]<\/p>\n","protected":false},"author":1,"featured_media":0,"parent":0,"menu_order":0,"comment_status":"closed","ping_status":"closed","template":"","meta":{"_acf_changed":false,"footnotes":""},"class_list":["post-61","page","type-page","status-publish","hentry"],"acf":[],"_links":{"self":[{"href":"https:\/\/japan-budo.com\/fi\/wp-json\/wp\/v2\/pages\/61","targetHints":{"allow":["GET"]}}],"collection":[{"href":"https:\/\/japan-budo.com\/fi\/wp-json\/wp\/v2\/pages"}],"about":[{"href":"https:\/\/japan-budo.com\/fi\/wp-json\/wp\/v2\/types\/page"}],"author":[{"embeddable":true,"href":"https:\/\/japan-budo.com\/fi\/wp-json\/wp\/v2\/users\/1"}],"replies":[{"embeddable":true,"href":"https:\/\/japan-budo.com\/fi\/wp-json\/wp\/v2\/comments?post=61"}],"version-history":[{"count":4,"href":"https:\/\/japan-budo.com\/fi\/wp-json\/wp\/v2\/pages\/61\/revisions"}],"predecessor-version":[{"id":5567,"href":"https:\/\/japan-budo.com\/fi\/wp-json\/wp\/v2\/pages\/61\/revisions\/5567"}],"wp:attachment":[{"href":"https:\/\/japan-budo.com\/fi\/wp-json\/wp\/v2\/media?parent=61"}],"curies":[{"name":"wp","href":"https:\/\/api.w.org\/{rel}","templated":true}]}}