{"id":767,"date":"2024-03-07T09:46:23","date_gmt":"2024-03-07T08:46:23","guid":{"rendered":"https:\/\/japan-budo.com\/?page_id=767"},"modified":"2024-04-06T14:27:31","modified_gmt":"2024-04-06T12:27:31","slug":"katanan-entisoeinti","status":"publish","type":"page","link":"https:\/\/japan-budo.com\/fi\/katanan-entisoeinti\/","title":{"rendered":"Katanan entis\u00f6inti"},"content":{"rendered":"<p>Useimmille katanan omistajille tulee ennemmin tai my\u00f6hemmin hetki, jolloin heid\u00e4n on kunnostettava oma miekkansa.<\/p>\n<p>On suuri ero, onko miekka Iaito, moderni j\u00e4ljenn\u00f6s vai aito japanilainen miekka. Tarjoamme kuitenkin oikeaa palvelua kaikkiin tarpeisiin.<\/p>\n<h2>Iaiton restaurointi<\/h2>\n<p>Iaitossa on tyypillisi\u00e4 kuluvia osia, kuten saya. Se rasittuu s\u00e4\u00e4nn\u00f6llisen harjoittelun aikana ja kuluu.<\/p>\n<p>Taloudellisesti on yleens\u00e4 j\u00e4rkev\u00e4\u00e4 vaihtaa saya kokonaan sen korjaamisen sijaan.<\/p>\n<p>Tarjoamme Iaiton varaosia valikoimastamme. Jos olet ostanut Iaitosi joltain muulta, voimme yleens\u00e4 toimittaa my\u00f6s sopivat varaosat, jos se on per\u00e4isin Japanista.<\/p>\n<p>Sayan lis\u00e4ksi tarjoamme my\u00f6s vaihdettavia elementtej\u00e4, kuten menuki, tsuka ito, fuchigashira ja paljon muuta....<\/p>\n<p>Ottakaa <a href=\"\/fi\/ota-yhteyttae\/\" target=\"_blank\" rel=\"noopener\">Ota yhteytt\u00e4<\/a> jos sinulla on kysytt\u00e4v\u00e4\u00e4.<\/p>\n<h2>Moderni katanan restaurointi<\/h2>\n<p>Japanin ulkopuolella valmistettuja nykyaikaisia miekkoja k\u00e4ytet\u00e4\u00e4n usein leikkausharjoituksiin. T\u00e4m\u00e4 suojaa Japanista per\u00e4isin olevia alkuper\u00e4isi\u00e4 miekkoja, ja jos miekka vaurioituu, sen korjaaminen on verrattain halpaa.<\/p>\n<p>K\u00e4ytt\u00f6 aiheuttaa miekalle tiettyj\u00e4 vaurioita. N\u00e4m\u00e4 ovat yleens\u00e4 naarmuuntuneita teri\u00e4 tai vaurioituneita kahvoja.<\/p>\n<p>T\u00e4llaisten miekkojen ter\u00e4n kiillotuksen uusiminen ei yleens\u00e4 ole j\u00e4rkev\u00e4\u00e4, sill\u00e4 se on usein yht\u00e4 kallista kuin kokonaan uuden miekan hankkiminen.<\/p>\n<p>On kuitenkin monia niksej\u00e4, joilla ter\u00e4st\u00e4 voi tehd\u00e4 yksinkertaisin keinoin taas hieman kauniimman.<\/p>\n<p>Lis\u00e4ksi meihin ottavat s\u00e4\u00e4nn\u00f6llisesti yhteytt\u00e4 asiakkaat, jotka ovat ostaneet modernin katanan ulkomailta eiv\u00e4tk\u00e4 ole tyytyv\u00e4isi\u00e4 miekan yksitt\u00e4isiin yksityiskohtiin. T\u00e4ll\u00f6in korjaus voi olla halvempi kuin peruutus ulkomaisen toimittajan kanssa.<\/p>\n<p>Voimme kuitenkin my\u00f6s kunnostaa t\u00e4llaisen modernin Katanan suhteellisen edullisesti. Ole hyv\u00e4 ja l\u00e4het\u00e4 <a href=\"\/fi\/ota-yhteyttae\/\" target=\"_blank\" rel=\"noopener\">Ota yhteytt\u00e4<\/a> meille, jos sinulla on tiedustelu t\u00e4ll\u00e4 alalla. Useimpiin ongelmiin on olemassa yksinkertaisia ratkaisuja.<\/p>\n<h2>Nihonto Restaurointi<\/h2>\n<p>Japanista per\u00e4isin olevien alkuper\u00e4isten miekkojen (Nihonto) entis\u00f6inti on t\u00e4rke\u00e4\u00e4 ty\u00f6t\u00e4, joka vaatii korkeaa ammattitaitoa, jotta lopputulos olisi hyv\u00e4.<\/p>\n<p>Toisin kuin kahdessa edell\u00e4 mainitussa kategoriassa, ei ole koskaan suositeltavaa tehd\u00e4 sit\u00e4 itse!<\/p>\n<p>T\u00e4llaisten miekkojen k\u00e4sittelyyn on olemassa asiantuntijoita. Sek\u00e4 Japanista per\u00e4isin olevien antiikkimiekkojen ett\u00e4 Japanin nykyisten miekkaseppien valmistamien samuraimiekkojen osalta.<\/p>\n<p>Yleisin pyynt\u00f6 on t\u00e4ysin uusi kiillotus, kun on ostettu antiikkimiekka, tai kiillotuksen uusiminen uudemmille miekoille, joita on k\u00e4ytetty leikkausharjoitteluun.<\/p>\n<p>Palvelumme voi kuitenkin kattaa my\u00f6s kaikki muut tiedustelut, kuten vuoren (Koshirae) uusimisen. Ota yhteytt\u00e4 <a href=\"\/fi\/ota-yhteyttae\/\" target=\"_blank\" rel=\"noopener\">Ota yhteytt\u00e4<\/a> Ota yhteytt\u00e4, jos tarvitset Nihonton kunnostusta.<\/p>\n<h3>P\u00e4\u00e4telm\u00e4<\/h3>\n<p>Olemme ensisijaisesti miekkojen myyntitoimittaja, mutta haluaisimme tarjota my\u00f6s t\u00e4t\u00e4 palvelua.<\/p>\n<p>Kyselyst\u00e4 riippuen saatamme siksi ohjata sinut asiantuntijan luo sen j\u00e4lkeen, kun olet ottanut meihin yhteytt\u00e4.<\/p>\n<p>Emme ansaitse mit\u00e4\u00e4n t\u00e4llaisilla siirroilla, vaan n\u00e4emme t\u00e4m\u00e4n palveluna japanilaisille miekkamiehille Saksassa. Euroopassa ja Japanissa on asianmukaiset yhteyshenkil\u00f6t kaikissa asioissa, joten \u00e4l\u00e4 ep\u00e4r\u00f6i ottaa meihin yhteytt\u00e4.<\/p>\n<p>Jos et ole varma, mihin edell\u00e4 mainituista kolmesta kategoriasta miekkasi tulisi luokitella, autamme sinua mielell\u00e4mme.<\/p>","protected":false},"excerpt":{"rendered":"<p>F\u00fcr die meisten Katana Besitzer kommt fr\u00fcher oder sp\u00e4ter der Moment, an dem Restaurationsbedarf am eigenen Schwert entsteht. Dabei macht es einen gro\u00dfen Unterschied, ob es sich bei dem Schwert um ein Iaito handelt, eine modernes Replika oder um ein echtes japanisches Schwert. Wir bieten bieten aber f\u00fcr alle Bed\u00fcrfnisse den passenden Service. Iaito Restauration [&hellip;]<\/p>\n","protected":false},"author":1,"featured_media":0,"parent":0,"menu_order":0,"comment_status":"closed","ping_status":"closed","template":"","meta":{"_acf_changed":false,"footnotes":""},"class_list":["post-767","page","type-page","status-publish","hentry"],"acf":[],"_links":{"self":[{"href":"https:\/\/japan-budo.com\/fi\/wp-json\/wp\/v2\/pages\/767","targetHints":{"allow":["GET"]}}],"collection":[{"href":"https:\/\/japan-budo.com\/fi\/wp-json\/wp\/v2\/pages"}],"about":[{"href":"https:\/\/japan-budo.com\/fi\/wp-json\/wp\/v2\/types\/page"}],"author":[{"embeddable":true,"href":"https:\/\/japan-budo.com\/fi\/wp-json\/wp\/v2\/users\/1"}],"replies":[{"embeddable":true,"href":"https:\/\/japan-budo.com\/fi\/wp-json\/wp\/v2\/comments?post=767"}],"version-history":[{"count":8,"href":"https:\/\/japan-budo.com\/fi\/wp-json\/wp\/v2\/pages\/767\/revisions"}],"predecessor-version":[{"id":2391,"href":"https:\/\/japan-budo.com\/fi\/wp-json\/wp\/v2\/pages\/767\/revisions\/2391"}],"wp:attachment":[{"href":"https:\/\/japan-budo.com\/fi\/wp-json\/wp\/v2\/media?parent=767"}],"curies":[{"name":"wp","href":"https:\/\/api.w.org\/{rel}","templated":true}]}}