{"id":885,"date":"2024-03-10T20:56:50","date_gmt":"2024-03-10T19:56:50","guid":{"rendered":"https:\/\/japan-budo.com\/?page_id=885"},"modified":"2025-04-23T13:57:13","modified_gmt":"2025-04-23T11:57:13","slug":"katana-nihonto-iaito-japan-toive-miekka","status":"publish","type":"page","link":"https:\/\/japan-budo.com\/fi\/katana-nihonto-iaito-japan-toive-miekka\/","title":{"rendered":"Toivomus miekka"},"content":{"rendered":"<div data-elementor-type=\"wp-page\" data-elementor-id=\"885\" class=\"elementor elementor-885\" data-elementor-post-type=\"page\">\n\t\t\t\t<div class=\"elementor-element elementor-element-24a98696 e-flex e-con-boxed e-con e-parent\" data-id=\"24a98696\" data-element_type=\"container\" data-e-type=\"container\">\n\t\t\t\t\t<div class=\"e-con-inner\">\n\t\t\t\t<div class=\"elementor-element elementor-element-5645f917 elementor-widget elementor-widget-text-editor\" data-id=\"5645f917\" data-element_type=\"widget\" data-e-type=\"widget\" data-widget_type=\"text-editor.default\">\n\t\t\t\t<div class=\"elementor-widget-container\">\n\t\t\t\t\t\t\t\t\t<p>Meill\u00e4 sinulla on ainutlaatuinen mahdollisuus saada miekkasi t\u00e4ysin r\u00e4\u00e4t\u00e4l\u00f6ityn\u00e4 toiveidesi mukaan.<\/p><p>Eik\u00e4 vain uuden japanilaisen Iaiton vuoksi. On jopa mahdollista saada aito Shinsakuto Nihonto nykyiselt\u00e4 mestarisep\u00e4lt\u00e4 Japanista!<\/p><p>Nyt sinun tarvitsee vain p\u00e4\u00e4tt\u00e4\u00e4 miekkakonfiguraattorista:<\/p>\t\t\t\t\t\t\t\t<\/div>\n\t\t\t\t<\/div>\n\t\t\t\t\t<\/div>\n\t\t\t\t<\/div>\n\t\t<div class=\"elementor-element elementor-element-0dbbcae e-grid e-con-boxed e-con e-parent\" data-id=\"0dbbcae\" data-element_type=\"container\" data-e-type=\"container\">\n\t\t\t\t\t<div class=\"e-con-inner\">\n\t\t\t\t<div class=\"elementor-element elementor-element-9048e77 elementor-position-top elementor-widget elementor-widget-image-box\" data-id=\"9048e77\" data-element_type=\"widget\" data-e-type=\"widget\" data-widget_type=\"image-box.default\">\n\t\t\t\t<div class=\"elementor-widget-container\">\n\t\t\t\t\t<div class=\"elementor-image-box-wrapper\"><figure class=\"elementor-image-box-img\"><a href=\"https:\/\/japan-budo.com\/fi\/ostaa-iaito-japanin-verkkokauppa-saksaa\/iaito-shop-japan-premium\/suunnittele-oma-iaito-vapaasti-maeaerittaeae-teraen-pituus-suunnittelu\/\" tabindex=\"-1\"><img fetchpriority=\"high\" decoding=\"async\" width=\"1200\" height=\"798\" src=\"https:\/\/japan-budo.com\/wp-content\/uploads\/2024\/03\/japanische-Iaito.jpg\" class=\"attachment-full size-full wp-image-723\" alt=\"\" srcset=\"https:\/\/japan-budo.com\/wp-content\/uploads\/2024\/03\/japanische-Iaito.jpg 1200w, https:\/\/japan-budo.com\/wp-content\/uploads\/2024\/03\/japanische-Iaito-200x133.jpg 200w, https:\/\/japan-budo.com\/wp-content\/uploads\/2024\/03\/japanische-Iaito-150x100.jpg 150w, https:\/\/japan-budo.com\/wp-content\/uploads\/2024\/03\/japanische-Iaito-600x399.jpg 600w, https:\/\/japan-budo.com\/wp-content\/uploads\/2024\/03\/japanische-Iaito-300x200.jpg 300w, https:\/\/japan-budo.com\/wp-content\/uploads\/2024\/03\/japanische-Iaito-1024x681.jpg 1024w, https:\/\/japan-budo.com\/wp-content\/uploads\/2024\/03\/japanische-Iaito-768x511.jpg 768w, https:\/\/japan-budo.com\/wp-content\/uploads\/2024\/03\/japanische-Iaito-990x658.jpg 990w, https:\/\/japan-budo.com\/wp-content\/uploads\/2024\/03\/japanische-Iaito-441x293.jpg 441w\" sizes=\"(max-width: 1200px) 100vw, 1200px\" \/><\/a><\/figure><div class=\"elementor-image-box-content\"><h3 class=\"elementor-image-box-title\"><a href=\"https:\/\/japan-budo.com\/fi\/ostaa-iaito-japanin-verkkokauppa-saksaa\/iaito-shop-japan-premium\/suunnittele-oma-iaito-vapaasti-maeaerittaeae-teraen-pituus-suunnittelu\/\">Japanilaisen Iaiton vapaa muotoilu<\/a><\/h3><\/div><\/div>\t\t\t\t<\/div>\n\t\t\t\t<\/div>\n\t\t\t\t<div class=\"elementor-element elementor-element-b50bc9b elementor-position-top elementor-widget elementor-widget-image-box\" data-id=\"b50bc9b\" data-element_type=\"widget\" data-e-type=\"widget\" data-widget_type=\"image-box.default\">\n\t\t\t\t<div class=\"elementor-widget-container\">\n\t\t\t\t\t<div class=\"elementor-image-box-wrapper\"><figure class=\"elementor-image-box-img\"><a href=\"\/fi\/mestarimiekka-nihonto-japanista\/\" tabindex=\"-1\"><img decoding=\"async\" width=\"1200\" height=\"798\" data-src=\"https:\/\/japan-budo.com\/wp-content\/uploads\/2024\/03\/Nihonto-individuell.jpg\" class=\"attachment-full size-full wp-image-718 lazyload\" alt=\"\" data-srcset=\"https:\/\/japan-budo.com\/wp-content\/uploads\/2024\/03\/Nihonto-individuell.jpg 1200w, https:\/\/japan-budo.com\/wp-content\/uploads\/2024\/03\/Nihonto-individuell-200x133.jpg 200w, https:\/\/japan-budo.com\/wp-content\/uploads\/2024\/03\/Nihonto-individuell-150x100.jpg 150w, https:\/\/japan-budo.com\/wp-content\/uploads\/2024\/03\/Nihonto-individuell-600x399.jpg 600w, https:\/\/japan-budo.com\/wp-content\/uploads\/2024\/03\/Nihonto-individuell-300x200.jpg 300w, https:\/\/japan-budo.com\/wp-content\/uploads\/2024\/03\/Nihonto-individuell-1024x681.jpg 1024w, https:\/\/japan-budo.com\/wp-content\/uploads\/2024\/03\/Nihonto-individuell-768x511.jpg 768w, https:\/\/japan-budo.com\/wp-content\/uploads\/2024\/03\/Nihonto-individuell-990x658.jpg 990w, https:\/\/japan-budo.com\/wp-content\/uploads\/2024\/03\/Nihonto-individuell-441x293.jpg 441w\" data-sizes=\"(max-width: 1200px) 100vw, 1200px\" src=\"data:image\/svg+xml;base64,PHN2ZyB3aWR0aD0iMSIgaGVpZ2h0PSIxIiB4bWxucz0iaHR0cDovL3d3dy53My5vcmcvMjAwMC9zdmciPjwvc3ZnPg==\" style=\"--smush-placeholder-width: 1200px; --smush-placeholder-aspect-ratio: 1200\/798;\" \/><\/a><\/figure><div class=\"elementor-image-box-content\"><h3 class=\"elementor-image-box-title\"><a href=\"\/fi\/mestarimiekka-nihonto-japanista\/\">Kokoa oma Nihonto<\/a><\/h3><\/div><\/div>\t\t\t\t<\/div>\n\t\t\t\t<\/div>\n\t\t\t\t\t<\/div>\n\t\t\t\t<\/div>\n\t\t<div class=\"elementor-element elementor-element-544ffdf e-flex e-con-boxed e-con e-parent\" data-id=\"544ffdf\" data-element_type=\"container\" data-e-type=\"container\">\n\t\t\t\t\t<div class=\"e-con-inner\">\n\t\t\t\t\t<\/div>\n\t\t\t\t<\/div>\n\t\t\t\t<\/div>","protected":false},"excerpt":{"rendered":"<p>Bei uns haben Sie die einmalige Gelegenheit sich Ihr Schwert komplett individuell nach Ihren W\u00fcnschen gestalten zu lassen. Und das nicht nur f\u00fcr Ihr neues Iaito aus Japan. Es ist sogar m\u00f6glich f\u00fcr ein echtes Shinsakuto Nihonto von einem aktuellen Meisterschmied aus Japan! Sie m\u00fcssen sich jetzt nur noch f\u00fcr einen Schwert-Konfigurator entscheiden: Japanisches Iaito [&hellip;]<\/p>\n","protected":false},"author":1,"featured_media":0,"parent":0,"menu_order":0,"comment_status":"closed","ping_status":"closed","template":"","meta":{"_acf_changed":false,"footnotes":""},"class_list":["post-885","page","type-page","status-publish","hentry"],"acf":[],"_links":{"self":[{"href":"https:\/\/japan-budo.com\/fi\/wp-json\/wp\/v2\/pages\/885","targetHints":{"allow":["GET"]}}],"collection":[{"href":"https:\/\/japan-budo.com\/fi\/wp-json\/wp\/v2\/pages"}],"about":[{"href":"https:\/\/japan-budo.com\/fi\/wp-json\/wp\/v2\/types\/page"}],"author":[{"embeddable":true,"href":"https:\/\/japan-budo.com\/fi\/wp-json\/wp\/v2\/users\/1"}],"replies":[{"embeddable":true,"href":"https:\/\/japan-budo.com\/fi\/wp-json\/wp\/v2\/comments?post=885"}],"version-history":[{"count":24,"href":"https:\/\/japan-budo.com\/fi\/wp-json\/wp\/v2\/pages\/885\/revisions"}],"predecessor-version":[{"id":4793,"href":"https:\/\/japan-budo.com\/fi\/wp-json\/wp\/v2\/pages\/885\/revisions\/4793"}],"wp:attachment":[{"href":"https:\/\/japan-budo.com\/fi\/wp-json\/wp\/v2\/media?parent=885"}],"curies":[{"name":"wp","href":"https:\/\/api.w.org\/{rel}","templated":true}]}}