{"id":95,"date":"2024-02-08T10:00:18","date_gmt":"2024-02-08T09:00:18","guid":{"rendered":"https:\/\/japan-budo.com\/?page_id=95"},"modified":"2024-05-03T16:35:47","modified_gmt":"2024-05-03T14:35:47","slug":"maksu-ja-toimitus","status":"publish","type":"page","link":"https:\/\/japan-budo.com\/fi\/maksu-ja-toimitus\/","title":{"rendered":"Maksaminen ja l\u00e4hett\u00e4minen"},"content":{"rendered":"<p><strong>Maksaminen ja l\u00e4hett\u00e4minen<\/strong><br \/>\nSovelletaan seuraavia ehtoja:<\/p>\n<p><strong>Toimitusehdot<br \/>\n<\/strong>Toimitus tapahtuu Saksassa ja Euroopassa.<\/p>\n<p>Kaikille ostajille, joiden toimitusosoite on ulkomailla (Saksan ulkopuolella):<br \/>\nHuomaa, ett\u00e4 tarjoamme verkkokaupassamme my\u00f6s tuotteita, joita ei v\u00e4ltt\u00e4m\u00e4tt\u00e4 tuoda kaikkiin maihin. Tarkista siksi ennen ostosten tekemist\u00e4 paikallisilta tulliviranomaisilta, onko kyseisen tuotteen tuonti sallittua maassasi.<br \/>\nToimitamme aina Saksasta. Emme ota vastuuta tullin takavarikoimista tuotteista, emmek\u00e4 voi my\u00f6nt\u00e4\u00e4 hyvityksi\u00e4.<br \/>\nJos toimitusosoitteesi on Saksan ulkopuolella, saatat joutua maksamaan tuonti- ja tullimaksuja. N\u00e4m\u00e4 maksut lasketaan asianomaisessa vastaanottajamaassa, ja ostaja vastaa niist\u00e4. Tarkempia tietoja tuontikustannuksista saat paikallisesta tullitoimistosta.<\/p>\n<p><strong>Toimituskulut<\/strong><br \/>\n<strong>Kotimaan toimitukset (Saksa): <\/strong><br \/>\nVeloitamme toimituksista 7,50 euroa per tilaus.<br \/>\n<strong>Toimitukset ulkomaille:<\/strong><br \/>\nLaskemme toimituskulut ulkomaille seuraavasti:<br \/>\nEU ja Sveitsi: 23,90 euroa<br \/>\nMaailmanlaajuisesti: 49 euroa netto<\/p>\n<p>Hyvin suuri paino tai erityisen suuri tavaran arvo tai jos l\u00e4hetyst\u00e4 varten tarvitaan useampi kuin yksi paketti, voi harvoissa tapauksissa aiheuttaa lis\u00e4kustannuksia. T\u00e4ss\u00e4 tapauksessa otamme kuitenkin v\u00e4litt\u00f6m\u00e4sti yhteytt\u00e4 sinuun ja keskustelemme asiasta.<\/p>\n<p>L\u00e4het\u00e4mme tositteita vain s\u00e4hk\u00f6postitse. Siksi kuponkien toimituskuluja ei ole.<\/p>\n<p><strong>Toimitusajat<\/strong><br \/>\nJos tarjouksessa ei ole mainittu muuta m\u00e4\u00e4r\u00e4aikaa, tavarat toimitetaan 2-3 ty\u00f6p\u00e4iv\u00e4n kuluessa Saksassa ja 5-7 ty\u00f6p\u00e4iv\u00e4n kuluessa maksun vastaanottamisesta, kun kyseess\u00e4 on toimitus ulkomaille.<br \/>\nHuomaa, ett\u00e4 sunnuntaisin ja juhlapyhin\u00e4 ei toimiteta tavaraa.<br \/>\nJos olet tilannut tuotteita, joilla on eri toimitusajat, l\u00e4het\u00e4mme tavarat yhdess\u00e4 l\u00e4hetyksess\u00e4, ellemme ole sopineet kanssasi muista j\u00e4rjestelyist\u00e4. T\u00e4ll\u00f6in toimitusaika m\u00e4\u00e4r\u00e4ytyy sen kohteen mukaan, jolla on pisin tilaamasi toimitusaika.<\/p>\n<p><strong>Maksuehdot<\/strong><br \/>\n<strong>Kotimaan toimituksissa (Saksa) sinulla on seuraavat maksutavat:<\/strong><br \/>\n<strong>&#8211;\u00a0<\/strong>Ennakkomaksu pankkisiirrolla<br \/>\n<strong>&#8211;<\/strong>\u00a0PayPal<br \/>\n<strong>&#8211;<\/strong>\u00a0Suoraveloitus PayPalin kautta (PayPal-tili\u00e4 ei tarvita!)<br \/>\n<strong>&#8211;<\/strong> Luottokorttimaksu PayPalin kautta (PayPal-tili\u00e4 ei tarvita!)<br \/>\n<strong>Ulkomaille toimitettaessa sinulla on seuraavat maksutavat:<\/strong><br \/>\n<strong>&#8211;<\/strong><strong>\u00a0 <\/strong>Ennakkomaksu pankkisiirrolla<br \/>\n<strong>&#8211;<\/strong>\u00a0 Maksu PayPalin kautta<\/p>\n<p>Jos sinulla on kysytt\u00e4v\u00e4\u00e4, l\u00f6yd\u00e4t yhteystietomme painatuksesta.<\/p>","protected":false},"excerpt":{"rendered":"<p>Zahlung und Versand Es gelten folgende Bedingungen: Versandbedingungen Die Lieferung erfolgt im Inland (Deutschland) und in Europa. F\u00fcr alle K\u00e4ufer mit Lieferadresse im Ausland (au\u00dferhalb von Deutschland): Bitte beachten Sie, dass wir in unserem Webshop auch Artikel anbieten, die nicht in jedes Land importiert werden d\u00fcrfen. Bitte Informieren Sie sich deshalb vor Ihrem Kauf bei [&hellip;]<\/p>\n","protected":false},"author":1,"featured_media":0,"parent":0,"menu_order":0,"comment_status":"closed","ping_status":"closed","template":"","meta":{"_acf_changed":false,"footnotes":""},"class_list":["post-95","page","type-page","status-publish","hentry"],"acf":[],"_links":{"self":[{"href":"https:\/\/japan-budo.com\/fi\/wp-json\/wp\/v2\/pages\/95","targetHints":{"allow":["GET"]}}],"collection":[{"href":"https:\/\/japan-budo.com\/fi\/wp-json\/wp\/v2\/pages"}],"about":[{"href":"https:\/\/japan-budo.com\/fi\/wp-json\/wp\/v2\/types\/page"}],"author":[{"embeddable":true,"href":"https:\/\/japan-budo.com\/fi\/wp-json\/wp\/v2\/users\/1"}],"replies":[{"embeddable":true,"href":"https:\/\/japan-budo.com\/fi\/wp-json\/wp\/v2\/comments?post=95"}],"version-history":[{"count":4,"href":"https:\/\/japan-budo.com\/fi\/wp-json\/wp\/v2\/pages\/95\/revisions"}],"predecessor-version":[{"id":2974,"href":"https:\/\/japan-budo.com\/fi\/wp-json\/wp\/v2\/pages\/95\/revisions\/2974"}],"wp:attachment":[{"href":"https:\/\/japan-budo.com\/fi\/wp-json\/wp\/v2\/media?parent=95"}],"curies":[{"name":"wp","href":"https:\/\/api.w.org\/{rel}","templated":true}]}}