{"id":1259,"date":"2024-03-21T13:21:01","date_gmt":"2024-03-21T12:21:01","guid":{"rendered":"https:\/\/japan-budo.com\/unkategorisiert\/shinken-von-meister-masaaki\/"},"modified":"2025-06-04T08:24:17","modified_gmt":"2025-06-04T06:24:17","slug":"shinken-mestari-masaakilta","status":"publish","type":"product","link":"https:\/\/japan-budo.com\/fi\/nihonto-gendaito-shinken-iai-tameshigiri\/shinken-mestari-masaakilta\/","title":{"rendered":"Shinken Shinsakuto Katana Mestari Masaakilta"},"content":{"rendered":"<p>Eritt\u00e4in kaunis tilausty\u00f6, jonka on luonut mestari <strong data-start=\"34\" data-end=\"53\">Yoshida Masaaki<\/strong> Gifusta toteutui.<\/p>\n<p>Shinsakuto, joka sopii ker\u00e4ilyesineeksi sek\u00e4 iai- ja tameshigiri-miekaksi.<\/p>\n<p>Tekniset tiedot t\u00e4m\u00e4n liikkeen:<br \/>\nPituus: 2.45 shaku<br \/>\nHada: Itametsumu<br \/>\nHamon: O -Gunome<br \/>\nHabaki: hopea<br \/>\nKahvan k\u00e4\u00e4re: nahka<br \/>\nPaino ilman sayaa: 965g<\/p>\n<p>T\u00e4m\u00e4 onnistunut teos taottiin ainutlaatuiseksi kappaleeksi. Olet my\u00f6s tervetullut muokkaamaan japanilaisen miekan omien toiveidesi mukaan. Voit k\u00e4ytt\u00e4\u00e4 <a href=\"https:\/\/japan-budo.com\/fi\/mestarimiekka-nihonto-japanista\/\" target=\"_blank\" rel=\"noopener\">Shinsakuto muoto<\/a> k\u00e4ytt\u00e4\u00e4.<\/p>","protected":false},"excerpt":{"rendered":"<p>Sehr sch\u00f6ne Auftragsarbeit, die von Meister Yoshida Masaaki aus Gifu umgesetzt wurde. Ein Shinsakuto, das sich sowohl als Sammlerobjekt als auch f\u00fcr Schwert f\u00fcr Iai und Tameshigiri eignet. Die technischen Daten dieses Werks: L\u00e4nge: 2,45 shaku Hada: Itametsumu Hamon: O -Gunome Habaki: Silber Griffwicklung: Leder Gewicht ohne Saya: 965g Diese gelungene Arbeit wurde als Einzelst\u00fcck [&hellip;]<\/p>\n","protected":false},"featured_media":3486,"comment_status":"open","ping_status":"closed","template":"","meta":{"_acf_changed":false},"product_brand":[],"product_cat":[218],"product_tag":[],"class_list":{"0":"post-1259","1":"product","2":"type-product","3":"status-publish","4":"has-post-thumbnail","6":"product_cat-nihonto-gendaito-shinken-iai-tameshigiri","8":"first","9":"instock","10":"taxable","11":"shipping-taxable","12":"product-type-external"},"acf":[],"_links":{"self":[{"href":"https:\/\/japan-budo.com\/fi\/wp-json\/wp\/v2\/product\/1259","targetHints":{"allow":["GET"]}}],"collection":[{"href":"https:\/\/japan-budo.com\/fi\/wp-json\/wp\/v2\/product"}],"about":[{"href":"https:\/\/japan-budo.com\/fi\/wp-json\/wp\/v2\/types\/product"}],"replies":[{"embeddable":true,"href":"https:\/\/japan-budo.com\/fi\/wp-json\/wp\/v2\/comments?post=1259"}],"wp:featuredmedia":[{"embeddable":true,"href":"https:\/\/japan-budo.com\/fi\/wp-json\/wp\/v2\/media\/3486"}],"wp:attachment":[{"href":"https:\/\/japan-budo.com\/fi\/wp-json\/wp\/v2\/media?parent=1259"}],"wp:term":[{"taxonomy":"product_brand","embeddable":true,"href":"https:\/\/japan-budo.com\/fi\/wp-json\/wp\/v2\/product_brand?post=1259"},{"taxonomy":"product_cat","embeddable":true,"href":"https:\/\/japan-budo.com\/fi\/wp-json\/wp\/v2\/product_cat?post=1259"},{"taxonomy":"product_tag","embeddable":true,"href":"https:\/\/japan-budo.com\/fi\/wp-json\/wp\/v2\/product_tag?post=1259"}],"curies":[{"name":"wp","href":"https:\/\/api.w.org\/{rel}","templated":true}]}}