{"id":1261,"date":"2024-03-21T13:21:06","date_gmt":"2024-03-21T12:21:06","guid":{"rendered":"https:\/\/japan-budo.com\/unkategorisiert\/shinken-von-meister-mitsuhiro\/"},"modified":"2025-06-04T08:31:24","modified_gmt":"2025-06-04T06:31:24","slug":"shinken-mestari-mitsuhirolta","status":"publish","type":"product","link":"https:\/\/japan-budo.com\/fi\/nihonto-gendaito-shinken-iai-tameshigiri\/shinken-mestari-mitsuhirolta\/","title":{"rendered":"Mestari Mitsuhiro Katana Shinken Shinsakuto - Katana Shinken Shinsakuto"},"content":{"rendered":"<p>Kaunis miekka mestari Mitsuhirolta.<\/p>\n<p>T\u00e4m\u00e4n miekan tekniset tiedot:<br \/>\n- Ter\u00e4n pituus (Nagasa): 2.50 shaku<br \/>\n- Deluxe kiillotus<br \/>\n- Habaki kiinte\u00e4\u00e4 hopeaa<br \/>\n- Silkkikahvan k\u00e4\u00e4mitys<\/p>\n<p>T\u00e4m\u00e4 onnistunut teos taottiin ainutlaatuiseksi kappaleeksi. Olet my\u00f6s tervetullut muokkaamaan japanilaisen miekan omien toiveidesi mukaan. Voit k\u00e4ytt\u00e4\u00e4 <a href=\"https:\/\/japan-budo.com\/fi\/mestarimiekka-nihonto-japanista\/\" target=\"_blank\" rel=\"noopener\">Shinsakuto muoto<\/a> k\u00e4ytt\u00e4\u00e4.<\/p>","protected":false},"excerpt":{"rendered":"<p>Mestari Mitsuhiron kaunis miekka. T\u00e4m\u00e4n miekan tekniset tiedot: - Ter\u00e4n pituus (Nagasa): 2,50 shaku - Deluxe kiillotus - Habaki massiivihopeaa - Silkkikahvan k\u00e4\u00e4mitys T\u00e4m\u00e4 onnistunut teos on taottu ainutlaatuisena kappaleena. Olet my\u00f6s tervetullut r\u00e4\u00e4t\u00e4l\u00f6im\u00e4\u00e4n japanilaisen miekan omien toiveidesi mukaan. Voit k\u00e4ytt\u00e4\u00e4 t\u00e4h\u00e4n Shinsakuto-lomakettamme.<\/p>","protected":false},"featured_media":3484,"comment_status":"open","ping_status":"closed","template":"","meta":{"_acf_changed":false},"product_brand":[],"product_cat":[218],"product_tag":[],"class_list":{"0":"post-1261","1":"product","2":"type-product","3":"status-publish","4":"has-post-thumbnail","6":"product_cat-nihonto-gendaito-shinken-iai-tameshigiri","8":"first","9":"instock","10":"taxable","11":"shipping-taxable","12":"product-type-simple"},"acf":[],"_links":{"self":[{"href":"https:\/\/japan-budo.com\/fi\/wp-json\/wp\/v2\/product\/1261","targetHints":{"allow":["GET"]}}],"collection":[{"href":"https:\/\/japan-budo.com\/fi\/wp-json\/wp\/v2\/product"}],"about":[{"href":"https:\/\/japan-budo.com\/fi\/wp-json\/wp\/v2\/types\/product"}],"replies":[{"embeddable":true,"href":"https:\/\/japan-budo.com\/fi\/wp-json\/wp\/v2\/comments?post=1261"}],"wp:featuredmedia":[{"embeddable":true,"href":"https:\/\/japan-budo.com\/fi\/wp-json\/wp\/v2\/media\/3484"}],"wp:attachment":[{"href":"https:\/\/japan-budo.com\/fi\/wp-json\/wp\/v2\/media?parent=1261"}],"wp:term":[{"taxonomy":"product_brand","embeddable":true,"href":"https:\/\/japan-budo.com\/fi\/wp-json\/wp\/v2\/product_brand?post=1261"},{"taxonomy":"product_cat","embeddable":true,"href":"https:\/\/japan-budo.com\/fi\/wp-json\/wp\/v2\/product_cat?post=1261"},{"taxonomy":"product_tag","embeddable":true,"href":"https:\/\/japan-budo.com\/fi\/wp-json\/wp\/v2\/product_tag?post=1261"}],"curies":[{"name":"wp","href":"https:\/\/api.w.org\/{rel}","templated":true}]}}