{"id":1593,"date":"2024-04-02T16:23:32","date_gmt":"2024-04-02T14:23:32","guid":{"rendered":"https:\/\/japan-budo.com\/unkategorisiert\/bokken-japanische-weisse-eiche\/"},"modified":"2026-04-08T10:00:27","modified_gmt":"2026-04-08T08:00:27","slug":"bokken-japanilainen-valkotammi","status":"publish","type":"product","link":"https:\/\/japan-budo.com\/fi\/bokken-puinen-miekka-japan-budo-samurai-miekka\/bokken-japanilainen-valkotammi\/","title":{"rendered":"Bokken - japanilainen valkotammi"},"content":{"rendered":"<p>Valkotammesta valmistettu Bokken, jonka pituus on noin 102cm.<\/p>\n<p>Hankimme t\u00e4m\u00e4n bokkenin yhdelt\u00e4 Japanin johtavista puunvalmistajista varmistaaksemme puun erityisen laadun.<\/p>\n<p>T\u00e4m\u00e4 valkotammesta valmistettu bokken on yksi yleisimmist\u00e4. Se on noin 102 cm pitk\u00e4 ja painaa noin 520 g (t\u00e4m\u00e4 tieto on suuntaa antava, paino voi vaihdella 50 grammaa tai enemm\u00e4n). T\u00e4m\u00e4 korkealaatuinen tuote on valmistettu Japanissa valkoisesta japanilaisesta tammesta. Paljon parempaa laatua kuin usein tarjolla oleva kiinalainen tammi.<\/p>\n<p>Bokken toimitetaan ilman tsubaa ja tsubadomea. L\u00f6yd\u00e4t n\u00e4m\u00e4 eri versioina bokkenin tarvikkeet -kategoriasta.<\/p>\n<p>T\u00e4m\u00e4 tuote on per\u00e4isin Japanista. Koska EU:n nykyisen lains\u00e4\u00e4d\u00e4nn\u00f6n mukaan EU:ssa on oltava yhteyshenkil\u00f6 turvallisuuskysymyksiss\u00e4, tarjoamme tuotetta EU-tuotemerkill\u00e4 vaatimusten t\u00e4ytt\u00e4miseksi. T\u00e4t\u00e4 varten se valmistetaan erityisesti meit\u00e4 varten Japanissa ja luodaan asianmukaiset olosuhteet, jotta voimme tarjota sit\u00e4 EU:n markkinoilla lains\u00e4\u00e4d\u00e4nn\u00f6n mukaisesti.<br \/>\nN\u00e4in ollen nimet\u00e4\u00e4n saksalainen valmistaja.<\/p>\n<p>EU:n lains\u00e4\u00e4d\u00e4nn\u00f6n mukainen valmistaja: DerShogun, Andara GmbH, Brunnenweg 15, 64331 Weiterstadt, Saksa, info@andara-gmbh.de.<\/p>","protected":false},"excerpt":{"rendered":"<p>Bokken aus wei\u00dfer Eiche mit ca. 102cm L\u00e4nge. Wir beziehen dieses Bokken von einer der f\u00fchrenden Holzmanufakturen Japans um eine besondere Holzqualit\u00e4t sicherstellen zu k\u00f6nnen. Dieser Bokkentyp aus wei\u00dfe Eiche ist einer der gebr\u00e4uchlichsten. Bei einer L\u00e4nge von ca. 102 cm wiegt er ca. 520g (diese Angabe dient der Orientierung, das Gewicht kann durchaus um [&hellip;]<\/p>\n","protected":false},"featured_media":4663,"comment_status":"open","ping_status":"closed","template":"","meta":{"_acf_changed":false},"product_brand":[],"product_cat":[48],"product_tag":[],"class_list":{"0":"post-1593","1":"product","2":"type-product","3":"status-publish","4":"has-post-thumbnail","6":"product_cat-bokken-holzschwert-japan-budo-samurai-schwert","8":"first","9":"instock","10":"taxable","11":"shipping-taxable","12":"purchasable","13":"product-type-simple"},"acf":[],"_links":{"self":[{"href":"https:\/\/japan-budo.com\/fi\/wp-json\/wp\/v2\/product\/1593","targetHints":{"allow":["GET"]}}],"collection":[{"href":"https:\/\/japan-budo.com\/fi\/wp-json\/wp\/v2\/product"}],"about":[{"href":"https:\/\/japan-budo.com\/fi\/wp-json\/wp\/v2\/types\/product"}],"replies":[{"embeddable":true,"href":"https:\/\/japan-budo.com\/fi\/wp-json\/wp\/v2\/comments?post=1593"}],"wp:featuredmedia":[{"embeddable":true,"href":"https:\/\/japan-budo.com\/fi\/wp-json\/wp\/v2\/media\/4663"}],"wp:attachment":[{"href":"https:\/\/japan-budo.com\/fi\/wp-json\/wp\/v2\/media?parent=1593"}],"wp:term":[{"taxonomy":"product_brand","embeddable":true,"href":"https:\/\/japan-budo.com\/fi\/wp-json\/wp\/v2\/product_brand?post=1593"},{"taxonomy":"product_cat","embeddable":true,"href":"https:\/\/japan-budo.com\/fi\/wp-json\/wp\/v2\/product_cat?post=1593"},{"taxonomy":"product_tag","embeddable":true,"href":"https:\/\/japan-budo.com\/fi\/wp-json\/wp\/v2\/product_tag?post=1593"}],"curies":[{"name":"wp","href":"https:\/\/api.w.org\/{rel}","templated":true}]}}