{"id":1607,"date":"2024-04-02T16:23:35","date_gmt":"2024-04-02T14:23:35","guid":{"rendered":"https:\/\/japan-budo.com\/unkategorisiert\/bokken-aus-kamelienholz-made-in-japan\/"},"modified":"2026-02-16T10:18:15","modified_gmt":"2026-02-16T09:18:15","slug":"bokken-valmistettu-kamelia-puusta-valmistettu-japanissa","status":"publish","type":"product","link":"https:\/\/japan-budo.com\/fi\/bokken-puinen-miekka-japan-budo-samurai-miekka\/bokken-valmistettu-kamelia-puusta-valmistettu-japanissa\/","title":{"rendered":"Kameliapuusta valmistettu Bokken Made in Japan"},"content":{"rendered":"<p>Kameliapuu (Tsubaki) on yksi Japanin korkealaatuisimmista puulajeista.<\/p>\n<p>Hankimme t\u00e4m\u00e4n bokkenin yhdelt\u00e4 Japanin johtavista puunvalmistajista varmistaaksemme puun erityisen laadun.<\/p>\n<p>Erityisesti kendokat, jotka k\u00e4ytt\u00e4v\u00e4t bokkeniaan paljon, ovat jo kauan sitten l\u00f6yt\u00e4neet kameliapuusta valmistetut bokkenit.<\/p>\n<p>Hyvin hitaasti kasvavalla puulla on kaunis v\u00e4ri ja eritt\u00e4in hienojakoinen v\u00e4ri. Se on eritt\u00e4in sitke\u00e4\u00e4 ja kovaa. Silti se on suhteellisen kevytt\u00e4!<\/p>\n<p>Paino on noin 520 g (t\u00e4m\u00e4 tieto on suuntaa antava, paino voi vaihdella 50 grammaa tai enemm\u00e4n) ja pituus on noin 102 cm.<\/p>\n<p>Bokken on vahattu.<\/p>\n<p>T\u00e4ss\u00e4 bokutossa on selk\u00e4rangan harja, joka saattaa vaatia n\u00e4iden elementtien s\u00e4\u00e4t\u00e4mist\u00e4, kun sit\u00e4 k\u00e4ytet\u00e4\u00e4n tsuban ja muovisen sayan kanssa.<\/p>\n<p>Huomaa, ett\u00e4 kyseess\u00e4 on eritt\u00e4in kest\u00e4v\u00e4 puu. \u00c4\u00e4rimm\u00e4iset kuormitukset voivat kuitenkin vahingoittaa my\u00f6s t\u00e4t\u00e4 puuta.<\/p>\n<p>T\u00e4m\u00e4 tuote on per\u00e4isin Japanista. Koska EU:n nykyisen lains\u00e4\u00e4d\u00e4nn\u00f6n mukaan EU:ssa on oltava yhteyshenkil\u00f6 turvallisuuskysymyksiss\u00e4, tarjoamme tuotetta EU-tuotemerkill\u00e4 vaatimusten t\u00e4ytt\u00e4miseksi. T\u00e4t\u00e4 varten se valmistetaan erityisesti meit\u00e4 varten Japanissa ja luodaan asianmukaiset olosuhteet, jotta voimme tarjota sit\u00e4 EU:n markkinoilla lains\u00e4\u00e4d\u00e4nn\u00f6n mukaisesti.<br \/>\nN\u00e4in ollen nimet\u00e4\u00e4n saksalainen valmistaja.<\/p>\n<p>EU:n lains\u00e4\u00e4d\u00e4nn\u00f6n mukainen valmistaja: DerShogun, Andara GmbH, Brunnenweg 15, 64331 Weiterstadt, Saksa, info@andara-gmbh.de.<\/p>","protected":false},"excerpt":{"rendered":"<p>Kamelienholz (Tsubaki) ist eines der hochwertigsten H\u00f6lzer aus Japan. Wir beziehen dieses Bokken von einer der f\u00fchrenden Holzmanufakturen Japans, um eine besondere Holzqualit\u00e4t sicherstellen zu k\u00f6nnen. Insbesondere Kendoka, die ihr Bokken stark beanspruchen, haben Bokken aus Kamelienholz l\u00e4ngst f\u00fcr sich entdeckt. Das sehr langsam wachsende Holz hat eine sch\u00f6ne Farbe und eine sehr feine Maserung. [&hellip;]<\/p>\n","protected":false},"featured_media":3194,"comment_status":"open","ping_status":"closed","template":"","meta":{"_acf_changed":false},"product_brand":[],"product_cat":[48],"product_tag":[],"class_list":{"0":"post-1607","1":"product","2":"type-product","3":"status-publish","4":"has-post-thumbnail","6":"product_cat-bokken-holzschwert-japan-budo-samurai-schwert","8":"first","9":"instock","10":"taxable","11":"shipping-taxable","12":"purchasable","13":"product-type-simple"},"acf":[],"_links":{"self":[{"href":"https:\/\/japan-budo.com\/fi\/wp-json\/wp\/v2\/product\/1607","targetHints":{"allow":["GET"]}}],"collection":[{"href":"https:\/\/japan-budo.com\/fi\/wp-json\/wp\/v2\/product"}],"about":[{"href":"https:\/\/japan-budo.com\/fi\/wp-json\/wp\/v2\/types\/product"}],"replies":[{"embeddable":true,"href":"https:\/\/japan-budo.com\/fi\/wp-json\/wp\/v2\/comments?post=1607"}],"wp:featuredmedia":[{"embeddable":true,"href":"https:\/\/japan-budo.com\/fi\/wp-json\/wp\/v2\/media\/3194"}],"wp:attachment":[{"href":"https:\/\/japan-budo.com\/fi\/wp-json\/wp\/v2\/media?parent=1607"}],"wp:term":[{"taxonomy":"product_brand","embeddable":true,"href":"https:\/\/japan-budo.com\/fi\/wp-json\/wp\/v2\/product_brand?post=1607"},{"taxonomy":"product_cat","embeddable":true,"href":"https:\/\/japan-budo.com\/fi\/wp-json\/wp\/v2\/product_cat?post=1607"},{"taxonomy":"product_tag","embeddable":true,"href":"https:\/\/japan-budo.com\/fi\/wp-json\/wp\/v2\/product_tag?post=1607"}],"curies":[{"name":"wp","href":"https:\/\/api.w.org\/{rel}","templated":true}]}}