{"id":1610,"date":"2024-04-02T16:23:36","date_gmt":"2024-04-02T14:23:36","guid":{"rendered":"https:\/\/japan-budo.com\/unkategorisiert\/bokken-tsuba-in-standardgroesse\/"},"modified":"2026-03-10T07:53:38","modified_gmt":"2026-03-10T06:53:38","slug":"bokken-tsuba-vakiokokoisena","status":"publish","type":"product","link":"https:\/\/japan-budo.com\/fi\/bokken-puinen-miekka-japan-budo-samurai-miekka\/bokken-tsuba-vakiokokoisena\/","title":{"rendered":"Bokken - Tsuba vakiokokoisena"},"content":{"rendered":"<p>Vankka muovinen tuuba, jossa on Tsubadome Japanista.<\/p>\n<h2>Miksi on olemassa Bokken Tsuba?<\/h2>\n<p>Tsuba on samuraimiekan ter\u00e4n nimi. Se suojaa k\u00e4tt\u00e4.<\/p>\n<p>Japanilaisissa taistelulajeissa kenjutsuharjoittelussa k\u00e4ytet\u00e4\u00e4n puumiekkaa, jota kutsutaan kenjutsuksi. <a href=\"https:\/\/japan-budo.com\/fi\/bokken-puinen-miekka-japan-budo-samurai-miekka\/\" target=\"_blank\" rel=\"noopener\">Bokken tai Bokuto<\/a> k\u00e4ytetty.<\/p>\n<p>T\u00e4st\u00e4 miekasta on olemassa erilaisia versioita riippuen siit\u00e4, mit\u00e4 kamppailulajia harjoitetaan. Joissakin tyyleiss\u00e4 k\u00e4ytet\u00e4\u00e4n ter\u00e4\u00e4, joka j\u00e4ljittelee oikean miekan ter\u00e4\u00e4.<\/p>\n<h2>Mink\u00e4laisia bokken-tsuboja on saatavilla?<\/h2>\n<p>T\u00e4ss\u00e4 tarjottu versio on yksinkertainen ja edullinen. Se on standardi useimmissa kamppailulajikouluissa. Muovikiekko pidet\u00e4\u00e4n paikallaan kumin (Tsubadome) avulla. Mitoiltaan n. 7,8 cm x 7,2 cm vastaavat ne tavallista puukkoter\u00e4\u00e4, ja 6 mm:n paksuus tekee niist\u00e4 kest\u00e4vi\u00e4.<\/p>\n<p>Vaihtoehtoisesti on olemassa nahasta valmistettuja bokken-tsuboja. L\u00f6yd\u00e4t ne kategoriastamme <a href=\"https:\/\/japan-budo.com\/fi\/bokken-tarvikkeet\/\" target=\"_blank\" rel=\"noopener\">Bokken-tarvikkeet<\/a>. Nahan etuna on, ett\u00e4 se on hieman joustava. T\u00e4m\u00e4 tarkoittaa, ett\u00e4 ter\u00e4 voidaan kiinnitt\u00e4\u00e4 bokkeniin ilman tsubadomea. Erityisesti yhdistettyn\u00e4 <a href=\"https:\/\/japan-budo.com\/fi\/bokken-tarvikkeet\/bokken-saya-japanista-muovia\/\" target=\"_blank\" rel=\"noopener\">Bokken saya<\/a> nahkatsuban k\u00e4ytt\u00f6 on j\u00e4rkev\u00e4\u00e4.<\/p>\n<p>Bokkenin nahkatsuboja on saatavana suhteellisen yksinkertaisina malleina, mutta on my\u00f6s versioita, jotka on lis\u00e4ksi ommeltu, ja jopa yksil\u00f6it\u00e4, jotka on p\u00e4\u00e4llystetty siemenill\u00e4 tai joiden nahkapinnalla on kuvioita.<\/p>\n<h2>Mihin miekkoihin tsubamme sopivat?<\/h2>\n<p>Japanissa bokkenien tuotantom\u00e4\u00e4rittelyt ovat suhteellisen standardoituja. Tsubamme sopivat ehdottomasti valikoimamme bokkeniin.<\/p>\n<p>Muut valmistajat saattavat vaatia ter\u00e4\u00e4n pieni\u00e4 s\u00e4\u00e4t\u00f6j\u00e4. T\u00e4m\u00e4 voidaan kuitenkin yleens\u00e4 tehd\u00e4 muutamalla yksinkertaisella toimenpiteell\u00e4 viilan avulla.<\/p>\n<p>T\u00e4m\u00e4 tuote on per\u00e4isin Japanista. Koska EU:n nykyisen lains\u00e4\u00e4d\u00e4nn\u00f6n mukaan EU:ssa on oltava yhteyshenkil\u00f6 turvallisuuskysymyksiss\u00e4, tarjoamme tuotetta EU-tuotemerkill\u00e4 vaatimusten t\u00e4ytt\u00e4miseksi. T\u00e4t\u00e4 varten se valmistetaan erityisesti meit\u00e4 varten Japanissa ja luodaan asianmukaiset olosuhteet, jotta voimme tarjota sit\u00e4 EU:n markkinoilla lains\u00e4\u00e4d\u00e4nn\u00f6n mukaisesti.<br \/>\nN\u00e4in ollen nimet\u00e4\u00e4n saksalainen valmistaja.<\/p>\n<p>EU:n lains\u00e4\u00e4d\u00e4nn\u00f6n mukainen valmistaja: DerShogun, Andara GmbH, Brunnenweg 15, 64331 Weiterstadt, Saksa, info@andara-gmbh.de.<\/p>","protected":false},"excerpt":{"rendered":"<p>Robuste Kunststofftsuba mit Tsubadome aus Japan. Warum gibt es Bokken Tsuba? Tsuba ist die Bezeichnung f\u00fcr das Stichblatt am Samurai Schwert. Dieses Sch\u00fctz die Hand. F\u00fcr das Kenjutsu Training wird in den japanischen Kampfk\u00fcnsten ein Holzschwert mit dem Namen Bokken oder Bokuto verwendet. Je nach der trainierten Kampfkunst gibt es unterschiedliche Ausf\u00fchrungen dieses Schwertes. In [&hellip;]<\/p>\n","protected":false},"featured_media":2395,"comment_status":"open","ping_status":"closed","template":"","meta":{"_acf_changed":false},"product_brand":[],"product_cat":[48],"product_tag":[],"class_list":{"0":"post-1610","1":"product","2":"type-product","3":"status-publish","4":"has-post-thumbnail","6":"product_cat-bokken-holzschwert-japan-budo-samurai-schwert","8":"first","9":"instock","10":"taxable","11":"shipping-taxable","12":"purchasable","13":"product-type-simple"},"acf":[],"_links":{"self":[{"href":"https:\/\/japan-budo.com\/fi\/wp-json\/wp\/v2\/product\/1610","targetHints":{"allow":["GET"]}}],"collection":[{"href":"https:\/\/japan-budo.com\/fi\/wp-json\/wp\/v2\/product"}],"about":[{"href":"https:\/\/japan-budo.com\/fi\/wp-json\/wp\/v2\/types\/product"}],"replies":[{"embeddable":true,"href":"https:\/\/japan-budo.com\/fi\/wp-json\/wp\/v2\/comments?post=1610"}],"wp:featuredmedia":[{"embeddable":true,"href":"https:\/\/japan-budo.com\/fi\/wp-json\/wp\/v2\/media\/2395"}],"wp:attachment":[{"href":"https:\/\/japan-budo.com\/fi\/wp-json\/wp\/v2\/media?parent=1610"}],"wp:term":[{"taxonomy":"product_brand","embeddable":true,"href":"https:\/\/japan-budo.com\/fi\/wp-json\/wp\/v2\/product_brand?post=1610"},{"taxonomy":"product_cat","embeddable":true,"href":"https:\/\/japan-budo.com\/fi\/wp-json\/wp\/v2\/product_cat?post=1610"},{"taxonomy":"product_tag","embeddable":true,"href":"https:\/\/japan-budo.com\/fi\/wp-json\/wp\/v2\/product_tag?post=1610"}],"curies":[{"name":"wp","href":"https:\/\/api.w.org\/{rel}","templated":true}]}}