{"id":1614,"date":"2024-04-02T16:23:36","date_gmt":"2024-04-02T14:23:36","guid":{"rendered":"https:\/\/japan-budo.com\/unkategorisiert\/bokken-ledertsuba\/"},"modified":"2026-02-10T18:18:24","modified_gmt":"2026-02-10T17:18:24","slug":"bokken-nahkainen-tsuba","status":"publish","type":"product","link":"https:\/\/japan-budo.com\/fi\/bokken-puinen-miekka-japan-budo-samurai-miekka\/bokken-nahkainen-tsuba\/","title":{"rendered":"Bokken - Nahka tsuba"},"content":{"rendered":"<p>Japan Budon yksityiskohdissa on my\u00f6s jotain erityist\u00e4. Nahkaiset tsubamme ovat laadukasta k\u00e4sity\u00f6t\u00e4. Eritt\u00e4in kest\u00e4vi\u00e4 ja saatavilla vain Japan Budolta.<\/p>\n<p>N\u00e4m\u00e4 tsubat sopivat bokkeniin, jonka mitat ovat vakiomittaiset. Jos tsuba ei sovi bokkenillesi, se voidaan optimoida tekem\u00e4ll\u00e4 muutoksia.<\/p>\n<p>Noin 8mm paksu Bokken Tsuba painaa noin 45g ja on kooltaan noin 78mm x 78mm.<br \/>\nPinnat on kiillotettu eritt\u00e4in huolellisesti.<\/p>\n<p>Sis\u00e4piirin vinkki: nahkatsuba pit\u00e4\u00e4 kiinni bokkenista ilman tsubakupua. Yhdess\u00e4 bokkenin sayan kanssa t\u00e4m\u00e4 mahdollistaa viel\u00e4 paremman harjoittelun kuin muovisella tsuballa.<\/p>\n<p>Valmistaja: DerShogun, Andara GmbH, Brunnenweg 15, 64331 Weiterstadt, Saksa, info@andara-gmbh.de.<\/p>","protected":false},"excerpt":{"rendered":"<p>Auch in Details k\u00f6nnen Sie bei Japan Budo das Besondere finden. Unsere Ledertsuba sind ein St\u00fcck hochwertiger Handarbeit. Sehr belastbar und nur bei Japan Budo zu erhalten. Diese Tsuba passen auf Bokken mit Standardma\u00dfen. Falls die Tsuba bei Ihrem Bokken nicht passt, kann sie durch Anpassungen optimiert werden. Die ca. 8mm dicken Bokken Tsuba wiegen [&hellip;]<\/p>\n","protected":false},"featured_media":3603,"comment_status":"open","ping_status":"closed","template":"","meta":{"_acf_changed":false},"product_brand":[],"product_cat":[48],"product_tag":[],"class_list":{"0":"post-1614","1":"product","2":"type-product","3":"status-publish","4":"has-post-thumbnail","6":"product_cat-bokken-holzschwert-japan-budo-samurai-schwert","8":"first","9":"instock","10":"taxable","11":"shipping-taxable","12":"purchasable","13":"product-type-simple"},"acf":[],"_links":{"self":[{"href":"https:\/\/japan-budo.com\/fi\/wp-json\/wp\/v2\/product\/1614","targetHints":{"allow":["GET"]}}],"collection":[{"href":"https:\/\/japan-budo.com\/fi\/wp-json\/wp\/v2\/product"}],"about":[{"href":"https:\/\/japan-budo.com\/fi\/wp-json\/wp\/v2\/types\/product"}],"replies":[{"embeddable":true,"href":"https:\/\/japan-budo.com\/fi\/wp-json\/wp\/v2\/comments?post=1614"}],"wp:featuredmedia":[{"embeddable":true,"href":"https:\/\/japan-budo.com\/fi\/wp-json\/wp\/v2\/media\/3603"}],"wp:attachment":[{"href":"https:\/\/japan-budo.com\/fi\/wp-json\/wp\/v2\/media?parent=1614"}],"wp:term":[{"taxonomy":"product_brand","embeddable":true,"href":"https:\/\/japan-budo.com\/fi\/wp-json\/wp\/v2\/product_brand?post=1614"},{"taxonomy":"product_cat","embeddable":true,"href":"https:\/\/japan-budo.com\/fi\/wp-json\/wp\/v2\/product_cat?post=1614"},{"taxonomy":"product_tag","embeddable":true,"href":"https:\/\/japan-budo.com\/fi\/wp-json\/wp\/v2\/product_tag?post=1614"}],"curies":[{"name":"wp","href":"https:\/\/api.w.org\/{rel}","templated":true}]}}