{"id":1619,"date":"2024-04-02T16:23:38","date_gmt":"2024-04-02T14:23:38","guid":{"rendered":"https:\/\/japan-budo.com\/unkategorisiert\/kunststoff-saya-aus-japan-fuer-bokken\/"},"modified":"2026-03-19T14:11:08","modified_gmt":"2026-03-19T13:11:08","slug":"bokken-saya-japanista-muovia","status":"publish","type":"product","link":"https:\/\/japan-budo.com\/fi\/bokken-puinen-miekka-japan-budo-samurai-miekka\/bokken-saya-japanista-muovia\/","title":{"rendered":"Bokken saya Japanista valmistettu muovista"},"content":{"rendered":"<p>Japanilaista laatua oleva Bokken saya, joka sopii ohjelmassamme oleviin puisiin harjoitusmiekkoihin. T\u00e4m\u00e4 vankka versio bokkenin (tunnetaan my\u00f6s nimell\u00e4 bokuto) harjoittelusayasta on luotettava kumppani s\u00e4\u00e4nn\u00f6lliseen harjoitteluun.<\/p>\n<p>Miekka-arkku on riitt\u00e4v\u00e4n vakaa kaikkien japanilaisen miekkataidon harjoittelussa harjoitettavien liikkeiden suorittamiseen. Mukana toimitetun hihnan ansiosta miekkatupen voi jopa kiinnitt\u00e4\u00e4, jolloin harjoittelu on entist\u00e4 l\u00e4hemp\u00e4n\u00e4 oikealla miekalla harjoittelua.<\/p>\n<h2>Milloin harjoittelet Bokken Sayan kanssa?<\/h2>\n<p>Bokkenilla ja muovisella sayalla harjoittelussa harjoitellaan ensisijaisesti miekan vet\u00e4miseen liittyvi\u00e4 liikkeit\u00e4.<\/p>\n<p>Joissakin kamppailulajikouluissa pidet\u00e4\u00e4n bokken- ja saya-sarjaa valmiina edullisena h\u00e4t\u00e4varana harjoittelijoille, jotka ovat unohtaneet iaitonsa.<\/p>\n<h2>Mitk\u00e4 ovat japanilaisen bokken sayan edut?<\/h2>\n<p>Muovisia sayoja on saatavilla useista maista hyvin eri hinta- ja laatutasoilla. Kokemuksemme mukaan japanilaiset sayat soveltuvat parhaiten japanilaisten miekkataitojen harjoitteluun niiden tarkan muotoilun ansiosta.<\/p>\n<p>Niill\u00e4 on oikea paino ja joustavuus, ja koska ne ovat japanilaisia tuotteita, ne soveltuvat luonnollisesti parhaiten vastaavan kamppailulajin harjoitteluun.<\/p>\n<h2>Lis\u00e4suositus<\/h2>\n<p>Jos harjoittelet sayan ja tsuban kanssa bokkenissa, sinun on k\u00e4ytett\u00e4v\u00e4 mieluiten nahkater\u00e4\u00e4 (tsuba). N\u00e4m\u00e4 versiot pit\u00e4v\u00e4t kiinni bokkenissa ilman ylim\u00e4\u00e4r\u00e4ist\u00e4 pitokumia (tsubadome). T\u00e4m\u00e4n seurauksena sovitustarkkuus miekkatupen kanssa on paljon parempi ja l\u00e4hemp\u00e4n\u00e4 oikeaa miekkaa kuin harjoittelussa tsuba domen kanssa.<\/p>\n<p>L\u00f6yd\u00e4t nahka bokken tsuba kategoriaamme varten. <a href=\"https:\/\/japan-budo.com\/fi\/bokken-tarvikkeet\/\" target=\"_blank\" rel=\"noopener\">Bokken-tarvikkeet<\/a>.<\/p>\n<p>T\u00e4m\u00e4 tuote on per\u00e4isin Japanista. Koska EU:n nykyisen lains\u00e4\u00e4d\u00e4nn\u00f6n mukaan EU:ssa on oltava yhteyshenkil\u00f6 turvallisuuskysymyksiss\u00e4, tarjoamme tuotetta EU-tuotemerkill\u00e4 vaatimusten t\u00e4ytt\u00e4miseksi. T\u00e4t\u00e4 varten se valmistetaan erityisesti meit\u00e4 varten Japanissa ja luodaan asianmukaiset olosuhteet, jotta voimme tarjota sit\u00e4 EU:n markkinoilla lains\u00e4\u00e4d\u00e4nn\u00f6n mukaisesti.<br \/>\nN\u00e4in ollen nimet\u00e4\u00e4n saksalainen valmistaja.<\/p>\n<p>EU:n lains\u00e4\u00e4d\u00e4nn\u00f6n mukainen valmistaja: DerShogun, Andara GmbH, Brunnenweg 15, 64331 Weiterstadt, Saksa, info@andara-gmbh.de.<\/p>","protected":false},"excerpt":{"rendered":"<p>Bokken Saya in japanischer Qualit\u00e4t passend f\u00fcr die Trainingsschwerter aus Holz aus unserem Programm. Diese robuste Ausf\u00fchrung einer Trainingssaya f\u00fcr Bokken (auch als Bokuto bekannt) ist ein zuverl\u00e4ssiger Begleiter f\u00fcr das regelm\u00e4\u00dfige Training. Die Schwertscheide ist stabil genug, um alle Bewegungen auszuf\u00fchren, die im Zuge des Trainings einer japanischen Schwertkunst trainiert werden. Durch das enthaltene [&hellip;]<\/p>\n","protected":false},"featured_media":3221,"comment_status":"open","ping_status":"closed","template":"","meta":{"_acf_changed":false},"product_brand":[],"product_cat":[48],"product_tag":[],"class_list":{"0":"post-1619","1":"product","2":"type-product","3":"status-publish","4":"has-post-thumbnail","6":"product_cat-bokken-holzschwert-japan-budo-samurai-schwert","8":"first","9":"instock","10":"taxable","11":"shipping-taxable","12":"purchasable","13":"product-type-simple"},"acf":[],"_links":{"self":[{"href":"https:\/\/japan-budo.com\/fi\/wp-json\/wp\/v2\/product\/1619","targetHints":{"allow":["GET"]}}],"collection":[{"href":"https:\/\/japan-budo.com\/fi\/wp-json\/wp\/v2\/product"}],"about":[{"href":"https:\/\/japan-budo.com\/fi\/wp-json\/wp\/v2\/types\/product"}],"replies":[{"embeddable":true,"href":"https:\/\/japan-budo.com\/fi\/wp-json\/wp\/v2\/comments?post=1619"}],"wp:featuredmedia":[{"embeddable":true,"href":"https:\/\/japan-budo.com\/fi\/wp-json\/wp\/v2\/media\/3221"}],"wp:attachment":[{"href":"https:\/\/japan-budo.com\/fi\/wp-json\/wp\/v2\/media?parent=1619"}],"wp:term":[{"taxonomy":"product_brand","embeddable":true,"href":"https:\/\/japan-budo.com\/fi\/wp-json\/wp\/v2\/product_brand?post=1619"},{"taxonomy":"product_cat","embeddable":true,"href":"https:\/\/japan-budo.com\/fi\/wp-json\/wp\/v2\/product_cat?post=1619"},{"taxonomy":"product_tag","embeddable":true,"href":"https:\/\/japan-budo.com\/fi\/wp-json\/wp\/v2\/product_tag?post=1619"}],"curies":[{"name":"wp","href":"https:\/\/api.w.org\/{rel}","templated":true}]}}