{"id":1875,"date":"2024-04-02T16:24:31","date_gmt":"2024-04-02T14:24:31","guid":{"rendered":"https:\/\/japan-budo.com\/unkategorisiert\/iaido-obi-basic\/"},"modified":"2026-01-02T11:31:45","modified_gmt":"2026-01-02T10:31:45","slug":"iaido-obi-perus","status":"publish","type":"product","link":"https:\/\/japan-budo.com\/fi\/budo-vaatteet\/iaido-obi-perus\/","title":{"rendered":"Iaido Obi perus"},"content":{"rendered":"<p>Synteettisest\u00e4 kuidusta valmistettu Iaido obi. Noin 390cm pitk\u00e4. Musta. Obi on vahvistettu, jotta miekasta saa hyv\u00e4n otteen.<\/p>\n<p>Standardileveys on 8 cm.<\/p>\n<p>Kyseess\u00e4 on Japanin ulkopuolelta tuotettu tuote, joka tarjoaa erinomaista laatua edulliseen hintaan.<\/p>\n<p>Valmistaja: (Kendo24) Bernd Schwab, Eichbergstra\u00dfe 1, 36160 Dipperz, Saksa, info@kendo24.de.<\/p>","protected":false},"excerpt":{"rendered":"<p>Synteettisest\u00e4 kuidusta valmistettu Iaido obi. Noin 390cm pitk\u00e4. Musta. Obi on vahvistettu, jotta miekasta saa hyv\u00e4n otteen. Vakioleveys on 8 cm. Kyseess\u00e4 on Japanin ulkopuolinen tuotanto, joka tarjoaa erinomaista laatua edulliseen hintaan. Valmistaja: (Kendo24) Bernd Schwab, Eichbergstra\u00dfe 1, 36160 Dipperz, Saksa, info@kendo24.de.<\/p>","protected":false},"featured_media":3607,"comment_status":"open","ping_status":"closed","template":"","meta":{"_acf_changed":false},"product_brand":[],"product_cat":[63],"product_tag":[],"class_list":{"0":"post-1875","1":"product","2":"type-product","3":"status-publish","4":"has-post-thumbnail","6":"product_cat-budo-kleidung","8":"first","9":"instock","10":"taxable","11":"shipping-taxable","12":"purchasable","13":"product-type-simple"},"acf":[],"_links":{"self":[{"href":"https:\/\/japan-budo.com\/fi\/wp-json\/wp\/v2\/product\/1875","targetHints":{"allow":["GET"]}}],"collection":[{"href":"https:\/\/japan-budo.com\/fi\/wp-json\/wp\/v2\/product"}],"about":[{"href":"https:\/\/japan-budo.com\/fi\/wp-json\/wp\/v2\/types\/product"}],"replies":[{"embeddable":true,"href":"https:\/\/japan-budo.com\/fi\/wp-json\/wp\/v2\/comments?post=1875"}],"wp:featuredmedia":[{"embeddable":true,"href":"https:\/\/japan-budo.com\/fi\/wp-json\/wp\/v2\/media\/3607"}],"wp:attachment":[{"href":"https:\/\/japan-budo.com\/fi\/wp-json\/wp\/v2\/media?parent=1875"}],"wp:term":[{"taxonomy":"product_brand","embeddable":true,"href":"https:\/\/japan-budo.com\/fi\/wp-json\/wp\/v2\/product_brand?post=1875"},{"taxonomy":"product_cat","embeddable":true,"href":"https:\/\/japan-budo.com\/fi\/wp-json\/wp\/v2\/product_cat?post=1875"},{"taxonomy":"product_tag","embeddable":true,"href":"https:\/\/japan-budo.com\/fi\/wp-json\/wp\/v2\/product_tag?post=1875"}],"curies":[{"name":"wp","href":"https:\/\/api.w.org\/{rel}","templated":true}]}}