{"id":2121,"date":"2024-04-02T16:54:06","date_gmt":"2024-04-02T14:54:06","guid":{"rendered":"https:\/\/japan-budo.com\/unkategorisiert\/iaido-gi-5\/"},"modified":"2026-03-19T14:13:29","modified_gmt":"2026-03-19T13:13:29","slug":"iaido-gi-musta","status":"publish","type":"product","link":"https:\/\/japan-budo.com\/fi\/budo-vaatteet\/iaido-gi-musta\/","title":{"rendered":"Iaido Gi"},"content":{"rendered":"<p>Alhaisesta hinnasta huolimatta Iaido Gi tarjoaa pitk\u00e4n kest\u00e4vyyden, muodon ja v\u00e4rin pysyvyyden. Perusmallissamme on rintahihnat optimaalista istuvuutta varten. Gi toimitetaan kapeilla hihoilla (tsutsode-muoto) ja mustana.<br \/>\nSynteettikuitusekoitus polyesteri\/rayon. Yksi hinta kaikille kooille! T\u00e4m\u00e4 Iaido Gi on helppohoitoinen ja v\u00e4rinpit\u00e4v\u00e4.<br \/>\nMuut Iaido Gi -toimittajat eiv\u00e4t useinkaan tarjoa v\u00e4likokoja kustannussyist\u00e4. Meille on kuitenkin t\u00e4rke\u00e4\u00e4, ett\u00e4 ne istuvat hyvin, jotta voit tuntea olosi mukavaksi harjoittelun aikana.<\/p>\n<p>T\u00e4m\u00e4 tarjous on tuote, jonka luotettava yhteisty\u00f6kumppani tuottaa meille Kiinassa.<\/p>\n<p>Valmistaja: (Kendo24) Bernd Schwab, Eichbergstra\u00dfe 1, 36160 Dipperz, Saksa, info@kendo24.de.<\/p>","protected":false},"excerpt":{"rendered":"<p>Trotz des niedrigen Preises, bietet der Iaido Gi eine lange Haltbarkeit, Form- und Farbstabilit\u00e4t. Unser basic Modell hat Brustb\u00e4ndchen f\u00fcr einen optimalen Sitz. Geliefert wird der Gi mit schmalen \u00c4rmeln (Tsutsode Form) und in schwarz. Kunstfasermischgewebe aus Polyester\/Rayon. Ein Preis f\u00fcr alle Gr\u00f6\u00dfen! Dieser Iaido Gi ist pflegeleicht, farbstabil. Bei Iaido Gi wird bei anderen [&hellip;]<\/p>\n","protected":false},"featured_media":1868,"comment_status":"open","ping_status":"closed","template":"","meta":{"_acf_changed":false},"product_brand":[],"product_cat":[63],"product_tag":[],"class_list":{"0":"post-2121","1":"product","2":"type-product","3":"status-publish","4":"has-post-thumbnail","6":"product_cat-budo-kleidung","8":"first","9":"onbackorder","10":"taxable","11":"shipping-taxable","12":"purchasable","13":"product-type-variable"},"acf":[],"_links":{"self":[{"href":"https:\/\/japan-budo.com\/fi\/wp-json\/wp\/v2\/product\/2121","targetHints":{"allow":["GET"]}}],"collection":[{"href":"https:\/\/japan-budo.com\/fi\/wp-json\/wp\/v2\/product"}],"about":[{"href":"https:\/\/japan-budo.com\/fi\/wp-json\/wp\/v2\/types\/product"}],"replies":[{"embeddable":true,"href":"https:\/\/japan-budo.com\/fi\/wp-json\/wp\/v2\/comments?post=2121"}],"wp:featuredmedia":[{"embeddable":true,"href":"https:\/\/japan-budo.com\/fi\/wp-json\/wp\/v2\/media\/1868"}],"wp:attachment":[{"href":"https:\/\/japan-budo.com\/fi\/wp-json\/wp\/v2\/media?parent=2121"}],"wp:term":[{"taxonomy":"product_brand","embeddable":true,"href":"https:\/\/japan-budo.com\/fi\/wp-json\/wp\/v2\/product_brand?post=2121"},{"taxonomy":"product_cat","embeddable":true,"href":"https:\/\/japan-budo.com\/fi\/wp-json\/wp\/v2\/product_cat?post=2121"},{"taxonomy":"product_tag","embeddable":true,"href":"https:\/\/japan-budo.com\/fi\/wp-json\/wp\/v2\/product_tag?post=2121"}],"curies":[{"name":"wp","href":"https:\/\/api.w.org\/{rel}","templated":true}]}}