{"id":2123,"date":"2024-04-02T16:54:06","date_gmt":"2024-04-02T14:54:06","guid":{"rendered":"https:\/\/japan-budo.com\/unkategorisiert\/iaido-hakama-5\/"},"modified":"2026-04-11T14:37:02","modified_gmt":"2026-04-11T12:37:02","slug":"iaido-hakama","status":"publish","type":"product","link":"https:\/\/japan-budo.com\/fi\/budo-vaatteet\/iaido-hakama\/","title":{"rendered":"Iaido Hakama"},"content":{"rendered":"<p>T\u00e4m\u00e4 Iaido Hakama on ihanteellinen vaihtoehto hintatietoiselle Iaidokalle. Hakama on valmistettu 100% helppohoitoisesta Dacron-synteettikuidusta. Edullisesta hinnasta huolimatta Iaido Hakama tarjoaa pitk\u00e4n kest\u00e4vyyden, muodon ja v\u00e4rin pysyvyyden. V\u00e4ri: musta.<\/p>\n<p>Huomioi kokotaulukon tiedot.<\/p>\n<p>T\u00e4m\u00e4 tarjous on tuote, jonka luotettava yhteisty\u00f6kumppani tuottaa meille Kiinassa.<\/p>\n<p>Valmistaja: (Kendo24) Bernd Schwab, Eichbergstra\u00dfe 1, 36160 Dipperz, Saksa, info@kendo24.de.<\/p>","protected":false},"excerpt":{"rendered":"<p>Dieser Iaido Hakama ist eine optimale Alternative f\u00fcr den preisbewussten Iaidoka. Gefertigt wird der Hakama aus 100% pflegeleichter Dacron Kunstfaser. Trotz des niedrigen Preises, bietet der Iaido Hakama eine lange Haltbarkeit, Form- und Farbstabilit\u00e4t. Farbe: Schwarz. Bitte beachten Sie die Hinweise in der Gr\u00f6\u00dfentabelle. Bei diesem Angebot handelt es sich um ein Produkt, das ein [&hellip;]<\/p>\n","protected":false},"featured_media":2191,"comment_status":"open","ping_status":"closed","template":"","meta":{"_acf_changed":false},"product_brand":[],"product_cat":[63],"product_tag":[],"class_list":{"0":"post-2123","1":"product","2":"type-product","3":"status-publish","4":"has-post-thumbnail","6":"product_cat-budo-kleidung","8":"first","9":"onbackorder","10":"taxable","11":"shipping-taxable","12":"purchasable","13":"product-type-variable"},"acf":[],"_links":{"self":[{"href":"https:\/\/japan-budo.com\/fi\/wp-json\/wp\/v2\/product\/2123","targetHints":{"allow":["GET"]}}],"collection":[{"href":"https:\/\/japan-budo.com\/fi\/wp-json\/wp\/v2\/product"}],"about":[{"href":"https:\/\/japan-budo.com\/fi\/wp-json\/wp\/v2\/types\/product"}],"replies":[{"embeddable":true,"href":"https:\/\/japan-budo.com\/fi\/wp-json\/wp\/v2\/comments?post=2123"}],"wp:featuredmedia":[{"embeddable":true,"href":"https:\/\/japan-budo.com\/fi\/wp-json\/wp\/v2\/media\/2191"}],"wp:attachment":[{"href":"https:\/\/japan-budo.com\/fi\/wp-json\/wp\/v2\/media?parent=2123"}],"wp:term":[{"taxonomy":"product_brand","embeddable":true,"href":"https:\/\/japan-budo.com\/fi\/wp-json\/wp\/v2\/product_brand?post=2123"},{"taxonomy":"product_cat","embeddable":true,"href":"https:\/\/japan-budo.com\/fi\/wp-json\/wp\/v2\/product_cat?post=2123"},{"taxonomy":"product_tag","embeddable":true,"href":"https:\/\/japan-budo.com\/fi\/wp-json\/wp\/v2\/product_tag?post=2123"}],"curies":[{"name":"wp","href":"https:\/\/api.w.org\/{rel}","templated":true}]}}