{"id":2124,"date":"2024-04-02T16:54:06","date_gmt":"2024-04-02T14:54:06","guid":{"rendered":"https:\/\/japan-budo.com\/unkategorisiert\/iaido-kaku-obi-5\/"},"modified":"2026-04-17T18:03:54","modified_gmt":"2026-04-17T16:03:54","slug":"iaido-kaku-obi-japan","status":"publish","type":"product","link":"https:\/\/japan-budo.com\/fi\/budo-vaatteet\/iaido-kaku-obi-japan\/","title":{"rendered":"Iaido Kaku Obi Japani puuvillasta, v\u00e4rivalikoima valittavissa"},"content":{"rendered":"<p>Kaunis Iaido Kaku-Obi Japanista valmistettu eritt\u00e4in vahvasta puuvillasta. Noin 400 cm pitk\u00e4 ja noin 10 cm leve\u00e4. Saatavana 5 v\u00e4ri\u00e4.<\/p>\n<p>T\u00e4ss\u00e4 tarjotut puuvillaiset Kaku Obi -obit kuuluvat laadukkaampaan luokkaan hyv\u00e4\u00e4n hintaan.<\/p>\n<h2><strong>Kaku Obi Japani - Budo-taistelulajien klassinen vy\u00f6.<\/strong><\/h2>\n<h3><strong>Kaku Obi Japan-Budo<\/strong><\/h3>\n<p>Japanilaisissa kamppailulajeissa obi kuuluu jokaisen harrastajan vakiovarusteisiin ja on siksi pakollinen osa. Yleens\u00e4 k\u00e4ytet\u00e4\u00e4n \"neli\u00f6nmuotoista\" obia, joka tunnetaan nimell\u00e4 kaku obi. Juuri t\u00e4t\u00e4 obia me tarjoamme t\u00e4ss\u00e4 Iaido Kaku Obi Japanina.<\/p>\n<p>Miekkailussa sill\u00e4 on t\u00e4rke\u00e4 teht\u00e4v\u00e4 asettaa miekka sidotun vy\u00f6n yksitt\u00e4isten kerrosten v\u00e4liin. L\u00f6yd\u00e4t sopivan valikoiman t\u00e4\u00e4lt\u00e4.<\/p>\n<p>The <a href=\"https:\/\/de.wikipedia.org\/wiki\/Obi_(G%C3%BCrtel)\" target=\"_blank\" rel=\"noopener\">Obi<\/a> Vy\u00f6t ovat kuitenkin my\u00f6s keskeinen osa japanilaista kulttuuria ja perinnett\u00e4, erityisesti kimonon ja hakaman kaltaisten vaatteiden yhteydess\u00e4, joilla on mielenkiintoinen historia.<\/p>\n<p>Alun perin yksinkertainen kangaspala, obi on ajan my\u00f6t\u00e4 kehittynyt symboliseksi asusteeksi, jolla on k\u00e4yt\u00e4nn\u00f6llisen tarkoituksen lis\u00e4ksi my\u00f6s tyyli\u00e4, asemaa ja kantajansa persoonallisuutta kuvaava merkitys.<\/p>\n<h3>Obi-vy\u00f6n historia<\/h3>\n<p>Obi-vy\u00f6n alkuper\u00e4 ulottuu kauas Japanin historiaan. Se kehittyi yksinkertaisista v\u00f6ist\u00e4, joita k\u00e4ytettiin muinoin vaatteiden kiinnitt\u00e4miseen.<\/p>\n<p>Heian-kaudella (794-1185 jKr.) obi alkoi olla t\u00e4rke\u00e4mm\u00e4ss\u00e4 roolissa japanilaisessa muodissa, erityisesti vaatteissa, kuten kimonoissa.<\/p>\n<p>Vuosisatojen kuluessa obi on kehittynyt pieneksi taideteokseksi itsess\u00e4\u00e4n.<\/p>\n<p>Edo-kaudella (1603-1868 jKr.) obi-v\u00f6ist\u00e4 tuli t\u00e4rke\u00e4 statussymboli, joka oli usein taidokkaasti koristeltu ja kirjailtu arvokkailla materiaaleilla, kuten silkill\u00e4 ja kultalangalla.<\/p>\n<h3>Obi-vy\u00f6n toiminta<\/h3>\n<p>Esteettisen arvonsa lis\u00e4ksi obi-vy\u00f6ll\u00e4 on my\u00f6s k\u00e4yt\u00e4nn\u00f6llinen teht\u00e4v\u00e4. Sit\u00e4 k\u00e4ytet\u00e4\u00e4n pit\u00e4m\u00e4\u00e4n kimonot ja hakamat tukevasti vartalossa ja antamaan niille t\u00e4ydellinen istuvuus.<\/p>\n<p>Tilaisuudesta ja vaatetyypist\u00e4 riippuen Obi-vy\u00f6t\u00e4 voidaan k\u00e4ytt\u00e4\u00e4 eri tyyleill\u00e4 ja solmuilla, jotka kattavat kaiken muodollisesta rentoon.<\/p>\n<p>Lis\u00e4ksi obi-vy\u00f6ll\u00e4 on syvempi symbolinen merkitys japanilaisessa kulttuurissa. Se voi kertoa k\u00e4ytt\u00e4j\u00e4n siviilis\u00e4\u00e4dyst\u00e4, sosiaalista asemaa ja jopa persoonallisuutta.<\/p>\n<p>Joissakin tapauksissa erityisi\u00e4 obis-pukuja k\u00e4ytet\u00e4\u00e4n juhlallisissa tilaisuuksissa, kuten h\u00e4iss\u00e4 tai teeseremonioissa, korostamaan tapahtuman merkityst\u00e4.<\/p>\n<h3>Obi-vy\u00f6n valinta<\/h3>\n<p>Oikean obi-vy\u00f6n valinta riippuu monista tekij\u00f6ist\u00e4, kuten tilaisuudesta, henkil\u00f6kohtaisesta tyylist\u00e4 ja k\u00e4ytt\u00e4j\u00e4n yksil\u00f6llisist\u00e4 mieltymyksist\u00e4.<\/p>\n<p>Meilt\u00e4 saamasi Iaido obi on suunniteltu k\u00e4ytett\u00e4v\u00e4ksi kamppailulajiharjoittelun aikana. Niiden pituus on noin 4 metri\u00e4 ja leveys noin 9 cm.<\/p>\n<h3>P\u00e4\u00e4telm\u00e4<\/h3>\n<p>Obi Japan -vy\u00f6 on kiehtova japanilaisen kulttuurin ja muodin symboli, jolla on pitk\u00e4 ja rikas historia.<\/p>\n<p>Obi-vy\u00f6 on kokenut huomattavan evoluution vaatimattomasta alkuaan yksinkertaisesta kankaanpalasta nykyiseen asemaansa koristeellisena asusteena.<\/p>\n<p>Sen monipuolisuus ja symbolinen merkitys tekev\u00e4t siit\u00e4 ajattoman klassikon, jolla on t\u00e4rke\u00e4 rooli my\u00f6s tulevaisuudessa.<\/p>\n<p>Obi-vy\u00f6 on edelleen t\u00e4rke\u00e4 osa japanilaista muotia ja identiteetti\u00e4 riippumatta siit\u00e4, k\u00e4ytet\u00e4\u00e4nk\u00f6 sit\u00e4 k\u00e4yt\u00e4nn\u00f6llisen\u00e4 asusteena vai tyylin ja persoonallisuuden ilment\u00e4j\u00e4n\u00e4.<\/p>\n<p>Japanilaisissa taistelulajeissa se on v\u00e4ltt\u00e4m\u00e4t\u00f6n osa harjoitusvaatetusta.<\/p>\n<h2>Iaidon taistelulajin merkitys<\/h2>\n<p>Myym\u00e4l\u00e4mme Obi Japan -valikoima sopii kamppailulajiharjoittelussa k\u00e4ytett\u00e4viin vaatteisiin.<\/p>\n<p>T\u00e4ss\u00e4 tarjouksessa on Kaku Obi, jota k\u00e4ytet\u00e4\u00e4n yleens\u00e4 Iaido-harjoittelussa. Iaido-harjoittelussa yksi Japanin Obi-toimintamme t\u00e4rkeist\u00e4 teht\u00e4vist\u00e4 on, ett\u00e4 <a href=\"https:\/\/japan-budo.com\/fi\/ostaa-iaito-japanin-verkkokauppa-saksaa\/\" target=\"_blank\" rel=\"noopener\">Miekka<\/a> ty\u00f6nnet\u00e4\u00e4n sen l\u00e4pi ja se pit\u00e4\u00e4 sen.<\/p>\n<p>Monissa muissa kamppailulajeissa vy\u00f6 osoittaa harjoittelijan edistymisen. Iaidossa v\u00e4rit voidaan yleens\u00e4 valita vapaasti oman maun mukaan. Siksi tarjoamme Kaku Obi Japan -vy\u00f6mme Iaidoon 5 eri v\u00e4riss\u00e4.<\/p>\n<p>T\u00e4m\u00e4 tuote on per\u00e4isin Japanista. Koska EU:n nykyisen lains\u00e4\u00e4d\u00e4nn\u00f6n mukaan EU:ssa on oltava yhteyshenkil\u00f6 turvallisuuskysymyksiss\u00e4, tarjoamme tuotetta EU-tuotemerkill\u00e4 vaatimusten t\u00e4ytt\u00e4miseksi. T\u00e4t\u00e4 varten se valmistetaan erityisesti meit\u00e4 varten Japanissa ja luodaan asianmukaiset olosuhteet, jotta voimme tarjota sit\u00e4 EU:n markkinoilla lains\u00e4\u00e4d\u00e4nn\u00f6n mukaisesti.<br \/>\nN\u00e4in ollen nimet\u00e4\u00e4n saksalainen valmistaja.<\/p>\n<p>EU:n lains\u00e4\u00e4d\u00e4nn\u00f6n mukainen valmistaja: DerShogun, Andara GmbH, Brunnenweg 15, 64331 Weiterstadt, Saksa, info@andara-gmbh.de.<\/p>","protected":false},"excerpt":{"rendered":"<p>Wundersch\u00f6ne Iaido Kaku-Obi Japan aus sehr fester Baumwolle. Ca. 400 cm lang und ca 10 cm breit. Verf\u00fcgbar in 5 Farben. Die hier angebotenen Kaku Obi aus Baumwolle sind in der gehobenen Qualit\u00e4tskategorie zu einem guten Preis angesiedelt. Kaku Obi Japan &#8211; Der klassische G\u00fcrtel in den Budo Kampfk\u00fcnsten Kaku Obi Japan-Budo In der japanischen [&hellip;]<\/p>\n","protected":false},"featured_media":4115,"comment_status":"open","ping_status":"closed","template":"","meta":{"_acf_changed":false},"product_brand":[],"product_cat":[63],"product_tag":[],"class_list":{"0":"post-2124","1":"product","2":"type-product","3":"status-publish","4":"has-post-thumbnail","6":"product_cat-budo-kleidung","8":"first","9":"onbackorder","10":"taxable","11":"shipping-taxable","12":"purchasable","13":"product-type-variable"},"acf":[],"_links":{"self":[{"href":"https:\/\/japan-budo.com\/fi\/wp-json\/wp\/v2\/product\/2124","targetHints":{"allow":["GET"]}}],"collection":[{"href":"https:\/\/japan-budo.com\/fi\/wp-json\/wp\/v2\/product"}],"about":[{"href":"https:\/\/japan-budo.com\/fi\/wp-json\/wp\/v2\/types\/product"}],"replies":[{"embeddable":true,"href":"https:\/\/japan-budo.com\/fi\/wp-json\/wp\/v2\/comments?post=2124"}],"wp:featuredmedia":[{"embeddable":true,"href":"https:\/\/japan-budo.com\/fi\/wp-json\/wp\/v2\/media\/4115"}],"wp:attachment":[{"href":"https:\/\/japan-budo.com\/fi\/wp-json\/wp\/v2\/media?parent=2124"}],"wp:term":[{"taxonomy":"product_brand","embeddable":true,"href":"https:\/\/japan-budo.com\/fi\/wp-json\/wp\/v2\/product_brand?post=2124"},{"taxonomy":"product_cat","embeddable":true,"href":"https:\/\/japan-budo.com\/fi\/wp-json\/wp\/v2\/product_cat?post=2124"},{"taxonomy":"product_tag","embeddable":true,"href":"https:\/\/japan-budo.com\/fi\/wp-json\/wp\/v2\/product_tag?post=2124"}],"curies":[{"name":"wp","href":"https:\/\/api.w.org\/{rel}","templated":true}]}}