{"id":3002,"date":"2024-05-24T12:04:52","date_gmt":"2024-05-24T10:04:52","guid":{"rendered":"https:\/\/japan-budo.com\/unkategorisiert\/fusahimo-kordel-fuer-schwertbeutel\/"},"modified":"2026-03-19T14:13:11","modified_gmt":"2026-03-19T13:13:11","slug":"fusahimon-johto-miekkapussiin","status":"publish","type":"product","link":"https:\/\/japan-budo.com\/fi\/katana-tarvikkeet-hoito-esittely\/miekka-laukut-miekka-pussi-katana-bokken-miekka\/fusahimon-johto-miekkapussiin\/","title":{"rendered":"Fusahimon johto miekkapussia varten"},"content":{"rendered":"<p>Japanista per\u00e4isin oleva Fusahimo-naru miekkapusseja varten.<\/p>\n<p>Hihna voidaan irrottaa ja vaihtaa korkealaatuisiin japanilaisiin miekkapusseihin. T\u00e4ll\u00e4 pienell\u00e4 yksityiskohdalla on uskomaton vaikutus miekkapussin yleisilmeeseen.<\/p>\n<p>Synteettinen kuitumateriaali on vankkaa ja kest\u00e4v\u00e4\u00e4. Loppusolmut on sidottu siististi, ja ne ovat visuaalisesti korkealaatuisia.<\/p>\n<p>Hihnan pituus sopii katanan ja wakizashin miekkapusseihin.<\/p>\n<p>T\u00e4m\u00e4 tuote on per\u00e4isin Japanista. Koska EU:n nykyisen lains\u00e4\u00e4d\u00e4nn\u00f6n mukaan EU:ssa on oltava yhteyshenkil\u00f6 turvallisuuskysymyksiss\u00e4, tarjoamme tuotetta EU-tuotemerkill\u00e4 vaatimusten t\u00e4ytt\u00e4miseksi. T\u00e4t\u00e4 varten se valmistetaan erityisesti meit\u00e4 varten Japanissa ja luodaan asianmukaiset olosuhteet, jotta voimme tarjota sit\u00e4 EU:n markkinoilla lains\u00e4\u00e4d\u00e4nn\u00f6n mukaisesti.<br \/>\nN\u00e4in ollen nimet\u00e4\u00e4n saksalainen valmistaja.<\/p>\n<p>EU:n lains\u00e4\u00e4d\u00e4nn\u00f6n mukainen valmistaja: DerShogun, Andara GmbH, Brunnenweg 15, 64331 Weiterstadt, Saksa, info@andara-gmbh.de.<\/p>","protected":false},"excerpt":{"rendered":"<p>Fusahimo Kordel aus Japan f\u00fcr Schwertbeutel. Das Band kann an hochwertigen, japanischen Schwertbeuteln gel\u00f6st und ausgetauscht werden. Dieses kleine Detail hat eine unglaubliche Auswirkung auf die Gesamtoptik des Schwertbeutels. Das Material aus Kunstfaser ist robust und langlebig. Die Endknoten sind sauber gebunden und optisch auf h\u00f6chstem Niveau. Die L\u00e4nge des Bandes passt f\u00fcr Schwertbeutel f\u00fcr [&hellip;]<\/p>\n","protected":false},"featured_media":3001,"comment_status":"open","ping_status":"closed","template":"","meta":{"_acf_changed":false},"product_brand":[],"product_cat":[54],"product_tag":[92,173,172,116,174,175,165],"class_list":{"0":"post-3002","1":"product","2":"type-product","3":"status-publish","4":"has-post-thumbnail","6":"product_cat-schwerttaschen-schwertbeutel-katana-bokken-schwert","7":"product_tag-aus","8":"product_tag-baendel","9":"product_tag-bendel","10":"product_tag-japan","11":"product_tag-japanische","12":"product_tag-japanischer","13":"product_tag-schwerttasche","14":"product_shipping_class-debrief145","16":"first","17":"onbackorder","18":"taxable","19":"shipping-taxable","20":"purchasable","21":"product-type-variable"},"acf":[],"_links":{"self":[{"href":"https:\/\/japan-budo.com\/fi\/wp-json\/wp\/v2\/product\/3002","targetHints":{"allow":["GET"]}}],"collection":[{"href":"https:\/\/japan-budo.com\/fi\/wp-json\/wp\/v2\/product"}],"about":[{"href":"https:\/\/japan-budo.com\/fi\/wp-json\/wp\/v2\/types\/product"}],"replies":[{"embeddable":true,"href":"https:\/\/japan-budo.com\/fi\/wp-json\/wp\/v2\/comments?post=3002"}],"wp:featuredmedia":[{"embeddable":true,"href":"https:\/\/japan-budo.com\/fi\/wp-json\/wp\/v2\/media\/3001"}],"wp:attachment":[{"href":"https:\/\/japan-budo.com\/fi\/wp-json\/wp\/v2\/media?parent=3002"}],"wp:term":[{"taxonomy":"product_brand","embeddable":true,"href":"https:\/\/japan-budo.com\/fi\/wp-json\/wp\/v2\/product_brand?post=3002"},{"taxonomy":"product_cat","embeddable":true,"href":"https:\/\/japan-budo.com\/fi\/wp-json\/wp\/v2\/product_cat?post=3002"},{"taxonomy":"product_tag","embeddable":true,"href":"https:\/\/japan-budo.com\/fi\/wp-json\/wp\/v2\/product_tag?post=3002"}],"curies":[{"name":"wp","href":"https:\/\/api.w.org\/{rel}","templated":true}]}}