{"id":3011,"date":"2024-05-24T12:06:14","date_gmt":"2024-05-24T10:06:14","guid":{"rendered":"https:\/\/japan-budo.com\/unkategorisiert\/bokken-tsuba-aus-leder-mit-same-oberflaeche\/"},"modified":"2025-11-07T09:41:26","modified_gmt":"2025-11-07T08:41:26","slug":"nahasta-valmistettu-bokken-tsuba-jossa-on-sama-pinta","status":"publish","type":"product","link":"https:\/\/japan-budo.com\/fi\/bokken-puinen-miekka-japan-budo-samurai-miekka\/nahasta-valmistettu-bokken-tsuba-jossa-on-sama-pinta\/","title":{"rendered":"Bokken tsuba valmistettu nahasta, jossa on samettipintainen pinta."},"content":{"rendered":"<p>Eritt\u00e4in kest\u00e4v\u00e4 nahkainen tsuba bokkenille. Aito k\u00e4sintehty tuote, jossa on sama pinta. Same on materiaali, jota k\u00e4ytet\u00e4\u00e4n my\u00f6s esimerkiksi miekan kahvassa (tsuka) tai miekan tupessa (saya).<\/p>\n<p>N\u00e4m\u00e4 tsubat voidaan kiinnitt\u00e4\u00e4 bokkeniin ilman pidikett\u00e4 (tsuba dome). Materiaali on helposti venyv\u00e4\u00e4 ja se kiinnitet\u00e4\u00e4n voimalla, joten sit\u00e4 ei tarvitse kiinnitt\u00e4\u00e4 kiinnitt\u00e4misen j\u00e4lkeen. T\u00e4m\u00e4n vuoksi t\u00e4m\u00e4ntyyppiset tsubat sopivat erinomaisesti k\u00e4ytett\u00e4v\u00e4ksi bokkenien kanssa, joissa on miekkatuppi.<\/p>\n<p>Noin 15mm paksu Bokken Tsuba painaa noin 65g ja on kooltaan noin 80mm x 80mm.<\/p>\n<p>N\u00e4m\u00e4 tsubat sopivat bokkeniin, jonka mitat ovat vakiomittaiset. Jos tsuba ei sovi bokkenillesi, se voidaan optimoida tekem\u00e4ll\u00e4 muutoksia.<\/p>\n<p>Valmistaja: DerShogun, Andara GmbH, Brunnenweg 15, 64331 Weiterstadt, Saksa, info@andara-gmbh.de.<\/p>","protected":false},"excerpt":{"rendered":"<p>Sehr robuste Leder-Tsuba f\u00fcr Bokken. Eine echte Handarbeit mit Same-Oberfl\u00e4che. Same ist das Material, das zum Beispiel auch am Schwertgriff (Tsuka) oder der Schwertscheide (Saya) eingesetzt wird. Diese Tsuba k\u00f6nnen ohne Halterung (Tsuba-Dome) auf Bokken montiert werden. Das Material ist leicht dehnbar und wird mit Kraft aufgesteckt, sodass es nach dem Anbringen nicht zus\u00e4tzlich fixiert [&hellip;]<\/p>\n","protected":false},"featured_media":3010,"comment_status":"open","ping_status":"closed","template":"","meta":{"_acf_changed":false},"product_brand":[],"product_cat":[48],"product_tag":[177,178],"class_list":{"0":"post-3011","1":"product","2":"type-product","3":"status-publish","4":"has-post-thumbnail","6":"product_cat-bokken-holzschwert-japan-budo-samurai-schwert","7":"product_tag-bokkentsuba","8":"product_tag-tsuba-fuer-bokken","9":"product_shipping_class-debrief145","11":"first","12":"onbackorder","13":"taxable","14":"shipping-taxable","15":"purchasable","16":"product-type-simple"},"acf":[],"_links":{"self":[{"href":"https:\/\/japan-budo.com\/fi\/wp-json\/wp\/v2\/product\/3011","targetHints":{"allow":["GET"]}}],"collection":[{"href":"https:\/\/japan-budo.com\/fi\/wp-json\/wp\/v2\/product"}],"about":[{"href":"https:\/\/japan-budo.com\/fi\/wp-json\/wp\/v2\/types\/product"}],"replies":[{"embeddable":true,"href":"https:\/\/japan-budo.com\/fi\/wp-json\/wp\/v2\/comments?post=3011"}],"wp:featuredmedia":[{"embeddable":true,"href":"https:\/\/japan-budo.com\/fi\/wp-json\/wp\/v2\/media\/3010"}],"wp:attachment":[{"href":"https:\/\/japan-budo.com\/fi\/wp-json\/wp\/v2\/media?parent=3011"}],"wp:term":[{"taxonomy":"product_brand","embeddable":true,"href":"https:\/\/japan-budo.com\/fi\/wp-json\/wp\/v2\/product_brand?post=3011"},{"taxonomy":"product_cat","embeddable":true,"href":"https:\/\/japan-budo.com\/fi\/wp-json\/wp\/v2\/product_cat?post=3011"},{"taxonomy":"product_tag","embeddable":true,"href":"https:\/\/japan-budo.com\/fi\/wp-json\/wp\/v2\/product_tag?post=3011"}],"curies":[{"name":"wp","href":"https:\/\/api.w.org\/{rel}","templated":true}]}}