{"id":3361,"date":"2024-09-30T16:09:01","date_gmt":"2024-09-30T14:09:01","guid":{"rendered":"https:\/\/japan-budo.com\/unkategorisiert\/kamelien-pflegeoel-aus-japan-fuer-bokken-und-andere-holzwaffen\/"},"modified":"2025-11-07T08:56:07","modified_gmt":"2025-11-07T07:56:07","slug":"camellia-hoitooeljy-japanista-bokkenille-ja-muille-puuaseille","status":"publish","type":"product","link":"https:\/\/japan-budo.com\/fi\/bokken-puinen-miekka-japan-budo-samurai-miekka\/camellia-hoitooeljy-japanista-bokkenille-ja-muille-puuaseille\/","title":{"rendered":"Camellia hoito\u00f6ljy Japanista bokkenille ja muille puuaseille."},"content":{"rendered":"<p><b>Tuotteen ominaisuudet:<\/b><br \/>\n- Kamelia\u00f6ljy puunhoitoon<br \/>\n- Valmistettu Japanissa<br \/>\n- Ihanteellinen puisten aseiden hoitoon<br \/>\n- Eritt\u00e4in taloudellinen<br \/>\n- Pident\u00e4\u00e4 puun k\u00e4ytt\u00f6ik\u00e4\u00e4<\/p>\n<p><b>Tuotteen kuvaus:<\/b><br \/>\nPuunhoito\u00f6ljy Japanista. Kamelia\u00f6ljy\u00e4 on k\u00e4ytetty siell\u00e4 vuosisatojen ajan puun suojaamiseen.<\/p>\n<p>Soveltuu t\u00e4ydellisesti japanilaisten kamppailulajien puuaseiden hoitoon. Pullo sis\u00e4lt\u00e4\u00e4 50ml. Koska \u00f6ljy on eritt\u00e4in taloudellinen, m\u00e4\u00e4r\u00e4 riitt\u00e4\u00e4 jopa 30 hoitokertaan.<\/p>\n<p>Asianmukaisella hoidolla puun kest\u00e4vyytt\u00e4 ja kest\u00e4vyytt\u00e4 voidaan lis\u00e4t\u00e4 merkitt\u00e4v\u00e4sti.<\/p>\n<p>T\u00e4m\u00e4 tuote on per\u00e4isin Japanista. Koska EU:n nykyisen lains\u00e4\u00e4d\u00e4nn\u00f6n mukaan EU:ssa on oltava yhteyshenkil\u00f6 turvallisuuskysymyksiss\u00e4, tarjoamme tuotetta EU-tuotemerkill\u00e4 vaatimusten t\u00e4ytt\u00e4miseksi. T\u00e4t\u00e4 varten se valmistetaan erityisesti meit\u00e4 varten Japanissa ja luodaan asianmukaiset olosuhteet, jotta voimme tarjota sit\u00e4 EU:n markkinoilla lains\u00e4\u00e4d\u00e4nn\u00f6n mukaisesti.<br \/>\nN\u00e4in ollen nimet\u00e4\u00e4n saksalainen valmistaja.<\/p>\n<p>EU:n lains\u00e4\u00e4d\u00e4nn\u00f6n mukainen valmistaja: DerShogun, Andara GmbH, Brunnenweg 15, 64331 Weiterstadt, Saksa, info@andara-gmbh.de.<\/p>","protected":false},"excerpt":{"rendered":"<p>Produktmerkmale: &#8211; Kamelien\u00f6l f\u00fcr Holzpflege &#8211; Hergestellt in Japan &#8211; Optimal f\u00fcr die Pflege von Holzwaffen &#8211; Sehr ergiebig &#8211; Verl\u00e4ngert die Lebensdauer von Holz Produktbeschreibung: Holzpflege\u00f6l aus Japan. Kamelien\u00f6l wird dort seit Jahrhunderten f\u00fcr den Schutz von Holz eingesetzt. Perfekt geeignet f\u00fcr die Pflege von Holzwaffen f\u00fcr japanische Kampfkunst. Die Flasche enth\u00e4lt 50ml. Da [&hellip;]<\/p>\n","protected":false},"featured_media":3360,"comment_status":"open","ping_status":"closed","template":"","meta":{"_acf_changed":false},"product_brand":[],"product_cat":[48],"product_tag":[198,116,122,123,199],"class_list":{"0":"post-3361","1":"product","2":"type-product","3":"status-publish","4":"has-post-thumbnail","6":"product_cat-bokken-holzschwert-japan-budo-samurai-schwert","7":"product_tag-holzpflege","8":"product_tag-japan","9":"product_tag-oel","10":"product_tag-pflege","11":"product_tag-tsubaki-yu","12":"product_shipping_class-debrief145","14":"first","15":"outofstock","16":"taxable","17":"shipping-taxable","18":"purchasable","19":"product-type-simple"},"acf":[],"_links":{"self":[{"href":"https:\/\/japan-budo.com\/fi\/wp-json\/wp\/v2\/product\/3361","targetHints":{"allow":["GET"]}}],"collection":[{"href":"https:\/\/japan-budo.com\/fi\/wp-json\/wp\/v2\/product"}],"about":[{"href":"https:\/\/japan-budo.com\/fi\/wp-json\/wp\/v2\/types\/product"}],"replies":[{"embeddable":true,"href":"https:\/\/japan-budo.com\/fi\/wp-json\/wp\/v2\/comments?post=3361"}],"wp:featuredmedia":[{"embeddable":true,"href":"https:\/\/japan-budo.com\/fi\/wp-json\/wp\/v2\/media\/3360"}],"wp:attachment":[{"href":"https:\/\/japan-budo.com\/fi\/wp-json\/wp\/v2\/media?parent=3361"}],"wp:term":[{"taxonomy":"product_brand","embeddable":true,"href":"https:\/\/japan-budo.com\/fi\/wp-json\/wp\/v2\/product_brand?post=3361"},{"taxonomy":"product_cat","embeddable":true,"href":"https:\/\/japan-budo.com\/fi\/wp-json\/wp\/v2\/product_cat?post=3361"},{"taxonomy":"product_tag","embeddable":true,"href":"https:\/\/japan-budo.com\/fi\/wp-json\/wp\/v2\/product_tag?post=3361"}],"curies":[{"name":"wp","href":"https:\/\/api.w.org\/{rel}","templated":true}]}}