{"id":4149,"date":"2025-01-22T12:33:00","date_gmt":"2025-01-22T11:33:00","guid":{"rendered":"https:\/\/japan-budo.com\/unkategorisiert\/iaido-und-tameshigiri-katana-nihonto-von-1980-von-4-gen-naohiro-matsubara-eiichi\/"},"modified":"2025-07-09T14:01:15","modified_gmt":"2025-07-09T12:01:15","slug":"iaido-ja-tameshigiri-katana-nihonto-vuodelta-1980-4-gen-naohiro-matsubara-eiichi-eiichi","status":"publish","type":"product","link":"https:\/\/japan-budo.com\/fi\/nihonto-gendaito-shinken-iai-tameshigiri\/iaido-ja-tameshigiri-katana-nihonto-vuodelta-1980-4-gen-naohiro-matsubara-eiichi-eiichi\/","title":{"rendered":"Iaido ja Tameshigiri Katana Nihonto vuodelta 1980, jonka on laatinut 4th Gen. Naohiro (Matsubara Eiichi) - 2.4 Shaku"},"content":{"rendered":"<p>Nihonto - 4th gen. Naohiro<\/p>\n<p>Katana Mei (allekirjoitus):<br \/>\nOmote-puoli: \u6e90\u82f1\u4e00\u935b\u4e4b (Matsubara Eiichin v\u00e4\u00e4rent\u00e4m\u00e4)<br \/>\nUra sivu: \u662d\u548c\u4e94\u5341\u4e94\u5e74\u5341\u4e8c\u6708\u65e5 (Yksi p\u00e4iv\u00e4 joulukuussa Showa 55 (1980))<\/p>\n<p>Tietoa takomosta:<br \/>\nNimet: Naohiro (4. sukupolvi)<br \/>\nYleiset nimet: Matsubara Eiichi<\/p>\n<p>Eiichi Matsubara on japanilainen miekkasepp\u00e4, joka on kotoisin Nishin-chosta, Omiya-kuusta Saitaman maakunnasta. H\u00e4n oli Yanagawa Masayoshin (3. sukupolven Naohiro) oppilas. H\u00e4n on All Japan Swordsmith Associationin j\u00e4sen ja on saanut lukuisia kunnianosoituksia.<\/p>\n<p>Tietoa ter\u00e4st\u00e4:<br \/>\nNagasa (ter\u00e4n pituus): 72,7 cm<br \/>\nSori (ter\u00e4n kaarevuus): 2,0 cm<br \/>\nMotohaba: 32,0 mm<br \/>\nMotokasane: 6,7 mm<br \/>\nSakihaba: 23,1 mm<br \/>\nSakikasane: 4,3 mm<br \/>\nTer\u00e4n paino: 730 g<\/p>\n<p>N\u00e4it\u00e4 miekkoja on k\u00e4ytetty Japanissa harjoitteluun. Tarjoamme niit\u00e4 suhteellisen edulliseen hintaan, jotta voit k\u00e4ytt\u00e4\u00e4 aitoa japanilaista miekkaa harjoittelussa.<\/p>\n<p>Harjoittelu tarkoittaa, ett\u00e4 miekka \"kuluu\" ajan my\u00f6t\u00e4. Ajan my\u00f6t\u00e4 t\u00e4llaisille harjoitusmiekkoille kehittyy tyypillisi\u00e4 oireita, kuten pieni\u00e4, pinnallisia naarmuja ter\u00e4\u00e4n tai v\u00e4h\u00e4ist\u00e4 pelivaraa kahvan ja muiden kiinnikkeiden v\u00e4lille. Tarkemmat yksityiskohdat ovat n\u00e4ht\u00e4viss\u00e4 kuvissa.<\/p>\n<p>T\u00e4m\u00e4 miekka on t\u00e4ll\u00e4 hetkell\u00e4 edelleen Japanissa. Hoidamme maahantuonnin (ilman lis\u00e4maksua), jos p\u00e4\u00e4t\u00e4t ostaa sen.<\/p>","protected":false},"excerpt":{"rendered":"<p>Nihonto \u2013 4. Gen. Naohiro Katana Mei (Signatur): Omote-Seite: \u6e90\u82f1\u4e00\u935b\u4e4b (geschmiedet von Matsubara Eiichi) Ura-Seite: \u662d\u548c\u4e94\u5341\u4e94\u5e74\u5341\u4e8c\u6708\u65e5 (An einem Tag im Dezember Showa 55 (1980)) Informationen \u00fcber die Schmiede: Namen: Naohiro (4. Generation) B\u00fcrgerliche Namen: Matsubara Eiichi Eiichi Matsubara ist ein japanischer Schwertschmied aus Nishin-cho, Omiya-ku in der Saitama Provinz. Er war der Sch\u00fcler von Yanagawa [&hellip;]<\/p>\n","protected":false},"featured_media":4148,"comment_status":"open","ping_status":"closed","template":"","meta":{"_acf_changed":false},"product_brand":[],"product_cat":[218],"product_tag":[],"class_list":{"0":"post-4149","1":"product","2":"type-product","3":"status-publish","4":"has-post-thumbnail","6":"product_cat-nihonto-gendaito-shinken-iai-tameshigiri","8":"first","9":"instock","10":"taxable","11":"shipping-taxable","12":"product-type-external"},"acf":[],"_links":{"self":[{"href":"https:\/\/japan-budo.com\/fi\/wp-json\/wp\/v2\/product\/4149","targetHints":{"allow":["GET"]}}],"collection":[{"href":"https:\/\/japan-budo.com\/fi\/wp-json\/wp\/v2\/product"}],"about":[{"href":"https:\/\/japan-budo.com\/fi\/wp-json\/wp\/v2\/types\/product"}],"replies":[{"embeddable":true,"href":"https:\/\/japan-budo.com\/fi\/wp-json\/wp\/v2\/comments?post=4149"}],"wp:featuredmedia":[{"embeddable":true,"href":"https:\/\/japan-budo.com\/fi\/wp-json\/wp\/v2\/media\/4148"}],"wp:attachment":[{"href":"https:\/\/japan-budo.com\/fi\/wp-json\/wp\/v2\/media?parent=4149"}],"wp:term":[{"taxonomy":"product_brand","embeddable":true,"href":"https:\/\/japan-budo.com\/fi\/wp-json\/wp\/v2\/product_brand?post=4149"},{"taxonomy":"product_cat","embeddable":true,"href":"https:\/\/japan-budo.com\/fi\/wp-json\/wp\/v2\/product_cat?post=4149"},{"taxonomy":"product_tag","embeddable":true,"href":"https:\/\/japan-budo.com\/fi\/wp-json\/wp\/v2\/product_tag?post=4149"}],"curies":[{"name":"wp","href":"https:\/\/api.w.org\/{rel}","templated":true}]}}