{"id":4628,"date":"2025-02-18T20:58:50","date_gmt":"2025-02-18T19:58:50","guid":{"rendered":"https:\/\/japan-budo.com\/?post_type=product&#038;p=4628"},"modified":"2025-02-18T21:13:09","modified_gmt":"2025-02-18T20:13:09","slug":"masamune-haenen-tyoensae-haenen-maineensa-ja-haenen-perintoensae-markus-sesko","status":"publish","type":"product","link":"https:\/\/japan-budo.com\/fi\/kirjallisuus-japan-katana-samurai\/masamune-haenen-tyoensae-haenen-maineensa-ja-haenen-perintoensae-markus-sesko\/","title":{"rendered":"Masamune - H\u00e4nen ty\u00f6ns\u00e4, maineensa ja perint\u00f6ns\u00e4 Markus Sesko (Markus Sesko)"},"content":{"rendered":"<p>Markus Seskon englanninkielinen kirja Masamune - His Work, his Fame and his Legacy (lis\u00e4tietoja suoraan Thaliasta).<\/p>","protected":false},"excerpt":{"rendered":"<p>Markus Seskon englanninkielinen kirja Masamune - His Work, his Fame and his Legacy (lis\u00e4tietoja suoraan Thaliasta).<\/p>","protected":false},"featured_media":4629,"comment_status":"closed","ping_status":"closed","template":"","meta":{"_acf_changed":false},"product_brand":[],"product_cat":[230],"product_tag":[],"class_list":{"0":"post-4628","1":"product","2":"type-product","3":"status-publish","4":"has-post-thumbnail","6":"product_cat-literatur-japan-katana-samurai","8":"first","9":"instock","10":"product-type-external"},"acf":[],"_links":{"self":[{"href":"https:\/\/japan-budo.com\/fi\/wp-json\/wp\/v2\/product\/4628","targetHints":{"allow":["GET"]}}],"collection":[{"href":"https:\/\/japan-budo.com\/fi\/wp-json\/wp\/v2\/product"}],"about":[{"href":"https:\/\/japan-budo.com\/fi\/wp-json\/wp\/v2\/types\/product"}],"replies":[{"embeddable":true,"href":"https:\/\/japan-budo.com\/fi\/wp-json\/wp\/v2\/comments?post=4628"}],"wp:featuredmedia":[{"embeddable":true,"href":"https:\/\/japan-budo.com\/fi\/wp-json\/wp\/v2\/media\/4629"}],"wp:attachment":[{"href":"https:\/\/japan-budo.com\/fi\/wp-json\/wp\/v2\/media?parent=4628"}],"wp:term":[{"taxonomy":"product_brand","embeddable":true,"href":"https:\/\/japan-budo.com\/fi\/wp-json\/wp\/v2\/product_brand?post=4628"},{"taxonomy":"product_cat","embeddable":true,"href":"https:\/\/japan-budo.com\/fi\/wp-json\/wp\/v2\/product_cat?post=4628"},{"taxonomy":"product_tag","embeddable":true,"href":"https:\/\/japan-budo.com\/fi\/wp-json\/wp\/v2\/product_tag?post=4628"}],"curies":[{"name":"wp","href":"https:\/\/api.w.org\/{rel}","templated":true}]}}