{"id":4680,"date":"2025-03-19T11:36:19","date_gmt":"2025-03-19T10:36:19","guid":{"rendered":"https:\/\/japan-budo.com\/unkategorisiert\/suburi-bokken-aus-japan-mit-mehr-als-800g-gewicht\/"},"modified":"2025-12-12T21:27:44","modified_gmt":"2025-12-12T20:27:44","slug":"suburi-bokken-japanista-jonka-paino-on-yli-800g","status":"publish","type":"product","link":"https:\/\/japan-budo.com\/fi\/bokken-puinen-miekka-japan-budo-samurai-miekka\/suburi-bokken-japanista-jonka-paino-on-yli-800g\/","title":{"rendered":"Suburi Bokken Japanista, jonka paino on yli 800 g."},"content":{"rendered":"<p><b>Tuotteen ominaisuudet:<\/b><br \/>- Erikoiskoulutusmiekka, joka tunnetaan my\u00f6s nimell\u00e4 Suburito.<br \/>- Suurella painolla<br \/>- Vahvistavia harjoituksia varten<br \/>- Paino yli 800 grammaa<br \/>- Pituus 106cm<\/p>\n<p><b>Tuotteen kuvaus:<\/b><br \/>Eritt\u00e4in raskas bokken Japanista vahvistusharjoituksiin.<\/p>\n<p>T\u00e4m\u00e4ntyyppinen harjoitusmiekka (nimelt\u00e4\u00e4n Suburi Bokken tai Suburito) on massiivisempi kuin tavallinen Bokken ja se on suunniteltu erityisesti vahvistusharjoituksiin. Bokken painaa noin 870 grammaa ja sen kokonaispituus on 106 cm.<\/p>\n<p>Se on korkealaatuinen tuote, joka on valmistettu Hokkaidon metsist\u00e4 per\u00e4isin olevasta punatammesta. Ihanteellinen rakennusharjoitteluun.<\/p>\n<p>T\u00e4m\u00e4 tuote on per\u00e4isin Japanista. Koska EU:n nykyisen lains\u00e4\u00e4d\u00e4nn\u00f6n mukaan EU:ssa on oltava yhteyshenkil\u00f6 turvallisuuskysymyksiss\u00e4, tarjoamme tuotetta EU-tuotemerkill\u00e4 vaatimusten t\u00e4ytt\u00e4miseksi. T\u00e4t\u00e4 varten se valmistetaan erityisesti meit\u00e4 varten Japanissa ja luodaan asianmukaiset olosuhteet, jotta voimme tarjota sit\u00e4 EU:n markkinoilla lains\u00e4\u00e4d\u00e4nn\u00f6n mukaisesti.<br \/>\nN\u00e4in ollen nimet\u00e4\u00e4n saksalainen valmistaja.<\/p>\n<p>EU:n lains\u00e4\u00e4d\u00e4nn\u00f6n mukainen valmistaja: DerShogun, Andara GmbH, Brunnenweg 15, 64331 Weiterstadt, Saksa, info@andara-gmbh.de.<\/p>","protected":false},"excerpt":{"rendered":"<p>Produktmerkmale:&#8211; Spezielles Trainingsschwert auch bekannt als Suburito&#8211; Mit hohem Gewicht&#8211; F\u00fcr Kr\u00e4ftigungs\u00fcbungen&#8211; Gewicht \u00fcber 800 Gramm&#8211; L\u00e4nge 106cm Produktbeschreibung:Extra schweres Bokken aus Japan f\u00fcr Kr\u00e4ftigungs\u00fcbungen. Diese Art des Trainingsschwertes (Suburi Bokken oder Suburito genannt) ist massiver als normale Bokken und extra f\u00fcr Kr\u00e4ftigungs\u00fcbungen gedacht. Das Bokken hat ein Gewicht von ca. 870 Gramm bei einer [&hellip;]<\/p>\n","protected":false},"featured_media":4679,"comment_status":"open","ping_status":"closed","template":"","meta":{"_acf_changed":false},"product_brand":[],"product_cat":[48],"product_tag":[231,232,233,212],"class_list":{"0":"post-4680","1":"product","2":"type-product","3":"status-publish","4":"has-post-thumbnail","6":"product_cat-bokken-holzschwert-japan-budo-samurai-schwert","7":"product_tag-holzschwert","8":"product_tag-kendo","9":"product_tag-kenjutsu","10":"product_tag-trainingsschwert","11":"product_shipping_class-debrief145","13":"first","14":"onbackorder","15":"taxable","16":"shipping-taxable","17":"purchasable","18":"product-type-simple"},"acf":[],"_links":{"self":[{"href":"https:\/\/japan-budo.com\/fi\/wp-json\/wp\/v2\/product\/4680","targetHints":{"allow":["GET"]}}],"collection":[{"href":"https:\/\/japan-budo.com\/fi\/wp-json\/wp\/v2\/product"}],"about":[{"href":"https:\/\/japan-budo.com\/fi\/wp-json\/wp\/v2\/types\/product"}],"replies":[{"embeddable":true,"href":"https:\/\/japan-budo.com\/fi\/wp-json\/wp\/v2\/comments?post=4680"}],"wp:featuredmedia":[{"embeddable":true,"href":"https:\/\/japan-budo.com\/fi\/wp-json\/wp\/v2\/media\/4679"}],"wp:attachment":[{"href":"https:\/\/japan-budo.com\/fi\/wp-json\/wp\/v2\/media?parent=4680"}],"wp:term":[{"taxonomy":"product_brand","embeddable":true,"href":"https:\/\/japan-budo.com\/fi\/wp-json\/wp\/v2\/product_brand?post=4680"},{"taxonomy":"product_cat","embeddable":true,"href":"https:\/\/japan-budo.com\/fi\/wp-json\/wp\/v2\/product_cat?post=4680"},{"taxonomy":"product_tag","embeddable":true,"href":"https:\/\/japan-budo.com\/fi\/wp-json\/wp\/v2\/product_tag?post=4680"}],"curies":[{"name":"wp","href":"https:\/\/api.w.org\/{rel}","templated":true}]}}