{"id":5023,"date":"2025-06-02T19:50:03","date_gmt":"2025-06-02T17:50:03","guid":{"rendered":"https:\/\/japan-budo.com\/?post_type=product&#038;p=5023"},"modified":"2025-07-09T13:59:14","modified_gmt":"2025-07-09T11:59:14","slug":"nihonto-budo-kanehiro-kaneyasu-nagasa-74-4cm-2-46-shaku-bizen-fukuoka-ichimonji","status":"publish","type":"product","link":"https:\/\/japan-budo.com\/fi\/nihonto-gendaito-shinken-iai-tameshigiri\/nihonto-budo-kanehiro-kaneyasu-nagasa-74-4cm-2-46-shaku-bizen-fukuoka-ichimonji\/","title":{"rendered":"Nihonto for Budo by Kanehiro (Kaneyasu) - Nagasa 74.4cm - 2.46 Shaku - Bizen Fukuoka Ichimonji style"},"content":{"rendered":"<p>Nihonto - Kanehiro (my\u00f6s Kaneyasu, jos lukeminen poikkeaa).<\/p>\n<p>Katana Mei (allekirjoitus):<br \/>\nOmote-sivu: \u6b66\u58eb\u9053\u80a5\u5f8c\u56fd\u516b\u4ee3\u4f4f\u8d64\u677e\u592a\u90ce\u517c\u88d5\u4f5c (Akamatsu Taro Kanehiro Yatsushirosta, Higon maakunnasta - Bushidon hengess\u00e4 - kirjoittama teos)<br \/>\nUran puolella:<br \/>\n\u4ee5\u81ea\u5bb6\u88fd\u9244\u935b\u4e4b (Taottu itse valmistetusta ter\u00e4ksest\u00e4)<br \/>\n\u4ee4\u548c\u5143\u5e74\u4e5d\u6708\u5409\u65e5 (Er\u00e4\u00e4n\u00e4 suotuisana p\u00e4iv\u00e4n\u00e4 syyskuussa Reiwa 1 (2019))<\/p>\n<p>Tietoja sepist\u00e4:<br \/>\nNimi: Akamatsu Taro Kanehiro<br \/>\nOikea nimi: Kimura Kaoru<\/p>\n<p>Akamatsu Taro Kanehiro syntyi 4. helmikuuta 1961. H\u00e4n on tunnetun miekkasepp\u00e4miehen Kimura Kaneshigen poika ja oppilas. H\u00e4n takoo miekkoja Yatsusiron kaupungissa, Kumamoton prefektuurissa, Kyushun saarella.<\/p>\n<p>Akamatsu Taron perhe on valmistanut miekkoja Yatsushirossa jo kymmenen sukupolven ajan, ja se oli Sagara-daijon hoviseppi\u00e4. Perhe on tunnettu muun muassa siit\u00e4, ett\u00e4 se valmistaa terien valmistusta varten paikallisen jokihiekan tamahaganea itse, jotta se voi hallita materiaalia t\u00e4ysin ja takoa sit\u00e4 omien erikoisuuksiensa mukaan.<\/p>\n<p>Kanehiro tunnetaan erityisesti historiallisten terien j\u00e4ljenn\u00f6ksist\u00e4. T\u00e4m\u00e4 ty\u00f6skentelytapa on eritt\u00e4in arvostettu, koska siin\u00e4 keskustellaan vanhoista sep\u00e4ntekniikoista, ymm\u00e4rret\u00e4\u00e4n niit\u00e4 ja sovelletaan niit\u00e4, ja se on yleisesti ottaen kunnianosoitus Japanin vuosisatoja vanhalle sep\u00e4ntekoperinteelle.<\/p>\n<p>Akamatsu Taro Kanehiro on saanut useita palkintoja poikkeuksellisesta ty\u00f6st\u00e4\u00e4n ja on arvostettu sepp\u00e4.<\/p>\n<p>Tietoa ter\u00e4st\u00e4:<br \/>\nNagasa (ter\u00e4n pituus): 74,4 cm<br \/>\nSori (ter\u00e4n kaarevuus): 2,0 cm<br \/>\nMotohaba: 33,5 mm<br \/>\nMotokasane: 7,0 mm<br \/>\nSakihaba: 23,6 mm<br \/>\nSakikasane: 4,5 mm<br \/>\nPaino ilman sayaa: 954 g<\/p>\n<p>Ter\u00e4 on taottu vuonna 2019.<\/p>\n<p>Ter\u00e4 on valmistettu Bizen Fukuoka Ichimonji -koulun tyyliin kunnianosoituksena Kamakura-kauden sep\u00e4ntaidolle. Se on leve\u00e4 tyvest\u00e4 ja edelleen leve\u00e4 k\u00e4rke\u00e4 kohti, mik\u00e4 antaa sille eritt\u00e4in voimakkaan muodon. Se on my\u00f6s eritt\u00e4in ter\u00e4v\u00e4 ja leikkaa hyvin, mist\u00e4 Akamatsu Taro Kanehiro -ter\u00e4t ovat yleisesti tunnettuja.<\/p>\n<p>Ter\u00e4 ja kiinnike ovat ulkon\u00e4\u00f6lt\u00e4\u00e4n erinomaiset. Olemme iloisia voidessamme tarjota t\u00e4t\u00e4 kaunista Nihontoa, jonka mitat vastaavat eurooppalaisia standardeja, hyv\u00e4\u00e4n hintaan.<\/p>\n<p>T\u00e4m\u00e4 miekka on t\u00e4ll\u00e4 hetkell\u00e4 edelleen Japanissa. Otamme vastuullemme t\u00e4ydellisen k\u00e4sittelyn (kaikki siihen liittyv\u00e4t kustannukset sis\u00e4ltyv\u00e4t jo tarjottuun hintaan).<\/p>","protected":false},"excerpt":{"rendered":"<p>Nihonto \u2013 Kanehiro (bei abweichende Leseart auch Kaneyasu) Katana Mei (Signatur): Omote-Seite: \u6b66\u58eb\u9053\u80a5\u5f8c\u56fd\u516b\u4ee3\u4f4f\u8d64\u677e\u592a\u90ce\u517c\u88d5\u4f5c (Ein Werk von Akamatsu Taro Kanehiro aus Yatsushiro, Provinz Higo \u2013 im Geist des Bushido) Ura-Seite: \u4ee5\u81ea\u5bb6\u88fd\u9244\u935b\u4e4b (Geschmiedet mit eigen hergestelltem Stahl) \u4ee4\u548c\u5143\u5e74\u4e5d\u6708\u5409\u65e5 (An einem gl\u00fcckverhei\u00dfenden Tag im September Reiwa 1 (2019)) Informationen \u00fcber den Schmied: Name: Akamatsu Taro Kanehiro B\u00fcrgerlicher Name: [&hellip;]<\/p>\n","protected":false},"featured_media":5024,"comment_status":"open","ping_status":"closed","template":"","meta":{"_acf_changed":false},"product_brand":[],"product_cat":[218],"product_tag":[],"class_list":{"0":"post-5023","1":"product","2":"type-product","3":"status-publish","4":"has-post-thumbnail","6":"product_cat-nihonto-gendaito-shinken-iai-tameshigiri","8":"first","9":"instock","10":"taxable","11":"shipping-taxable","12":"product-type-external"},"acf":[],"_links":{"self":[{"href":"https:\/\/japan-budo.com\/fi\/wp-json\/wp\/v2\/product\/5023","targetHints":{"allow":["GET"]}}],"collection":[{"href":"https:\/\/japan-budo.com\/fi\/wp-json\/wp\/v2\/product"}],"about":[{"href":"https:\/\/japan-budo.com\/fi\/wp-json\/wp\/v2\/types\/product"}],"replies":[{"embeddable":true,"href":"https:\/\/japan-budo.com\/fi\/wp-json\/wp\/v2\/comments?post=5023"}],"wp:featuredmedia":[{"embeddable":true,"href":"https:\/\/japan-budo.com\/fi\/wp-json\/wp\/v2\/media\/5024"}],"wp:attachment":[{"href":"https:\/\/japan-budo.com\/fi\/wp-json\/wp\/v2\/media?parent=5023"}],"wp:term":[{"taxonomy":"product_brand","embeddable":true,"href":"https:\/\/japan-budo.com\/fi\/wp-json\/wp\/v2\/product_brand?post=5023"},{"taxonomy":"product_cat","embeddable":true,"href":"https:\/\/japan-budo.com\/fi\/wp-json\/wp\/v2\/product_cat?post=5023"},{"taxonomy":"product_tag","embeddable":true,"href":"https:\/\/japan-budo.com\/fi\/wp-json\/wp\/v2\/product_tag?post=5023"}],"curies":[{"name":"wp","href":"https:\/\/api.w.org\/{rel}","templated":true}]}}