{"id":5056,"date":"2025-06-03T09:30:16","date_gmt":"2025-06-03T07:30:16","guid":{"rendered":"https:\/\/japan-budo.com\/?post_type=product&#038;p=5056"},"modified":"2026-01-13T12:39:57","modified_gmt":"2026-01-13T11:39:57","slug":"katana-nihonto-by-kuniyoshi-nagasa-70-4cm-2-32-shaku-awataguchi-kuniyoshi-tyyliin","status":"publish","type":"product","link":"https:\/\/japan-budo.com\/fi\/nihonto-gendaito-shinken-iai-tameshigiri\/katana-nihonto-by-kuniyoshi-nagasa-70-4cm-2-32-shaku-awataguchi-kuniyoshi-tyyliin\/","title":{"rendered":"Katana Nihonto by Kuniyoshi - Nagasa 70.4cm - 2.32 Shaku - Awataguchi Kuniyoshin tyylill\u00e4"},"content":{"rendered":"<p>Nihonto - Kuniyoshi<\/p>\n<p>Katana Mei (allekirjoitus):<br \/>\nOmote-puoli: \u56fd\u5409\u4f5c (Kuniyoshin tekem\u00e4)<br \/>\nUra sivu: \u662d\u548c\u4e94\u5341\u56db\u5e74\u4e94\u6708\u65e5 (toukokuussa Showa 54 (1979))<\/p>\n<p>Tietoja sepist\u00e4:<br \/>\nNimi: Futakami Kuniyoshi<br \/>\nOikea nimi: Futakami Hisashi<\/p>\n<p>Mestari Kuniyoshi syntyi vuonna Sh\u014dwa 3 (1928). H\u00e4n oli sepp\u00e4mestari Shuro Yoshinobun poika ja asui Aomorin prefektuurissa.<br \/>\nSepp\u00e4 oli tunnetun All Japan Swordsmith Associationin (AJSA) j\u00e4sen, ja h\u00e4nen ty\u00f6ns\u00e4 on palkittu useita kertoja.<\/p>\n<p>Tietoa ter\u00e4st\u00e4:<br \/>\nNagasa (ter\u00e4n pituus): 70,4 cm<br \/>\nSori (ter\u00e4n kaarevuus): 2,1 cm<br \/>\nMotohaba: 31,6 mm<br \/>\nMotokasane: 7,6 mm<br \/>\nSakihaba: 21,2 mm<br \/>\nSakikasane: 3,16 mm<br \/>\nPaino ilman sayaa: 926 g<\/p>\n<p>Ter\u00e4 on taottu vuonna 1979.<\/p>\n<p>T\u00e4m\u00e4 miekka on mestarillinen kopio Kamakura-kauden Awataguchi Kuniyoshin miekasta. Tyylikk\u00e4\u00e4ss\u00e4 muodossa n\u00e4kyy Awataguchille tyypillinen siluetti, jossa on selv\u00e4 ero ter\u00e4n tyven ja k\u00e4rjen leveyden v\u00e4lill\u00e4. Ter\u00e4srakenne (Jigane) on valmistettu hienosti kuvioidusta, huolellisesti taotusta Ko-itame-Hadasta, joka kuvastaa aidosti Awataguchin ter\u00e4ksen korkeaa laatua.<br \/>\nHamonissa (kovettumisviiva) on suora kuvio, jossa on nioi (hieno kovettumisviiva) ja nie (kiteiset sulkeumat) Awataguchi Kuniyoshin tyyliin. Se on syv\u00e4sti palanut, ja siin\u00e4 n\u00e4kyy aktiivisia elementtej\u00e4 kovettumisviivan (hataraki) sis\u00e4ll\u00e4, mukaan lukien ashi (kovemmat alueet, jotka ty\u00f6ntyv\u00e4t pehme\u00e4\u00e4n vy\u00f6hykkeeseen).<br \/>\nMaku on erinomainen.<\/p>\n<p>T\u00e4m\u00e4 miekka on t\u00e4ll\u00e4 hetkell\u00e4 edelleen Japanissa. Otamme vastuullemme t\u00e4ydellisen k\u00e4sittelyn (kaikki siihen liittyv\u00e4t kustannukset sis\u00e4ltyv\u00e4t jo tarjottuun hintaan).<\/p>","protected":false},"excerpt":{"rendered":"<p>Nihonto \u2013 Kuniyoshi Katana Mei (Signatur): Omote-Seite: \u56fd\u5409\u4f5c (Gefertigt von Kuniyoshi) Ura-Seite: \u662d\u548c\u4e94\u5341\u56db\u5e74\u4e94\u6708\u65e5 (Im Mai Showa 54 (1979)) Informationen \u00fcber den Schmied: Name: Futakami Kuniyoshi B\u00fcrgerlicher Name: Futakami Hisashi Meister Kuniyoshi wurde im Jahr Sh\u014dwa 3 (1928) geboren. Er warder Sohn des Meisterschmieds Shuro Yoshinobu und lebte in der Pr\u00e4fektur Aomori. Der Schmied war ein [&hellip;]<\/p>\n","protected":false},"featured_media":5057,"comment_status":"open","ping_status":"closed","template":"","meta":{"_acf_changed":false},"product_brand":[],"product_cat":[218],"product_tag":[],"class_list":{"0":"post-5056","1":"product","2":"type-product","3":"status-publish","4":"has-post-thumbnail","6":"product_cat-nihonto-gendaito-shinken-iai-tameshigiri","8":"first","9":"instock","10":"taxable","11":"shipping-taxable","12":"product-type-external"},"acf":[],"_links":{"self":[{"href":"https:\/\/japan-budo.com\/fi\/wp-json\/wp\/v2\/product\/5056","targetHints":{"allow":["GET"]}}],"collection":[{"href":"https:\/\/japan-budo.com\/fi\/wp-json\/wp\/v2\/product"}],"about":[{"href":"https:\/\/japan-budo.com\/fi\/wp-json\/wp\/v2\/types\/product"}],"replies":[{"embeddable":true,"href":"https:\/\/japan-budo.com\/fi\/wp-json\/wp\/v2\/comments?post=5056"}],"wp:featuredmedia":[{"embeddable":true,"href":"https:\/\/japan-budo.com\/fi\/wp-json\/wp\/v2\/media\/5057"}],"wp:attachment":[{"href":"https:\/\/japan-budo.com\/fi\/wp-json\/wp\/v2\/media?parent=5056"}],"wp:term":[{"taxonomy":"product_brand","embeddable":true,"href":"https:\/\/japan-budo.com\/fi\/wp-json\/wp\/v2\/product_brand?post=5056"},{"taxonomy":"product_cat","embeddable":true,"href":"https:\/\/japan-budo.com\/fi\/wp-json\/wp\/v2\/product_cat?post=5056"},{"taxonomy":"product_tag","embeddable":true,"href":"https:\/\/japan-budo.com\/fi\/wp-json\/wp\/v2\/product_tag?post=5056"}],"curies":[{"name":"wp","href":"https:\/\/api.w.org\/{rel}","templated":true}]}}