{"id":5307,"date":"2025-06-30T14:09:23","date_gmt":"2025-06-30T12:09:23","guid":{"rendered":"https:\/\/japan-budo.com\/unkategorisiert\/tsuba-dome-aus-leder-mit-motiv-fuer-bokken\/"},"modified":"2025-11-07T09:54:23","modified_gmt":"2025-11-07T08:54:23","slug":"nahasta-valmistettu-tsuba-kupu-jossa-on-motiivi-bokkenia-varten","status":"publish","type":"product","link":"https:\/\/japan-budo.com\/fi\/bokken-puinen-miekka-japan-budo-samurai-miekka\/nahasta-valmistettu-tsuba-kupu-jossa-on-motiivi-bokkenia-varten\/","title":{"rendered":"Nahasta valmistettu tsuba-kupu, jossa on bokkenin motiivi."},"content":{"rendered":"<p>Tsuba-kupu tsuban kiinnitt\u00e4miseksi harjoitusmiekka bokutoon (tunnetaan my\u00f6s nimell\u00e4 bokken).<br \/>T\u00e4m\u00e4n tsuba-kupolin avulla ter\u00e4 saa turvallisen otteen puisesta miekasta, ja se on arvokkaamman n\u00e4k\u00f6inen kuin tavallinen muovinen tsuba-kupoli.<\/p>\n<p>Valmistajan merkint\u00e4: (Kendo24) Bernd Schwab, Eichbergstra\u00dfe 1, 36160 Dipperz, Saksa, info@kendo24.de.<\/p>","protected":false},"excerpt":{"rendered":"<p>Tsuba-kupu tsuban kiinnitt\u00e4miseen harjoitusmiekka bokutoon (tunnetaan my\u00f6s nimell\u00e4 bokken) T\u00e4m\u00e4 tsuba-kupu antaa ter\u00e4lle turvallisen pidon puisessa miekassa ja tarjoaa arvokkaamman ulkon\u00e4\u00f6n kuin tavallinen muovinen tsuba-kupu. Valmistajan merkint\u00e4: (Kendo24) Bernd Schwab, Eichbergstra\u00dfe 1, 36160 Dipperz, Saksa, info@kendo24.de.<\/p>","protected":false},"featured_media":5306,"comment_status":"open","ping_status":"closed","template":"","meta":{"_acf_changed":false},"product_brand":[],"product_cat":[48],"product_tag":[],"class_list":{"0":"post-5307","1":"product","2":"type-product","3":"status-publish","4":"has-post-thumbnail","6":"product_cat-bokken-holzschwert-japan-budo-samurai-schwert","7":"product_shipping_class-debrief145","9":"first","10":"instock","11":"taxable","12":"shipping-taxable","13":"purchasable","14":"product-type-simple"},"acf":[],"_links":{"self":[{"href":"https:\/\/japan-budo.com\/fi\/wp-json\/wp\/v2\/product\/5307","targetHints":{"allow":["GET"]}}],"collection":[{"href":"https:\/\/japan-budo.com\/fi\/wp-json\/wp\/v2\/product"}],"about":[{"href":"https:\/\/japan-budo.com\/fi\/wp-json\/wp\/v2\/types\/product"}],"replies":[{"embeddable":true,"href":"https:\/\/japan-budo.com\/fi\/wp-json\/wp\/v2\/comments?post=5307"}],"wp:featuredmedia":[{"embeddable":true,"href":"https:\/\/japan-budo.com\/fi\/wp-json\/wp\/v2\/media\/5306"}],"wp:attachment":[{"href":"https:\/\/japan-budo.com\/fi\/wp-json\/wp\/v2\/media?parent=5307"}],"wp:term":[{"taxonomy":"product_brand","embeddable":true,"href":"https:\/\/japan-budo.com\/fi\/wp-json\/wp\/v2\/product_brand?post=5307"},{"taxonomy":"product_cat","embeddable":true,"href":"https:\/\/japan-budo.com\/fi\/wp-json\/wp\/v2\/product_cat?post=5307"},{"taxonomy":"product_tag","embeddable":true,"href":"https:\/\/japan-budo.com\/fi\/wp-json\/wp\/v2\/product_tag?post=5307"}],"curies":[{"name":"wp","href":"https:\/\/api.w.org\/{rel}","templated":true}]}}