{"id":5315,"date":"2025-06-30T14:09:33","date_gmt":"2025-06-30T12:09:33","guid":{"rendered":"https:\/\/japan-budo.com\/unkategorisiert\/bokken-tsuba-fuer-shoto\/"},"modified":"2026-01-05T15:15:25","modified_gmt":"2026-01-05T14:15:25","slug":"bokken-tsuba-shotoille","status":"publish","type":"product","link":"https:\/\/japan-budo.com\/fi\/bokken-puinen-miekka-japan-budo-samurai-miekka\/bokken-tsuba-shotoille\/","title":{"rendered":"Bokken Tsuba Shotolle"},"content":{"rendered":"<p>Muovinen tsuba, jossa on tsuba-kupu. Puisten harjoitusmiekkojen, jotka tunnetaan japanilaisilla nimill\u00e4 bokken ja bokuto, k\u00e4sisuojus.<\/p>\n<p>T\u00e4m\u00e4 on tarkoitettu lyhyille miekoille (Shoto). Ulkomitat ovat n. 7,8 cm x 7,2 cm, keskell\u00e4 oleva leikkaus sopii tavallisille japanilaisille shoto-bokutoille. Se voidaan kuitenkin tarvittaessa my\u00f6s muokata my\u00f6hemmin.<\/p>\n<p>T\u00e4m\u00e4 tuote on per\u00e4isin Japanista. Koska EU:n nykyisen lains\u00e4\u00e4d\u00e4nn\u00f6n mukaan EU:ssa on oltava yhteyshenkil\u00f6 turvallisuuskysymyksiss\u00e4, tarjoamme tuotetta EU-tuotemerkill\u00e4 vaatimusten t\u00e4ytt\u00e4miseksi. T\u00e4t\u00e4 varten se valmistetaan erityisesti meit\u00e4 varten Japanissa ja luodaan asianmukaiset olosuhteet, jotta voimme tarjota sit\u00e4 EU:n markkinoilla lains\u00e4\u00e4d\u00e4nn\u00f6n mukaisesti.<br \/>N\u00e4in ollen nimet\u00e4\u00e4n saksalainen valmistaja.<\/p>\n<p>EU:n lains\u00e4\u00e4d\u00e4nn\u00f6n mukainen valmistaja: DerShogun, Andara GmbH, Brunnenweg 15, 64331 Weiterstadt, Saksa, info@andara-gmbh.de.<\/p>","protected":false},"excerpt":{"rendered":"<p>Kunststoff Tsuba mit Tsuba Dome. Der Handschutz f\u00fcr Trainingsschwerter aus Holz, die unter den japanischen Begriffen Bokken und Bokuto bekannt sind. Dieses Exemplar ist f\u00fcr Kurzschwerter (Shoto) gedacht. Die Au\u00dfenma\u00dfe betragen ca. 7,8 cm x 7,2 cm, der Ausschnitt in der Mitte ist passend f\u00fcr normale Standard-Shoto-Bokuto aus Japan. Er kann bei Bedarf aber auch [&hellip;]<\/p>\n","protected":false},"featured_media":5314,"comment_status":"open","ping_status":"closed","template":"","meta":{"_acf_changed":false},"product_brand":[],"product_cat":[48],"product_tag":[219,254,255],"class_list":{"0":"post-5315","1":"product","2":"type-product","3":"status-publish","4":"has-post-thumbnail","6":"product_cat-bokken-holzschwert-japan-budo-samurai-schwert","7":"product_tag-bokuto","8":"product_tag-kurzschwert","9":"product_tag-stichblatt","10":"product_shipping_class-debrief145","12":"first","13":"instock","14":"taxable","15":"shipping-taxable","16":"purchasable","17":"product-type-simple"},"acf":[],"_links":{"self":[{"href":"https:\/\/japan-budo.com\/fi\/wp-json\/wp\/v2\/product\/5315","targetHints":{"allow":["GET"]}}],"collection":[{"href":"https:\/\/japan-budo.com\/fi\/wp-json\/wp\/v2\/product"}],"about":[{"href":"https:\/\/japan-budo.com\/fi\/wp-json\/wp\/v2\/types\/product"}],"replies":[{"embeddable":true,"href":"https:\/\/japan-budo.com\/fi\/wp-json\/wp\/v2\/comments?post=5315"}],"wp:featuredmedia":[{"embeddable":true,"href":"https:\/\/japan-budo.com\/fi\/wp-json\/wp\/v2\/media\/5314"}],"wp:attachment":[{"href":"https:\/\/japan-budo.com\/fi\/wp-json\/wp\/v2\/media?parent=5315"}],"wp:term":[{"taxonomy":"product_brand","embeddable":true,"href":"https:\/\/japan-budo.com\/fi\/wp-json\/wp\/v2\/product_brand?post=5315"},{"taxonomy":"product_cat","embeddable":true,"href":"https:\/\/japan-budo.com\/fi\/wp-json\/wp\/v2\/product_cat?post=5315"},{"taxonomy":"product_tag","embeddable":true,"href":"https:\/\/japan-budo.com\/fi\/wp-json\/wp\/v2\/product_tag?post=5315"}],"curies":[{"name":"wp","href":"https:\/\/api.w.org\/{rel}","templated":true}]}}