{"id":5479,"date":"2025-08-13T21:44:51","date_gmt":"2025-08-13T19:44:51","guid":{"rendered":"https:\/\/japan-budo.com\/?post_type=product&#038;p=5479"},"modified":"2026-02-02T20:23:35","modified_gmt":"2026-02-02T19:23:35","slug":"aito-katana-japanista-kanefusa-25-sukupolven-nagasa-73-3cm-2-42-shaku","status":"publish","type":"product","link":"https:\/\/japan-budo.com\/fi\/nihonto-gendaito-shinken-iai-tameshigiri\/aito-katana-japanista-kanefusa-25-sukupolven-nagasa-73-3cm-2-42-shaku\/","title":{"rendered":"Aito Katana Japanista Kanefusalta (25. sukupolvi) - Nagasa 73.3cm - 2.42 Shaku"},"content":{"rendered":"<p>Nihonto - Kanefusa (25. sukupolvi)<\/p>\n<p>Katana Mei (allekirjoitus):<br \/>\nOmote-puoli: \u85e4\u539f\u517c\u623f\u4f5c (Made by Fujiwara Kanefusa)<br \/>\nUra-puoli: \u662d\u548c\u4e59\u4e11\u5e74\u5409\u65e5 (Er\u00e4\u00e4n\u00e4 suotuisana p\u00e4iv\u00e4n\u00e4 vuonna Sh\u014dwa 60 (1985))<\/p>\n<p>Tietoja sepist\u00e4:<br \/>\nNimi: Kanefusa<br \/>\nOikea nimi: Kato Katsuo<br \/>\nPoika: Kanefusa, 24. sukupolvi<\/p>\n<p>T\u00e4m\u00e4n miekan valmistaja syntyi 7. tammikuuta 1957 Sekin kaupungissa, Gifun prefektuurissa (entinen Mino).<br \/>\nVuonna 1975 h\u00e4nest\u00e4 tuli kuuluisan sepp\u00e4 Gassan Sadakazun (II) oppilas, jolla oli Mukansa-arvonimi ja \"el\u00e4v\u00e4n kansallisaarteen\" titteli.<br \/>\nVuonna 1983 h\u00e4nest\u00e4 tuli is\u00e4ns\u00e4, 24. Fujiwara Kanefusan, oppilas.<br \/>\nVuonna 1984 h\u00e4n avasi oman takomon ja otti k\u00e4ytt\u00f6\u00f6n Kanefusa-nimen 25. sukupolvelle.<\/p>\n<p>Sepp\u00e4n\u00e4 h\u00e4n on jo saanut lukuisia palkintoja, kuten 1x Kunzan-palkinnon, 2x Excellence-palkinnon, 8x Effort-palkinnon ja 8x Selection-palkinnon.<\/p>\n<p>Kanefusa on ollut mukana kansainv\u00e4lisesti ja kansallisesti, ja siksi h\u00e4net tunnetaan maailmanlaajuisesti:<br \/>\nVuonna 1982 h\u00e4n oli mestari Gassanin mukana Bostonin taidemuseon n\u00e4yttelyss\u00e4 \"El\u00e4v\u00e4t kansallisaarteet\".<br \/>\nH\u00e4nen miekkojaan on ollut esill\u00e4 Moskovassa ja Pietarissa vuosittain vuodesta 2004 l\u00e4htien.<br \/>\nLokakuussa 2004 h\u00e4n piti japanilaisen miekkasep\u00e4nty\u00f6n esittelyj\u00e4 K\u00f6lniss\u00e4 ja M\u00fcncheniss\u00e4.<br \/>\nJordanian kuningas Hussein sai vuonna 2007\/08 yhteens\u00e4 seitsem\u00e4n miekkaa.<\/p>\n<p>Vuonna 2005 h\u00e4n valmisti keisarilliselle perheelle lyhyen miekan, joka lahjoitettiin Meiji-pyh\u00e4kk\u00f6\u00f6n.<\/p>\n<p>Sen lis\u00e4ksi, ett\u00e4 h\u00e4nell\u00e4 oli erinomainen maine sepp\u00e4n\u00e4, h\u00e4nell\u00e4 oli my\u00f6s lukuisia teht\u00e4vi\u00e4 japanilaisissa miekkaj\u00e4rjest\u00f6iss\u00e4:<br \/>\nAll Japan Swordsmith Associationin entinen toimitusjohtaja, Japanin taidemiekkojen s\u00e4ilytt\u00e4misj\u00e4rjest\u00f6n Sanshokain entinen tilintarkastaja, Sekiden Technique Preservation Societyn entinen varapuheenjohtaja ja Sekiden Swordsmith Associationin entinen puheenjohtaja.<\/p>\n<p>Tietoa ter\u00e4st\u00e4:<br \/>\nNagasa (ter\u00e4n pituus): 73,3 cm<br \/>\nSori (ter\u00e4n kaarevuus): 1,7 cm.<br \/>\nMotohaba: 31,8 mm<br \/>\nMotokasane: 5,5 mm<br \/>\nSakihaba: 23,1 mm<br \/>\nSakikasane: 3,5 mm<br \/>\nPaino ilman sayaa: 920 g<\/p>\n<p>Ter\u00e4 on taottu vuonna 1985.<\/p>\n<p>T\u00e4t\u00e4 miekkaa on k\u00e4ytetty Japanissa miekkailun harjoitteluun. Tarjoamme sit\u00e4 suhteellisen edulliseen hintaan, jotta voit k\u00e4ytt\u00e4\u00e4 aitoa japanilaista miekkaa harjoittelussa. K\u00e4ytetyille miekoille kehittyy ajan mittaan tyypillisi\u00e4 oireita, kuten minimaalinen pelti kahvan ja muiden kiinnikkeiden v\u00e4lill\u00e4. Ennemmin tai my\u00f6hemmin n\u00e4it\u00e4 esiintyy my\u00f6s omassa harjoittelussasi joka tapauksessa, joten ne eiv\u00e4t ole ongelma.<\/p>\n<p>T\u00e4m\u00e4 miekka on t\u00e4ll\u00e4 hetkell\u00e4 edelleen Japanissa. Otamme vastuullemme t\u00e4ydellisen k\u00e4sittelyn (kaikki siihen liittyv\u00e4t kustannukset sis\u00e4ltyv\u00e4t jo tarjottuun hintaan).<\/p>","protected":false},"excerpt":{"rendered":"<p>Nihonto \u2013 Kanefusa (25. Generation) Katana Mei (Signatur): Omote-Seite: \u85e4\u539f\u517c\u623f\u4f5c (Gefertigt von Fujiwara Kanefusa) Ura-Seite: \u662d\u548c\u4e59\u4e11\u5e74\u5409\u65e5 (An einem gl\u00fcckverhei\u00dfenden Tag im Jahr Sh\u014dwa 60 (1985)) Informationen \u00fcber den Schmied: Name: Kanefusa B\u00fcrgerlicher Name: Kato Katsuo Sohn von: Kanefusa, 24. Generation Der Macher dieses Schwertes ist am 7. Januar 1957 geboren in der Stadt Seki, Pr\u00e4fektur [&hellip;]<\/p>\n","protected":false},"featured_media":4983,"comment_status":"open","ping_status":"closed","template":"","meta":{"_acf_changed":false},"product_brand":[],"product_cat":[218],"product_tag":[],"class_list":{"0":"post-5479","1":"product","2":"type-product","3":"status-publish","4":"has-post-thumbnail","6":"product_cat-nihonto-gendaito-shinken-iai-tameshigiri","8":"first","9":"instock","10":"taxable","11":"shipping-taxable","12":"product-type-external"},"acf":[],"_links":{"self":[{"href":"https:\/\/japan-budo.com\/fi\/wp-json\/wp\/v2\/product\/5479","targetHints":{"allow":["GET"]}}],"collection":[{"href":"https:\/\/japan-budo.com\/fi\/wp-json\/wp\/v2\/product"}],"about":[{"href":"https:\/\/japan-budo.com\/fi\/wp-json\/wp\/v2\/types\/product"}],"replies":[{"embeddable":true,"href":"https:\/\/japan-budo.com\/fi\/wp-json\/wp\/v2\/comments?post=5479"}],"wp:featuredmedia":[{"embeddable":true,"href":"https:\/\/japan-budo.com\/fi\/wp-json\/wp\/v2\/media\/4983"}],"wp:attachment":[{"href":"https:\/\/japan-budo.com\/fi\/wp-json\/wp\/v2\/media?parent=5479"}],"wp:term":[{"taxonomy":"product_brand","embeddable":true,"href":"https:\/\/japan-budo.com\/fi\/wp-json\/wp\/v2\/product_brand?post=5479"},{"taxonomy":"product_cat","embeddable":true,"href":"https:\/\/japan-budo.com\/fi\/wp-json\/wp\/v2\/product_cat?post=5479"},{"taxonomy":"product_tag","embeddable":true,"href":"https:\/\/japan-budo.com\/fi\/wp-json\/wp\/v2\/product_tag?post=5479"}],"curies":[{"name":"wp","href":"https:\/\/api.w.org\/{rel}","templated":true}]}}