{"id":5481,"date":"2025-08-13T21:47:38","date_gmt":"2025-08-13T19:47:38","guid":{"rendered":"https:\/\/japan-budo.com\/?post_type=product&#038;p=5481"},"modified":"2025-08-13T21:48:19","modified_gmt":"2025-08-13T19:48:19","slug":"shinsakutolla-on-oma-nihonto-joka-on-valmistettu-japanissa","status":"publish","type":"product","link":"https:\/\/japan-budo.com\/fi\/nihonto-gendaito-shinken-iai-tameshigiri\/shinsakutolla-on-oma-nihonto-joka-on-valmistettu-japanissa\/","title":{"rendered":"Shinsakuto - Hanki oma Nihonto, joka on valmistettu Japanissa!"},"content":{"rendered":"<h2 class=\"wp-block-heading\">Unelma toteutuu - Nihonto-mestarimiekat taotaan omien mittojen mukaan.<\/h2>\r\n\r\n\r\n\r\n<p>Nihonto, jonka japanilainen miekkasepp\u00e4 on valmistanut, on monien kamppailulajien harrastajien ja japanilaisen miekan yst\u00e4vien unelma. N\u00e4m\u00e4 vastavalmistetut japanilaiset miekat tunnetaan nimell\u00e4 shinsakuto, joka tarkoittaa suomeksi \"vastavalmistettua miekkaa\".<\/p>\r\n\r\n\r\n\r\n<p>T\u00e4m\u00e4 antaa sinulle mahdollisuuden k\u00e4ytt\u00e4\u00e4 aitoa japanilaista miekkaa, jossa on ter\u00e4ksinen ter\u00e4, omassa harjoittelussasi, ja tuet samalla japanilaisen miekkataiteen s\u00e4ilymist\u00e4 t\u00e4llaisella tilauksella.<\/p>\r\n\r\n\r\n\r\n<p>T\u00e4llaisten mestarimiekkojen valmistuksella on etunsa. Miekka voidaan takoa yksil\u00f6llisesti asiakkaan toiveiden mukaan.<\/p>\r\n\r\n\r\n\r\n<p>Standardien, kuten tietyn ter\u00e4n pituuden, lis\u00e4ksi voidaan m\u00e4\u00e4ritt\u00e4\u00e4 my\u00f6s yksityiskohtia, kuten sori.<\/p>\r\n\r\n\r\n\r\n<p>Jos p\u00e4\u00e4t\u00e4t r\u00e4\u00e4t\u00e4l\u00f6id\u00e4 japanilaisen miekan, saat t\u00e4ysin uuden miekan, jota kukaan muu kuin sepp\u00e4 ja k\u00e4sity\u00f6l\u00e4iset eiv\u00e4t ole koskaan aiemmin pit\u00e4neet k\u00e4siss\u00e4\u00e4n.<\/p>\r\n\r\n\r\n\r\n<p>T\u00e4ysin uusi ter\u00e4 on tuore ja lataamaton. Tietenkin on my\u00f6s monia kauniita\u00a0<a href=\"https:\/\/japan-budo.com\/fi\/samurai-miekka-ostaa-antiikkikauppa-saksaa\/\" target=\"_blank\" rel=\"noreferrer noopener\">historialliset mestarimiekat<\/a>mutta n\u00e4m\u00e4 ovat usein kokeneet paljon vuosisatojen aikana.<\/p>\r\n\r\n\r\n\r\n<p>Esimerkiksi antiikkimiekkojen kiinnitys (koshirae) on usein suhteellisen l\u00f6ys\u00e4. T\u00e4m\u00e4 on tietysti eri asia t\u00e4ysin uuden miekan kohdalla!<\/p>\r\n\r\n\r\n\r\n<p>Kuten kaikki aidot Nihonto-miekat, my\u00f6s uudet miekat on taottu japanilaisten miekkaseppien pitk\u00e4n perinteen mukaisesti k\u00e4ytt\u00e4en perinteisi\u00e4 menetelmi\u00e4 ja kuuluisaa japanilaista Tamahagane-ter\u00e4st\u00e4.<\/p>\r\n\r\n\r\n\r\n<p>Tekniikat ovat siirtyneet sukupolvelta toiselle ja niit\u00e4 on optimoitu sukupolvelta toiselle.<\/p>\r\n\r\n\r\n\r\n<p>T\u00e4m\u00e4 tarkoittaa, ett\u00e4 kun tilaat mestarimiekan japanilaiselta sep\u00e4lt\u00e4, saat vuosisatojen aikana kertyneen tiedon yhdeksi miekaksi.<\/p>\r\n\r\n\r\n\r\n<p>N\u00e4m\u00e4 ovat eksklusiivisia uniikkeja kappaleita, joita ei ole olemassa toista kertaa t\u00e4ss\u00e4 muodossa, koska ne on taottu yksil\u00f6llisesti ja erityisesti sinua varten.<\/p>\r\n\r\n\r\n\r\n<p>Mestarimiekkojen valmistus on Japanissa tiukasti s\u00e4\u00e4nnelty\u00e4, ja perinteiset valmistusmenetelm\u00e4t vaativat paljon aikaa.<\/p>\r\n\r\n\r\n\r\n<p>Nykyisen mestarisep\u00e4n valmistama t\u00e4ydellinen Nihonto kest\u00e4\u00e4 noin 6-12 kuukautta tilauksesta valmiiseen miekkaan.<\/p>\r\n\r\n\r\n\r\n<p>T\u00e4llaisia vastavalmistettuja miekkoja kutsutaan nimell\u00e4 shinsakuto. Voit ostaa tai tilata meilt\u00e4 shinsakutoja.<\/p>\r\n\r\n\r\n\r\n<p>Japanissa ty\u00f6skentelev\u00e4t sep\u00e4t ovat kunniallisia mestareita, joiden aikaa ei tuhlailla. Siksi pyyd\u00e4mme ymm\u00e4rryst\u00e4, ett\u00e4 250 euron maksu on maksettava keskustelujen alkaessa.<\/p>\r\n\r\n\r\n\r\n<p>Loppujen lopuksi kuittaamme t\u00e4m\u00e4n kokonaishinnasta, kun tilaus tehd\u00e4\u00e4n. T\u00e4m\u00e4 on v\u00e4ltt\u00e4m\u00e4t\u00f6nt\u00e4, jotta v\u00e4ltyt\u00e4\u00e4n kyselyilt\u00e4, joita ei ole tarkoitettu vakavasti.<\/p>\r\n\r\n\r\n\r\n<p>Miekka on laadukas taide-esine, koska sen valmistamiseen on n\u00e4hty paljon vaivaa ja ty\u00f6t\u00e4. Valmistukseen tulisi olla k\u00e4ytett\u00e4viss\u00e4 noin 10 000 euron budjetti. T\u00e4m\u00e4 ei ole kiinte\u00e4 hinta ja voi vaihdella henkil\u00f6kohtaisten toiveiden mukaan. Hinta on kuitenkin likim\u00e4\u00e4r\u00e4inen ohje.<\/p>\r\n\r\n\r\n\r\n<p>Kansainv\u00e4liset tiedustelut ovat tervetulleita. (My\u00f6s kansainv\u00e4liset tiedustelut ovat tervetulleita)<\/p>\r\n\r\n\r\n\r\n<p>&nbsp;<\/p>","protected":false},"excerpt":{"rendered":"<p>Ein Traum wird wahr &#8211; Nihonto Meisterschwerter nach eigenen Vorgaben schmieden lassen Ein Nihonto bei einem aktuellen Schwertschmied in Japan fertigen zu lassen ist der Traum vieler Kampfk\u00fcnstler und Fans des japanischen Schwertes. Diese neu gefertigten, japanischen Schwerter sind als Shinsakuto bekannt, was \u00fcbersetzt &#8222;neu gefertigtes Schwert&#8220; bedeutet. Dadurch ergibt sich die M\u00f6glichkeit im eigenen [&hellip;]<\/p>\n","protected":false},"featured_media":3485,"comment_status":"open","ping_status":"closed","template":"","meta":{"_acf_changed":false},"product_brand":[],"product_cat":[218],"product_tag":[],"class_list":{"0":"post-5481","1":"product","2":"type-product","3":"status-publish","4":"has-post-thumbnail","6":"product_cat-nihonto-gendaito-shinken-iai-tameshigiri","8":"first","9":"instock","10":"taxable","11":"shipping-taxable","12":"purchasable","13":"product-type-simple"},"acf":[],"_links":{"self":[{"href":"https:\/\/japan-budo.com\/fi\/wp-json\/wp\/v2\/product\/5481","targetHints":{"allow":["GET"]}}],"collection":[{"href":"https:\/\/japan-budo.com\/fi\/wp-json\/wp\/v2\/product"}],"about":[{"href":"https:\/\/japan-budo.com\/fi\/wp-json\/wp\/v2\/types\/product"}],"replies":[{"embeddable":true,"href":"https:\/\/japan-budo.com\/fi\/wp-json\/wp\/v2\/comments?post=5481"}],"wp:featuredmedia":[{"embeddable":true,"href":"https:\/\/japan-budo.com\/fi\/wp-json\/wp\/v2\/media\/3485"}],"wp:attachment":[{"href":"https:\/\/japan-budo.com\/fi\/wp-json\/wp\/v2\/media?parent=5481"}],"wp:term":[{"taxonomy":"product_brand","embeddable":true,"href":"https:\/\/japan-budo.com\/fi\/wp-json\/wp\/v2\/product_brand?post=5481"},{"taxonomy":"product_cat","embeddable":true,"href":"https:\/\/japan-budo.com\/fi\/wp-json\/wp\/v2\/product_cat?post=5481"},{"taxonomy":"product_tag","embeddable":true,"href":"https:\/\/japan-budo.com\/fi\/wp-json\/wp\/v2\/product_tag?post=5481"}],"curies":[{"name":"wp","href":"https:\/\/api.w.org\/{rel}","templated":true}]}}