{"id":5873,"date":"2026-01-08T08:47:27","date_gmt":"2026-01-08T07:47:27","guid":{"rendered":"https:\/\/japan-budo.com\/?post_type=product&#038;p=5873"},"modified":"2026-01-08T11:17:58","modified_gmt":"2026-01-08T10:17:58","slug":"nihonto-fuer-iaido-jiko-okawa-osamu-nagasa-71cm-2-34-shaku","status":"publish","type":"product","link":"https:\/\/japan-budo.com\/fi\/nihonto-gendaito-shinken-iai-tameshigiri\/nihonto-fuer-iaido-jiko-okawa-osamu-nagasa-71cm-2-34-shaku\/","title":{"rendered":"Nihonto f\u00fcr Iaido &#8211; Jik\u014d \u014ckawa Osamu &#8211; Nagasa 71cm \u2013 2.34 Shaku"},"content":{"rendered":"<p>Nihonto \u2013 Jiko<\/p>\n<p>Katana Mei (allekirjoitus):<br \/>\nOmote: \u6cbb\u5149 = Jik\u014d<br \/>\nUra: \u662d\u548c\u516d\u5341\u4e09\u5e74\u516b\u6708\u65e5 = Im August Sh\u014dwa 63 (1988)<\/p>\n<p>Informationen \u00fcber den Schmiede:<br \/>\nName: Jik\u014d<br \/>\nB\u00fcrgerlicher Name: \u014ckawa Osamu<br \/>\nSch\u00fcler von: \u014ckawa Satoshi, Kawachi no Kuni Hira<\/p>\n<p>Der vollst\u00e4ndige Name des Schwertschmieds <b>Jik\u014d (\u6cbb\u5149)<\/b> ist <b>\u014ckawa Osamu (\u5927\u5ddd\u6cbb)<\/b>.<br \/>\nEr lebt im und arbeitet\u00a0in der Pr\u00e4fektur <b>Wakayama<\/b>.<\/p>\n<p>Zun\u00e4chst lernte er die Kunst des Schwertschmiedens bei seinem Vater <b>\u014ckawa Satoshi (\u5927\u5ddd\u54f2)<\/b>, sp\u00e4ter studierte er bei dem Schwertschmied <b>Kawachi no Kuni Hira (\u6cb3\u5185\u56fd\u5e73)<\/b>.<\/p>\n<p>Im Jahr <b>2004 (Heisei 16)<\/b> wurden seine langj\u00e4hrigen Leistungen pr\u00e4miert und er erhielt den Titel <b>&#8222;Meisterschmied der Pr\u00e4fektur Wakayama&#8220;<\/b>. Eine lokale Auszeichnung, die nur wenige Schmiede erhalten.<\/p>\n<p>Er ist Mitglied der <b>All Japan Swordsmith Association<\/b> und hat zahlreiche Auszeichnungen erhalten.<\/p>\n<p>Tietoa ter\u00e4st\u00e4:<br \/>\nNagasa (Klingenl\u00e4nge): 71 cm<br \/>\nSori (Klingenkr\u00fcmmung): 1.6 cm<br \/>\nMotohaba: 31,8 mm<br \/>\nMotokasane: 6.2 mm<br \/>\nSakihaba: 22.3 mm<br \/>\nSakikasane: 4.6 mm<br \/>\nGewicht ohne Saya: 1035 g<\/p>\n<p>Die Klinge wurde im Jahr 1988 geschmiedet.<\/p>\n<p>Eine sch\u00f6ne Klinge. Obwohl der Schmied Jik\u014d auch mit Signaturen wie <b>\u201e\u7d00\u5dde\u4f4f\u6cbb\u5149\u4f5c\u4e4b\u201c<\/b> tai <b>\u201e\u7d00\u4f0a\u56fd\u6cbb\u5149\u4f5c\u4e4b\u201c <\/b>arbeitet, wurde f\u00fcr dieses Exemplar eine Signatur gew\u00e4hlt, die nur aus den zwei Schriftzeichen (\u6cbb\u5149) besteht. Das erinnert an die Signaturen aus der Edo Zeit und gibt der Klinge ein klassisches Ambiente.<\/p>\n<p>T\u00e4t\u00e4 miekkaa on k\u00e4ytetty Japanissa miekkailun harjoitteluun. Tarjoamme sit\u00e4 suhteellisen edulliseen hintaan, jotta voit k\u00e4ytt\u00e4\u00e4 aitoa japanilaista miekkaa harjoittelussa. K\u00e4ytetyille miekoille kehittyy ajan mittaan tyypillisi\u00e4 oireita, kuten minimaalinen pelti kahvan ja muiden kiinnikkeiden v\u00e4lill\u00e4. Ennemmin tai my\u00f6hemmin n\u00e4it\u00e4 esiintyy my\u00f6s omassa harjoittelussasi joka tapauksessa, joten ne eiv\u00e4t ole ongelma.<\/p>\n<p>T\u00e4m\u00e4 miekka on t\u00e4ll\u00e4 hetkell\u00e4 edelleen Japanissa. Otamme vastuullemme t\u00e4ydellisen k\u00e4sittelyn (kaikki siihen liittyv\u00e4t kustannukset sis\u00e4ltyv\u00e4t jo tarjottuun hintaan).<\/p>","protected":false},"excerpt":{"rendered":"<p>Nihonto \u2013 Jiko Katana Mei (Signatur): Omote: \u6cbb\u5149 = Jik\u014d Ura: \u662d\u548c\u516d\u5341\u4e09\u5e74\u516b\u6708\u65e5 = Im August Sh\u014dwa 63 (1988) Informationen \u00fcber den Schmiede: Name: Jik\u014d B\u00fcrgerlicher Name: \u014ckawa Osamu Sch\u00fcler von: \u014ckawa Satoshi, Kawachi no Kuni Hira Der vollst\u00e4ndige Name des Schwertschmieds Jik\u014d (\u6cbb\u5149) ist \u014ckawa Osamu (\u5927\u5ddd\u6cbb). Er lebt im und arbeitet\u00a0in der Pr\u00e4fektur Wakayama. [&hellip;]<\/p>\n","protected":false},"featured_media":5874,"comment_status":"open","ping_status":"closed","template":"","meta":{"_acf_changed":false},"product_brand":[],"product_cat":[218],"product_tag":[],"class_list":{"0":"post-5873","1":"product","2":"type-product","3":"status-publish","4":"has-post-thumbnail","6":"product_cat-nihonto-gendaito-shinken-iai-tameshigiri","8":"first","9":"instock","10":"taxable","11":"shipping-taxable","12":"product-type-external"},"acf":[],"_links":{"self":[{"href":"https:\/\/japan-budo.com\/fi\/wp-json\/wp\/v2\/product\/5873","targetHints":{"allow":["GET"]}}],"collection":[{"href":"https:\/\/japan-budo.com\/fi\/wp-json\/wp\/v2\/product"}],"about":[{"href":"https:\/\/japan-budo.com\/fi\/wp-json\/wp\/v2\/types\/product"}],"replies":[{"embeddable":true,"href":"https:\/\/japan-budo.com\/fi\/wp-json\/wp\/v2\/comments?post=5873"}],"wp:featuredmedia":[{"embeddable":true,"href":"https:\/\/japan-budo.com\/fi\/wp-json\/wp\/v2\/media\/5874"}],"wp:attachment":[{"href":"https:\/\/japan-budo.com\/fi\/wp-json\/wp\/v2\/media?parent=5873"}],"wp:term":[{"taxonomy":"product_brand","embeddable":true,"href":"https:\/\/japan-budo.com\/fi\/wp-json\/wp\/v2\/product_brand?post=5873"},{"taxonomy":"product_cat","embeddable":true,"href":"https:\/\/japan-budo.com\/fi\/wp-json\/wp\/v2\/product_cat?post=5873"},{"taxonomy":"product_tag","embeddable":true,"href":"https:\/\/japan-budo.com\/fi\/wp-json\/wp\/v2\/product_tag?post=5873"}],"curies":[{"name":"wp","href":"https:\/\/api.w.org\/{rel}","templated":true}]}}