{"id":180,"date":"2024-02-08T20:29:35","date_gmt":"2024-02-08T19:29:35","guid":{"rendered":"https:\/\/japan-budo.com\/?page_id=180"},"modified":"2025-08-06T15:02:23","modified_gmt":"2025-08-06T13:02:23","slug":"a-propos-de-nous","status":"publish","type":"page","link":"https:\/\/japan-budo.com\/fr\/a-propos-de-nous\/","title":{"rendered":"Nous livrons de la qualit\u00e9 par tradition. Bienvenue !"},"content":{"rendered":"<div data-elementor-type=\"wp-page\" data-elementor-id=\"180\" class=\"elementor elementor-180\" data-elementor-post-type=\"page\">\n\t\t\t\t<div class=\"elementor-element elementor-element-043f791 e-flex e-con-boxed e-con e-parent\" data-id=\"043f791\" data-element_type=\"container\" data-e-type=\"container\">\n\t\t\t\t\t<div class=\"e-con-inner\">\n\t\t\t\t<div class=\"elementor-element elementor-element-66ceb43 elementor-widget elementor-widget-heading\" data-id=\"66ceb43\" data-element_type=\"widget\" data-e-type=\"widget\" data-widget_type=\"heading.default\">\n\t\t\t\t<div class=\"elementor-widget-container\">\n\t\t\t\t\t<h2 class=\"elementor-heading-title elementor-size-default\"><h2>L'histoire derri\u00e8re le budo japonais<\/h2><\/h2>\t\t\t\t<\/div>\n\t\t\t\t<\/div>\n\t\t\t\t\t<\/div>\n\t\t\t\t<\/div>\n\t\t<div class=\"elementor-element elementor-element-6054b07 e-grid e-con-boxed e-con e-parent\" data-id=\"6054b07\" data-element_type=\"container\" data-e-type=\"container\">\n\t\t\t\t\t<div class=\"e-con-inner\">\n\t\t\t\t<div class=\"elementor-element elementor-element-807a343 elementor-widget elementor-widget-text-editor\" data-id=\"807a343\" data-element_type=\"widget\" data-e-type=\"widget\" data-widget_type=\"text-editor.default\">\n\t\t\t\t<div class=\"elementor-widget-container\">\n\t\t\t\t\t\t\t\t\t<p>L'histoire du budo japonais commence il y a d\u00e9j\u00e0 plus de 40 ans.\u00a0<span style=\"text-align: var(--text-align);\">Werner Polzin \u00e9tait alors encore un jeune homme, un a\u00efkidoka inv\u00e9t\u00e9r\u00e9 et un fan du Japon.<\/span><\/p><p>L'entra\u00eenement avanc\u00e9 d'a\u00efkido comprend \u00e9galement l'entra\u00eenement avec un sabre en bois. C'est ainsi que M. Polzin a d\u00e9couvert l'ia\u00efdo, un art martial encore totalement inconnu chez nous \u00e0 l'\u00e9poque, dans lequel les formes sont pratiqu\u00e9es avec un sabre d'entra\u00eenement \u00e9mouss\u00e9 (ia\u00efto).<\/p><p>Il s'est tout de suite enflamm\u00e9 et <br \/>le voyage a commenc\u00e9<\/p>\t\t\t\t\t\t\t\t<\/div>\n\t\t\t\t<\/div>\n\t\t\t\t<div class=\"elementor-element elementor-element-393f9f9 elementor-widget elementor-widget-image\" data-id=\"393f9f9\" data-element_type=\"widget\" data-e-type=\"widget\" data-widget_type=\"image.default\">\n\t\t\t\t<div class=\"elementor-widget-container\">\n\t\t\t\t\t\t\t\t\t\t\t\t\t\t\t<img fetchpriority=\"high\" decoding=\"async\" width=\"1024\" height=\"683\" src=\"https:\/\/japan-budo.com\/wp-content\/uploads\/2024\/02\/japan-budo-1024x683.jpg\" class=\"attachment-large size-large wp-image-222\" alt=\"\" srcset=\"https:\/\/japan-budo.com\/wp-content\/uploads\/2024\/02\/japan-budo-1024x683.jpg 1024w, https:\/\/japan-budo.com\/wp-content\/uploads\/2024\/02\/japan-budo-200x133.jpg 200w, https:\/\/japan-budo.com\/wp-content\/uploads\/2024\/02\/japan-budo-150x100.jpg 150w, https:\/\/japan-budo.com\/wp-content\/uploads\/2024\/02\/japan-budo-600x400.jpg 600w, https:\/\/japan-budo.com\/wp-content\/uploads\/2024\/02\/japan-budo-300x200.jpg 300w, https:\/\/japan-budo.com\/wp-content\/uploads\/2024\/02\/japan-budo-768x512.jpg 768w, https:\/\/japan-budo.com\/wp-content\/uploads\/2024\/02\/japan-budo-990x660.jpg 990w, https:\/\/japan-budo.com\/wp-content\/uploads\/2024\/02\/japan-budo-441x294.jpg 441w, https:\/\/japan-budo.com\/wp-content\/uploads\/2024\/02\/japan-budo.jpg 1200w\" sizes=\"(max-width: 1024px) 100vw, 1024px\" \/>\t\t\t\t\t\t\t\t\t\t\t\t\t\t\t<\/div>\n\t\t\t\t<\/div>\n\t\t\t\t\t<\/div>\n\t\t\t\t<\/div>\n\t\t<div class=\"elementor-element elementor-element-14ae232 e-flex e-con-boxed e-con e-parent\" data-id=\"14ae232\" data-element_type=\"container\" data-e-type=\"container\">\n\t\t\t\t\t<div class=\"e-con-inner\">\n\t\t\t\t<div class=\"elementor-element elementor-element-8c31c22 elementor-widget elementor-widget-text-editor\" data-id=\"8c31c22\" data-element_type=\"widget\" data-e-type=\"widget\" data-widget_type=\"text-editor.default\">\n\t\t\t\t<div class=\"elementor-widget-container\">\n\t\t\t\t\t\t\t\t\t<p>Il n'y avait pas de sabres adapt\u00e9s en Allemagne \u00e0 l'\u00e9poque, on a donc profit\u00e9 des contacts au Japon pour faire venir les premiers iaito japonais en Allemagne.<\/p><p>Pour cela, on utilisait la technique la plus moderne de l'\u00e9poque (le fax) pour communiquer au niveau international. Internet \u00e9tait encore relativement peu connu \u00e0 l'\u00e9poque et les smartphones \u00e9taient encore loin d'exister.<\/p><p>C'est ainsi que M. Polzin s'est fait tr\u00e8s t\u00f4t un nom dans le milieu du budo allemand. Lorsque l'Internet est devenu de plus en plus populaire, il \u00e9tait clair qu'une boutique en ligne \u00e9tait le moyen appropri\u00e9 pour atteindre encore plus de fans du sabre japonais. Japan-Budo.com \u00e9tait n\u00e9 !<\/p><p>Japan-Budo.com a \u00e9t\u00e9 la premi\u00e8re boutique en ligne allemande \u00e0 proposer des ia\u00efto japonais de diff\u00e9rentes longueurs. Depuis le d\u00e9but, Japan-Budo a contribu\u00e9 \u00e0 fa\u00e7onner l'image de l'iaido en Allemagne.<\/p><p>L'assortiment exceptionnel d'antiquit\u00e9s japonaises, d'anciens sabres de samoura\u00ef, d'accessoires d'entra\u00eenement allant du bokken aux v\u00eatements et m\u00eame de travaux de forge individuels r\u00e9alis\u00e9s par des ma\u00eetres forgerons japonais s'est d\u00e9velopp\u00e9 au fil des ann\u00e9es gr\u00e2ce aux excellents contacts amicaux avec le Japon.<\/p><p>Mais le temps ne s'est pas arr\u00eat\u00e9 et l'exploitation d'une entreprise demande beaucoup d'\u00e9nergie. Werner Polzin a donc d\u00e9cid\u00e9, au d\u00e9but des ann\u00e9es 2020, de prendre un peu de recul et de se retirer lentement des affaires actives.<\/p><h2>Deuxi\u00e8me g\u00e9n\u00e9ration de boutiques<\/h2><p>C'est ainsi que commence mon r\u00f4le, ou plut\u00f4t le r\u00f4le de ma soci\u00e9t\u00e9 Andara GmbH pour Japan-Budo.com. Aux d\u00e9buts de M. Polzin, j'\u00e9tais tout au plus en train de planifier chez mes parents, mais j'\u00e9tais loin d'\u00eatre au monde.<\/p><p>Mon contact personnel avec les arts martiaux et le commerce en ligne a commenc\u00e9 peu apr\u00e8s le mill\u00e9naire (ann\u00e9e 2000). J'\u00e9tais alors un pratiquant d'arts martiaux actif et, comme M. Polzin, je suis devenu moi-m\u00eame commer\u00e7ant en ligne par des voies d\u00e9tourn\u00e9es, en raison du besoin d'accessoires adapt\u00e9s. Depuis, une vingtaine d'ann\u00e9es se sont \u00e9coul\u00e9es. Le Japan-Budo et mon entreprise ont exist\u00e9 en parall\u00e8le, avec des priorit\u00e9s l\u00e9g\u00e8rement diff\u00e9rentes.<\/p><p>Par un encha\u00eenement de hasards, M. Polzin et moi sommes entr\u00e9s en contact. La confiance s'est tout de suite install\u00e9e et c'est ainsi que s'est d\u00e9velopp\u00e9 le projet que ma soci\u00e9t\u00e9 continue \u00e0 exploiter Japan-Budo.com \u00e0 l'avenir.<br \/>Comme M. Polzin et moi ne sommes ni parents ni alli\u00e9s, c'est un grand honneur de pouvoir continuer \u00e0 exploiter cette boutique en ligne qui a m\u00fbri pendant des ann\u00e9es.<\/p><p>C'est ainsi qu'apr\u00e8s environ 30 ans, Japan-Budo.com est pass\u00e9 \u00e0 la deuxi\u00e8me g\u00e9n\u00e9ration. J'esp\u00e8re qu'apr\u00e8s 30 autres ann\u00e9es, je pourrai jeter un regard r\u00e9trospectif sur une histoire tout aussi r\u00e9ussie et que je passerai alors le relais \u00e0 la troisi\u00e8me g\u00e9n\u00e9ration de g\u00e9rants de boutiques avec satisfaction.<\/p><p>Le concept derri\u00e8re le Japan Budo est maintenu et se poursuit comme il l'a toujours \u00e9t\u00e9.<\/p><p>Je suis conscient que de nombreux clients ont \u00e9tabli une relation de confiance tr\u00e8s profonde avec Werner Polzin au fil des d\u00e9cennies.<br \/>Je peux vous promettre que je continuerai \u00e0 g\u00e9rer la boutique avec la m\u00eame honn\u00eatet\u00e9 et la m\u00eame motivation.<\/p><p>C'est l'histoire de Japan-Budo.com. Je me r\u00e9jouis de pouvoir vous accompagner un peu sur votre chemin \u00e0 travers la culture japonaise.<\/p><p>Stefan Pfeiffer<\/p>\t\t\t\t\t\t\t\t<\/div>\n\t\t\t\t<\/div>\n\t\t\t\t\t<\/div>\n\t\t\t\t<\/div>\n\t\t<div class=\"elementor-element elementor-element-5d701317 e-flex e-con-boxed e-con e-parent\" data-id=\"5d701317\" data-element_type=\"container\" data-e-type=\"container\">\n\t\t\t\t\t<div class=\"e-con-inner\">\n\t\t\t\t\t<\/div>\n\t\t\t\t<\/div>\n\t\t\t\t<\/div>","protected":false},"excerpt":{"rendered":"<p>Die Geschichte hinter Japan-Budo Die Geschichte von Japan-Budo beginnt schon vor \u00fcber 40 Jahren.\u00a0Werner Polzin war damals noch ein junger Mann und eingefleischter Aikidoka und Japan Fan. Zu dem fortgeschrittenen Aikido-Training geh\u00f6rt auch das Training mit dem Holzschwert. Dar\u00fcber lernte Herr Polzin die bei uns damals noch v\u00f6llig unbekannte Kampfkunst Iaido kennen, in der Formen [&hellip;]<\/p>\n","protected":false},"author":1,"featured_media":222,"parent":0,"menu_order":0,"comment_status":"closed","ping_status":"closed","template":"elementor_header_footer","meta":{"_acf_changed":false,"footnotes":""},"class_list":["post-180","page","type-page","status-publish","has-post-thumbnail","hentry"],"acf":[],"_links":{"self":[{"href":"https:\/\/japan-budo.com\/fr\/wp-json\/wp\/v2\/pages\/180","targetHints":{"allow":["GET"]}}],"collection":[{"href":"https:\/\/japan-budo.com\/fr\/wp-json\/wp\/v2\/pages"}],"about":[{"href":"https:\/\/japan-budo.com\/fr\/wp-json\/wp\/v2\/types\/page"}],"author":[{"embeddable":true,"href":"https:\/\/japan-budo.com\/fr\/wp-json\/wp\/v2\/users\/1"}],"replies":[{"embeddable":true,"href":"https:\/\/japan-budo.com\/fr\/wp-json\/wp\/v2\/comments?post=180"}],"version-history":[{"count":103,"href":"https:\/\/japan-budo.com\/fr\/wp-json\/wp\/v2\/pages\/180\/revisions"}],"predecessor-version":[{"id":5450,"href":"https:\/\/japan-budo.com\/fr\/wp-json\/wp\/v2\/pages\/180\/revisions\/5450"}],"wp:featuredmedia":[{"embeddable":true,"href":"https:\/\/japan-budo.com\/fr\/wp-json\/wp\/v2\/media\/222"}],"wp:attachment":[{"href":"https:\/\/japan-budo.com\/fr\/wp-json\/wp\/v2\/media?parent=180"}],"curies":[{"name":"wp","href":"https:\/\/api.w.org\/{rel}","templated":true}]}}