{"id":65,"date":"2024-02-07T21:00:47","date_gmt":"2024-02-07T20:00:47","guid":{"rendered":"https:\/\/japan-budo.com\/?page_id=65"},"modified":"2024-02-08T08:53:48","modified_gmt":"2024-02-08T07:53:48","slug":"authenticite-des-evaluations","status":"publish","type":"page","link":"https:\/\/japan-budo.com\/fr\/authenticite-des-evaluations\/","title":{"rendered":"Authenticit\u00e9 des \u00e9valuations"},"content":{"rendered":"<p>L'authenticit\u00e9 des \u00e9valuations de produits n'est pas v\u00e9rifi\u00e9e avant leur publication. Elles peuvent donc provenir de consommateurs qui n'ont pas achet\u00e9\/utilis\u00e9 les produits \u00e9valu\u00e9s.<br \/>\nLes \u00e9valuations des acheteurs qui ont achet\u00e9 directement dans notre boutique en ligne et qui poss\u00e8dent un compte client sont signal\u00e9es par la mention \"Achat v\u00e9rifi\u00e9\".<\/p>\n<p>Nous nous r\u00e9servons le droit de ne pas publier les \u00e9valuations qui contiennent des contre-v\u00e9rit\u00e9s ou des contenus inappropri\u00e9s. Cela s'applique ind\u00e9pendamment du fait qu'il s'agisse d'une \u00e9valuation positive ou n\u00e9gative.<\/p>","protected":false},"excerpt":{"rendered":"<p>Die Produktbewertungen werden vor ihrer Ver\u00f6ffentlichung nicht auf ihre Echtheit \u00fcberpr\u00fcft. Sie k\u00f6nnen daher auch von Verbrauchern stammen, die die bewerteten Produkte tats\u00e4chlich gar nicht erworben\/genutzt haben. Bewertungen von K\u00e4ufern, die direkt in unserem Onlineshop gekauft haben und ein Kundenkonto besitzen, sind mit dem Hinweis &#8222;Verifizierter Kauf&#8220; gekennzeichnet. Wir behalten uns vor Bewertungen, die Unwahrheiten [&hellip;]<\/p>\n","protected":false},"author":1,"featured_media":0,"parent":0,"menu_order":0,"comment_status":"closed","ping_status":"closed","template":"","meta":{"_acf_changed":false,"footnotes":""},"class_list":["post-65","page","type-page","status-publish","hentry"],"acf":[],"_links":{"self":[{"href":"https:\/\/japan-budo.com\/fr\/wp-json\/wp\/v2\/pages\/65","targetHints":{"allow":["GET"]}}],"collection":[{"href":"https:\/\/japan-budo.com\/fr\/wp-json\/wp\/v2\/pages"}],"about":[{"href":"https:\/\/japan-budo.com\/fr\/wp-json\/wp\/v2\/types\/page"}],"author":[{"embeddable":true,"href":"https:\/\/japan-budo.com\/fr\/wp-json\/wp\/v2\/users\/1"}],"replies":[{"embeddable":true,"href":"https:\/\/japan-budo.com\/fr\/wp-json\/wp\/v2\/comments?post=65"}],"version-history":[{"count":1,"href":"https:\/\/japan-budo.com\/fr\/wp-json\/wp\/v2\/pages\/65\/revisions"}],"predecessor-version":[{"id":77,"href":"https:\/\/japan-budo.com\/fr\/wp-json\/wp\/v2\/pages\/65\/revisions\/77"}],"wp:attachment":[{"href":"https:\/\/japan-budo.com\/fr\/wp-json\/wp\/v2\/media?parent=65"}],"curies":[{"name":"wp","href":"https:\/\/api.w.org\/{rel}","templated":true}]}}