{"id":767,"date":"2024-03-07T09:46:23","date_gmt":"2024-03-07T08:46:23","guid":{"rendered":"https:\/\/japan-budo.com\/?page_id=767"},"modified":"2024-04-06T14:27:31","modified_gmt":"2024-04-06T12:27:31","slug":"restauration-de-katana","status":"publish","type":"page","link":"https:\/\/japan-budo.com\/fr\/restauration-de-katana\/","title":{"rendered":"Restauration de Katana"},"content":{"rendered":"<p>Pour la plupart des propri\u00e9taires de katana, il arrive t\u00f4t ou tard un moment o\u00f9 le besoin de restaurer son propre sabre se fait sentir.<\/p>\n<p>Le fait que le sabre soit un iaito, une r\u00e9plique moderne ou un v\u00e9ritable sabre japonais fait une grande diff\u00e9rence. Mais nous proposons un service adapt\u00e9 \u00e0 tous les besoins.<\/p>\n<h2>Restauration Iaito<\/h2>\n<p>Sur l'ia\u00efto, il y a des pi\u00e8ces d'usure typiques, comme la saya. Celle-ci est sollicit\u00e9e lors de l'entra\u00eenement r\u00e9gulier et s'use.<\/p>\n<p>D'un point de vue \u00e9conomique, il est g\u00e9n\u00e9ralement plus judicieux d'\u00e9changer compl\u00e8tement la saya plut\u00f4t que de la remettre en \u00e9tat.<\/p>\n<p>Pour les Iaito de notre assortiment, nous proposons des pi\u00e8ces de rechange correspondantes. Si vous avez achet\u00e9 votre Iaito chez quelqu'un d'autre, nous pouvons en g\u00e9n\u00e9ral aussi fournir les pi\u00e8ces de rechange appropri\u00e9es, \u00e0 condition qu'il provienne du Japon.<\/p>\n<p>Au-del\u00e0 du saya, nous proposons \u00e9galement des \u00e9l\u00e9ments interchangeables comme le menuki, le tsuka it\u00f4, le fuchigashira et bien d'autres encore...<\/p>\n<p>N'h\u00e9sitez pas \u00e0 prendre <a href=\"\/fr\/contact\/\" target=\"_blank\" rel=\"noopener\">Contact<\/a> si vous avez des questions \u00e0 ce sujet.<\/p>\n<h2>Restauration de katana moderne<\/h2>\n<p>Les sabres modernes produits en dehors du Japon sont souvent utilis\u00e9s pour des exercices de coupe. Cela permet de pr\u00e9server les originaux japonais et, en cas d'endommagement du sabre, la remise en \u00e9tat est relativement peu co\u00fbteuse.<\/p>\n<p>L'utilisation provoque certaines d\u00e9t\u00e9riorations de l'\u00e9p\u00e9e. La plupart du temps, il s'agit de lames ray\u00e9es ou de poign\u00e9es endommag\u00e9es.<\/p>\n<p>Renouveler le polissage de la lame n'a g\u00e9n\u00e9ralement pas de sens pour ce type de sabre, car cela reviendrait souvent aussi cher que d'acheter un sabre enti\u00e8rement neuf.<\/p>\n<p>Il existe toutefois de nombreuses astuces pour rendre la lame un peu plus jolie avec des moyens simples.<\/p>\n<p>De plus, nous sommes r\u00e9guli\u00e8rement contact\u00e9s par des clients qui ont achet\u00e9 des katanas de fabrication moderne \u00e0 l'\u00e9tranger et qui ne sont pas satisfaits de certains d\u00e9tails du sabre. Dans ce cas, une remise en \u00e9tat peut s'av\u00e9rer plus avantageuse qu'une r\u00e9tractation aupr\u00e8s d'un fournisseur \u00e9tranger.<\/p>\n<p>Mais nous pouvons aussi restaurer de tels katanas modernes \u00e0 un prix relativement bas. Veuillez consulter <a href=\"\/fr\/contact\/\" target=\"_blank\" rel=\"noopener\">contacter<\/a> nous si vous avez une demande dans ce domaine. Il existe des solutions simples \u00e0 la plupart des probl\u00e8mes.<\/p>\n<h2>Restauration Nihonto<\/h2>\n<p>La remise en \u00e9tat des sabres originaux du Japon (Nihonto) est un travail important qui n\u00e9cessite une grande habilet\u00e9 manuelle si l'on veut obtenir un bon r\u00e9sultat.<\/p>\n<p>Contrairement aux deux cat\u00e9gories cit\u00e9es pr\u00e9c\u00e9demment, il n'est jamais recommand\u00e9 de mettre la main \u00e0 la p\u00e2te !<\/p>\n<p>Il existe des sp\u00e9cialistes de l'usinage de tels sabres. Aussi bien pour les sabres anciens du Japon que pour les sabres de samoura\u00ef fabriqu\u00e9s par des forgerons de sabres actuels au Japon.<\/p>\n<p>Le plus souvent, on souhaite un polissage enti\u00e8rement nouveau lorsqu'on a achet\u00e9 un sabre ancien ou la r\u00e9vision du polissage d'un sabre plus r\u00e9cent utilis\u00e9 pour des exercices de coupe.<\/p>\n<p>Mais toutes les autres demandes, comme les renouvellements de monture (Koshirae), peuvent \u00e9galement \u00eatre couvertes par notre service. Veuillez prendre <a href=\"\/fr\/contact\/\" target=\"_blank\" rel=\"noopener\">Contact<\/a> si vous avez besoin de restaurer un Nihonto.<\/p>\n<h3>Conclusion<\/h3>\n<p>Nous sommes avant tout un fournisseur pour la vente d'\u00e9p\u00e9es, mais nous souhaitons \u00e9galement vous proposer ce th\u00e8me de service.<\/p>\n<p>Selon la demande, il se peut donc qu'apr\u00e8s la prise de contact, nous fassions passer le client \u00e0 un artisan sp\u00e9cialis\u00e9.<\/p>\n<p>Nous ne gagnons rien avec ces transferts, nous consid\u00e9rons cela comme un service pour la sc\u00e8ne du sabre japonais en Allemagne. Il existe des contacts appropri\u00e9s en Europe et au Japon pour toutes les demandes, n'h\u00e9sitez donc pas \u00e0 nous contacter.<\/p>\n<p>Si vous n'\u00eates pas s\u00fbr de savoir dans quelle cat\u00e9gorie classer votre \u00e9p\u00e9e, nous vous aiderons volontiers.<\/p>","protected":false},"excerpt":{"rendered":"<p>F\u00fcr die meisten Katana Besitzer kommt fr\u00fcher oder sp\u00e4ter der Moment, an dem Restaurationsbedarf am eigenen Schwert entsteht. Dabei macht es einen gro\u00dfen Unterschied, ob es sich bei dem Schwert um ein Iaito handelt, eine modernes Replika oder um ein echtes japanisches Schwert. Wir bieten bieten aber f\u00fcr alle Bed\u00fcrfnisse den passenden Service. Iaito Restauration [&hellip;]<\/p>\n","protected":false},"author":1,"featured_media":0,"parent":0,"menu_order":0,"comment_status":"closed","ping_status":"closed","template":"","meta":{"_acf_changed":false,"footnotes":""},"class_list":["post-767","page","type-page","status-publish","hentry"],"acf":[],"_links":{"self":[{"href":"https:\/\/japan-budo.com\/fr\/wp-json\/wp\/v2\/pages\/767","targetHints":{"allow":["GET"]}}],"collection":[{"href":"https:\/\/japan-budo.com\/fr\/wp-json\/wp\/v2\/pages"}],"about":[{"href":"https:\/\/japan-budo.com\/fr\/wp-json\/wp\/v2\/types\/page"}],"author":[{"embeddable":true,"href":"https:\/\/japan-budo.com\/fr\/wp-json\/wp\/v2\/users\/1"}],"replies":[{"embeddable":true,"href":"https:\/\/japan-budo.com\/fr\/wp-json\/wp\/v2\/comments?post=767"}],"version-history":[{"count":8,"href":"https:\/\/japan-budo.com\/fr\/wp-json\/wp\/v2\/pages\/767\/revisions"}],"predecessor-version":[{"id":2391,"href":"https:\/\/japan-budo.com\/fr\/wp-json\/wp\/v2\/pages\/767\/revisions\/2391"}],"wp:attachment":[{"href":"https:\/\/japan-budo.com\/fr\/wp-json\/wp\/v2\/media?parent=767"}],"curies":[{"name":"wp","href":"https:\/\/api.w.org\/{rel}","templated":true}]}}