{"id":95,"date":"2024-02-08T10:00:18","date_gmt":"2024-02-08T09:00:18","guid":{"rendered":"https:\/\/japan-budo.com\/?page_id=95"},"modified":"2024-05-03T16:35:47","modified_gmt":"2024-05-03T14:35:47","slug":"paiement-et-expedition","status":"publish","type":"page","link":"https:\/\/japan-budo.com\/fr\/paiement-et-expedition\/","title":{"rendered":"Paiement et livraison"},"content":{"rendered":"<p><strong>Paiement et livraison<\/strong><br \/>\nLes conditions suivantes s'appliquent :<\/p>\n<p><strong>Conditions d'exp\u00e9dition<br \/>\n<\/strong>La livraison s'effectue en Suisse (Allemagne) et en Europe.<\/p>\n<p>Pour tous les acheteurs dont l'adresse de livraison se trouve \u00e0 l'\u00e9tranger (en dehors de l'Allemagne) :<br \/>\nVeuillez noter que nous proposons \u00e9galement dans notre boutique en ligne des articles qui ne peuvent pas \u00eatre import\u00e9s dans tous les pays. C'est pourquoi nous vous prions de vous informer aupr\u00e8s des autorit\u00e9s douani\u00e8res locales avant votre achat pour savoir si l'importation du produit en question est autoris\u00e9e dans votre pays.<br \/>\nChez nous, l'exp\u00e9dition se fait toujours depuis l'Allemagne. Nous n'assumons aucune responsabilit\u00e9 pour les produits saisis par les douanes et ne pouvons pas non plus accorder de remboursements pour ces produits.<br \/>\nSi votre adresse de livraison est situ\u00e9e en dehors de l'Allemagne, des frais d'importation et de douane peuvent s'appliquer. Ces frais sont calcul\u00e9s dans le pays de destination et sont \u00e0 la charge de l'acheteur. Pour plus d'informations sur les frais d'importation, veuillez contacter votre bureau de douane local.<\/p>\n<p><strong>Frais d'exp\u00e9dition<\/strong><br \/>\n<strong>Livraisons sur le territoire national (Allemagne) : <\/strong><br \/>\nNous facturons 7,50 euros par commande pour les livraisons.<br \/>\n<strong>Livraisons \u00e0 l'\u00e9tranger :<\/strong><br \/>\nNous calculons les frais d'envoi \u00e0 l'\u00e9tranger de mani\u00e8re forfaitaire comme suit :<br \/>\nUE et Suisse : 23,90 euros<br \/>\nDans le monde entier : 49 euros net<\/p>\n<p>Un poids tr\u00e8s \u00e9lev\u00e9 ou une valeur de marchandise particuli\u00e8rement importante, ou si plus d'un paquet est n\u00e9cessaire pour l'envoi, peuvent dans de rares cas entra\u00eener des frais suppl\u00e9mentaires. Dans ce cas, nous vous contacterons imm\u00e9diatement pour en discuter.<\/p>\n<p>Nous envoyons les bons exclusivement par e-mail. C'est pourquoi il n'y a pas de frais d'envoi pour les bons d'achat.<\/p>\n<p><strong>D\u00e9lais de livraison<\/strong><br \/>\nSi aucun autre d\u00e9lai n'est indiqu\u00e9 dans l'offre correspondante, la livraison de la marchandise s'effectue en Allemagne dans un d\u00e9lai de 2 \u00e0 3 jours ouvrables, pour les livraisons \u00e0 l'\u00e9tranger dans un d\u00e9lai de 5 \u00e0 7 jours ouvrables apr\u00e8s r\u00e9ception du paiement.<br \/>\nVeuillez noter qu'aucune livraison n'est effectu\u00e9e le dimanche et les jours f\u00e9ri\u00e9s.<br \/>\nSi vous avez command\u00e9 des articles avec des d\u00e9lais de livraison diff\u00e9rents, nous envoyons la marchandise en un seul envoi, sauf si nous avons convenu d'un autre d\u00e9lai avec vous. Dans ce cas, le d\u00e9lai de livraison est d\u00e9termin\u00e9 par l'article dont le d\u00e9lai de livraison est le plus long que vous avez command\u00e9.<\/p>\n<p><strong>Conditions de paiement<\/strong><br \/>\n<strong>Pour les livraisons en Suisse (Allemagne), vous avez les possibilit\u00e9s de paiement suivantes :<\/strong><br \/>\n<strong>&#8211;\u00a0<\/strong>Paiement anticip\u00e9 par virement bancaire<br \/>\n<strong>&#8211;<\/strong>\u00a0PayPal<br \/>\n<strong>&#8211;<\/strong>\u00a0Pr\u00e9l\u00e8vement automatique via PayPal (pas de compte PayPal n\u00e9cessaire !)<br \/>\n<strong>&#8211;<\/strong> Paiement par carte de cr\u00e9dit via PayPal (pas de compte PayPal n\u00e9cessaire !)<br \/>\n<strong>Pour les livraisons \u00e0 l'\u00e9tranger, vous avez les possibilit\u00e9s de paiement suivantes :<\/strong><br \/>\n<strong>&#8211;<\/strong><strong>\u00a0 <\/strong>Paiement anticip\u00e9 par virement bancaire<br \/>\n<strong>&#8211;<\/strong>\u00a0 Paiement par PayPal<\/p>\n<p>Si vous avez des questions, vous trouverez nos coordonn\u00e9es dans les mentions l\u00e9gales.<\/p>","protected":false},"excerpt":{"rendered":"<p>Zahlung und Versand Es gelten folgende Bedingungen: Versandbedingungen Die Lieferung erfolgt im Inland (Deutschland) und in Europa. F\u00fcr alle K\u00e4ufer mit Lieferadresse im Ausland (au\u00dferhalb von Deutschland): Bitte beachten Sie, dass wir in unserem Webshop auch Artikel anbieten, die nicht in jedes Land importiert werden d\u00fcrfen. Bitte Informieren Sie sich deshalb vor Ihrem Kauf bei [&hellip;]<\/p>\n","protected":false},"author":1,"featured_media":0,"parent":0,"menu_order":0,"comment_status":"closed","ping_status":"closed","template":"","meta":{"_acf_changed":false,"footnotes":""},"class_list":["post-95","page","type-page","status-publish","hentry"],"acf":[],"_links":{"self":[{"href":"https:\/\/japan-budo.com\/fr\/wp-json\/wp\/v2\/pages\/95","targetHints":{"allow":["GET"]}}],"collection":[{"href":"https:\/\/japan-budo.com\/fr\/wp-json\/wp\/v2\/pages"}],"about":[{"href":"https:\/\/japan-budo.com\/fr\/wp-json\/wp\/v2\/types\/page"}],"author":[{"embeddable":true,"href":"https:\/\/japan-budo.com\/fr\/wp-json\/wp\/v2\/users\/1"}],"replies":[{"embeddable":true,"href":"https:\/\/japan-budo.com\/fr\/wp-json\/wp\/v2\/comments?post=95"}],"version-history":[{"count":4,"href":"https:\/\/japan-budo.com\/fr\/wp-json\/wp\/v2\/pages\/95\/revisions"}],"predecessor-version":[{"id":2974,"href":"https:\/\/japan-budo.com\/fr\/wp-json\/wp\/v2\/pages\/95\/revisions\/2974"}],"wp:attachment":[{"href":"https:\/\/japan-budo.com\/fr\/wp-json\/wp\/v2\/media?parent=95"}],"curies":[{"name":"wp","href":"https:\/\/api.w.org\/{rel}","templated":true}]}}