{"id":1261,"date":"2024-03-21T13:21:06","date_gmt":"2024-03-21T12:21:06","guid":{"rendered":"https:\/\/japan-budo.com\/unkategorisiert\/shinken-von-meister-mitsuhiro\/"},"modified":"2025-06-04T08:31:24","modified_gmt":"2025-06-04T06:31:24","slug":"shinken-de-maitre-mitsuhiro","status":"publish","type":"product","link":"https:\/\/japan-budo.com\/fr\/nihonto-gendaito-shinken-iai-tameshigiri\/shinken-de-maitre-mitsuhiro\/","title":{"rendered":"Katana Shinken Shinsakuto de Ma\u00eetre Mitsuhiro"},"content":{"rendered":"<p>Une magnifique \u00e9p\u00e9e de Ma\u00eetre Mitsuhiro.<\/p>\n<p>Caract\u00e9ristiques techniques de ce sabre :<br \/>\n- Longueur de la lame (nagasa) : 2,50 shaku<br \/>\n- Polissage de luxe<br \/>\n- Habaki argent massif<br \/>\n- enroulement de la poign\u00e9e en soie<\/p>\n<p>Ce travail r\u00e9ussi a \u00e9t\u00e9 forg\u00e9 en tant que pi\u00e8ce unique. Vous pouvez \u00e9galement cr\u00e9er un sabre japonais selon vos propres souhaits. Pour cela, vous pouvez utiliser notre <a href=\"https:\/\/japan-budo.com\/fr\/epee-de-maitre-nihonto-du-japon\/\" target=\"_blank\" rel=\"noopener\">Formulaire Shinsakuto<\/a> utiliser.<\/p>","protected":false},"excerpt":{"rendered":"<p>Un magnifique sabre de Ma\u00eetre Mitsuhiro. Caract\u00e9ristiques techniques de ce sabre : - longueur de la lame (nagasa) : 2,50 shaku - polissage de luxe - habaki en argent massif - poign\u00e9e en soie Ce travail r\u00e9ussi a \u00e9t\u00e9 forg\u00e9 en tant que pi\u00e8ce unique. Vous pouvez \u00e9galement concevoir un sabre japonais selon vos propres souhaits. Pour cela, vous pouvez utiliser notre formulaire Shinsakuto.<\/p>","protected":false},"featured_media":3484,"comment_status":"open","ping_status":"closed","template":"","meta":{"_acf_changed":false},"product_brand":[],"product_cat":[218],"product_tag":[],"class_list":{"0":"post-1261","1":"product","2":"type-product","3":"status-publish","4":"has-post-thumbnail","6":"product_cat-nihonto-gendaito-shinken-iai-tameshigiri","8":"first","9":"instock","10":"taxable","11":"shipping-taxable","12":"product-type-simple"},"acf":[],"_links":{"self":[{"href":"https:\/\/japan-budo.com\/fr\/wp-json\/wp\/v2\/product\/1261","targetHints":{"allow":["GET"]}}],"collection":[{"href":"https:\/\/japan-budo.com\/fr\/wp-json\/wp\/v2\/product"}],"about":[{"href":"https:\/\/japan-budo.com\/fr\/wp-json\/wp\/v2\/types\/product"}],"replies":[{"embeddable":true,"href":"https:\/\/japan-budo.com\/fr\/wp-json\/wp\/v2\/comments?post=1261"}],"wp:featuredmedia":[{"embeddable":true,"href":"https:\/\/japan-budo.com\/fr\/wp-json\/wp\/v2\/media\/3484"}],"wp:attachment":[{"href":"https:\/\/japan-budo.com\/fr\/wp-json\/wp\/v2\/media?parent=1261"}],"wp:term":[{"taxonomy":"product_brand","embeddable":true,"href":"https:\/\/japan-budo.com\/fr\/wp-json\/wp\/v2\/product_brand?post=1261"},{"taxonomy":"product_cat","embeddable":true,"href":"https:\/\/japan-budo.com\/fr\/wp-json\/wp\/v2\/product_cat?post=1261"},{"taxonomy":"product_tag","embeddable":true,"href":"https:\/\/japan-budo.com\/fr\/wp-json\/wp\/v2\/product_tag?post=1261"}],"curies":[{"name":"wp","href":"https:\/\/api.w.org\/{rel}","templated":true}]}}