{"id":1594,"date":"2024-04-02T16:23:32","date_gmt":"2024-04-02T14:23:32","guid":{"rendered":"https:\/\/japan-budo.com\/unkategorisiert\/bokken-shoto-japanische-weisse-eiche\/"},"modified":"2026-04-08T11:31:36","modified_gmt":"2026-04-08T09:31:36","slug":"bokken-shoto-chene-blanc-japonais","status":"publish","type":"product","link":"https:\/\/japan-budo.com\/fr\/bokken-sabre-en-bois-japonais-budo-samurai-sabre\/bokken-shoto-chene-blanc-japonais\/","title":{"rendered":"Bokken - Shoto ch\u00eane blanc japonais"},"content":{"rendered":"<p>Shoto bokken en ch\u00eane blanc d'environ 54cm de long.<\/p>\n<p>Nous nous procurons ce bokken aupr\u00e8s d'une des principales manufactures de bois du Japon afin de pouvoir garantir une qualit\u00e9 de bois particuli\u00e8re.<\/p>\n<p>Ce type de bokk en ch\u00eane blanc est l'un des plus courants. Pour une longueur d'environ 54 cm, il p\u00e8se environ 290 g (cette indication est donn\u00e9e \u00e0 titre indicatif, le poids peut tout \u00e0 fait varier de 30 grammes ou plus). Ce produit de grande qualit\u00e9 est fabriqu\u00e9 au Japon \u00e0 partir de ch\u00eane blanc japonais. Il est de bien meilleure qualit\u00e9 que le ch\u00eane chinois souvent propos\u00e9.<\/p>\n<p>Le bokken est livr\u00e9 sans tsuba et tsubadome. Vous les trouverez en diff\u00e9rents mod\u00e8les dans la cat\u00e9gorie Accessoires pour bokken.<\/p>\n<p>Ce produit provient du Japon. Comme la l\u00e9gislation europ\u00e9enne en vigueur exige qu'il y ait un interlocuteur au sein de l'UE pour les questions de s\u00e9curit\u00e9, nous le proposons sous notre marque europ\u00e9enne afin de r\u00e9pondre aux exigences. Pour ce faire, il est produit au Japon de mani\u00e8re cibl\u00e9e pour nous et les circonstances correspondantes sont cr\u00e9\u00e9es afin que nous puissions le proposer sur le march\u00e9 europ\u00e9en conform\u00e9ment \u00e0 la l\u00e9gislation.<br \/>\nC'est pourquoi un fabricant en Allemagne est mentionn\u00e9.<\/p>\n<p>Fabricant au sens de la l\u00e9gislation europ\u00e9enne : DerShogun, Andara GmbH, Brunnenweg 15, 64331 Weiterstadt, Germany, info@andara-gmbh.de<\/p>","protected":false},"excerpt":{"rendered":"<p>Shoto Bokken aus wei\u00dfer Eiche mit ca. 54cm L\u00e4nge. Wir beziehen dieses Bokken von einer der f\u00fchrenden Holzmanufakturen Japans um eine besondere Holzqualit\u00e4t sicherstellen zu k\u00f6nnen. Dieser Bokkentyp aus wei\u00dfe Eiche ist einer der gebr\u00e4uchlichsten. Bei einer L\u00e4nge von ca. 54 cm wiegt er ca. 290g (diese Angabe dient der Orientierung, das Gewicht kann durchaus [&hellip;]<\/p>\n","protected":false},"featured_media":2293,"comment_status":"open","ping_status":"closed","template":"","meta":{"_acf_changed":false},"product_brand":[],"product_cat":[48],"product_tag":[],"class_list":{"0":"post-1594","1":"product","2":"type-product","3":"status-publish","4":"has-post-thumbnail","6":"product_cat-bokken-holzschwert-japan-budo-samurai-schwert","8":"first","9":"onbackorder","10":"taxable","11":"shipping-taxable","12":"purchasable","13":"product-type-simple"},"acf":[],"_links":{"self":[{"href":"https:\/\/japan-budo.com\/fr\/wp-json\/wp\/v2\/product\/1594","targetHints":{"allow":["GET"]}}],"collection":[{"href":"https:\/\/japan-budo.com\/fr\/wp-json\/wp\/v2\/product"}],"about":[{"href":"https:\/\/japan-budo.com\/fr\/wp-json\/wp\/v2\/types\/product"}],"replies":[{"embeddable":true,"href":"https:\/\/japan-budo.com\/fr\/wp-json\/wp\/v2\/comments?post=1594"}],"wp:featuredmedia":[{"embeddable":true,"href":"https:\/\/japan-budo.com\/fr\/wp-json\/wp\/v2\/media\/2293"}],"wp:attachment":[{"href":"https:\/\/japan-budo.com\/fr\/wp-json\/wp\/v2\/media?parent=1594"}],"wp:term":[{"taxonomy":"product_brand","embeddable":true,"href":"https:\/\/japan-budo.com\/fr\/wp-json\/wp\/v2\/product_brand?post=1594"},{"taxonomy":"product_cat","embeddable":true,"href":"https:\/\/japan-budo.com\/fr\/wp-json\/wp\/v2\/product_cat?post=1594"},{"taxonomy":"product_tag","embeddable":true,"href":"https:\/\/japan-budo.com\/fr\/wp-json\/wp\/v2\/product_tag?post=1594"}],"curies":[{"name":"wp","href":"https:\/\/api.w.org\/{rel}","templated":true}]}}