{"id":1607,"date":"2024-04-02T16:23:35","date_gmt":"2024-04-02T14:23:35","guid":{"rendered":"https:\/\/japan-budo.com\/unkategorisiert\/bokken-aus-kamelienholz-made-in-japan\/"},"modified":"2026-02-16T10:18:15","modified_gmt":"2026-02-16T09:18:15","slug":"bokken-en-bois-de-camelia-made-in-japan","status":"publish","type":"product","link":"https:\/\/japan-budo.com\/fr\/bokken-sabre-en-bois-japonais-budo-samurai-sabre\/bokken-en-bois-de-camelia-made-in-japan\/","title":{"rendered":"Bokken en bois de cam\u00e9lia Made in Japan"},"content":{"rendered":"<p>Le bois de cam\u00e9lia (tsubaki) est l'un des bois les plus pr\u00e9cieux du Japon.<\/p>\n<p>Nous nous procurons ce bokken aupr\u00e8s d'une des principales manufactures de bois du Japon, afin de pouvoir garantir une qualit\u00e9 de bois particuli\u00e8re.<\/p>\n<p>Les kendokas qui utilisent beaucoup leur bokken ont depuis longtemps d\u00e9couvert les bokken en bois de cam\u00e9lia.<\/p>\n<p>Ce bois \u00e0 croissance tr\u00e8s lente a une belle couleur et un grain tr\u00e8s fin. Il est tr\u00e8s r\u00e9sistant et dur. Et pourtant, il est relativement l\u00e9ger !<\/p>\n<p>Le poids est d'environ 520 g (cette indication est donn\u00e9e \u00e0 titre indicatif, le poids peut tout \u00e0 fait varier de 50 grammes ou plus) pour une longueur d'environ 102 cm.<\/p>\n<p>Le bokken est cir\u00e9.<\/p>\n<p>Ce bokuto poss\u00e8de une ar\u00eate dorsale, ce qui peut n\u00e9cessiter une adaptation de ces \u00e9l\u00e9ments lorsqu'il est utilis\u00e9 avec une tsuba et une saya en plastique.<\/p>\n<p>Veuillez noter qu'il s'agit d'un bois extr\u00eamement r\u00e9sistant. Cependant, m\u00eame ce bois peut \u00eatre endommag\u00e9 par une charge extr\u00eame.<\/p>\n<p>Ce produit provient du Japon. Comme la l\u00e9gislation europ\u00e9enne en vigueur exige qu'il y ait un interlocuteur au sein de l'UE pour les questions de s\u00e9curit\u00e9, nous le proposons sous notre marque europ\u00e9enne afin de r\u00e9pondre aux exigences. Pour ce faire, il est produit au Japon de mani\u00e8re cibl\u00e9e pour nous et les circonstances correspondantes sont cr\u00e9\u00e9es afin que nous puissions le proposer sur le march\u00e9 europ\u00e9en conform\u00e9ment \u00e0 la l\u00e9gislation.<br \/>\nC'est pourquoi un fabricant en Allemagne est mentionn\u00e9.<\/p>\n<p>Fabricant au sens de la l\u00e9gislation europ\u00e9enne : DerShogun, Andara GmbH, Brunnenweg 15, 64331 Weiterstadt, Germany, info@andara-gmbh.de<\/p>","protected":false},"excerpt":{"rendered":"<p>Kamelienholz (Tsubaki) ist eines der hochwertigsten H\u00f6lzer aus Japan. Wir beziehen dieses Bokken von einer der f\u00fchrenden Holzmanufakturen Japans, um eine besondere Holzqualit\u00e4t sicherstellen zu k\u00f6nnen. Insbesondere Kendoka, die ihr Bokken stark beanspruchen, haben Bokken aus Kamelienholz l\u00e4ngst f\u00fcr sich entdeckt. Das sehr langsam wachsende Holz hat eine sch\u00f6ne Farbe und eine sehr feine Maserung. [&hellip;]<\/p>\n","protected":false},"featured_media":3194,"comment_status":"open","ping_status":"closed","template":"","meta":{"_acf_changed":false},"product_brand":[],"product_cat":[48],"product_tag":[],"class_list":{"0":"post-1607","1":"product","2":"type-product","3":"status-publish","4":"has-post-thumbnail","6":"product_cat-bokken-holzschwert-japan-budo-samurai-schwert","8":"first","9":"instock","10":"taxable","11":"shipping-taxable","12":"purchasable","13":"product-type-simple"},"acf":[],"_links":{"self":[{"href":"https:\/\/japan-budo.com\/fr\/wp-json\/wp\/v2\/product\/1607","targetHints":{"allow":["GET"]}}],"collection":[{"href":"https:\/\/japan-budo.com\/fr\/wp-json\/wp\/v2\/product"}],"about":[{"href":"https:\/\/japan-budo.com\/fr\/wp-json\/wp\/v2\/types\/product"}],"replies":[{"embeddable":true,"href":"https:\/\/japan-budo.com\/fr\/wp-json\/wp\/v2\/comments?post=1607"}],"wp:featuredmedia":[{"embeddable":true,"href":"https:\/\/japan-budo.com\/fr\/wp-json\/wp\/v2\/media\/3194"}],"wp:attachment":[{"href":"https:\/\/japan-budo.com\/fr\/wp-json\/wp\/v2\/media?parent=1607"}],"wp:term":[{"taxonomy":"product_brand","embeddable":true,"href":"https:\/\/japan-budo.com\/fr\/wp-json\/wp\/v2\/product_brand?post=1607"},{"taxonomy":"product_cat","embeddable":true,"href":"https:\/\/japan-budo.com\/fr\/wp-json\/wp\/v2\/product_cat?post=1607"},{"taxonomy":"product_tag","embeddable":true,"href":"https:\/\/japan-budo.com\/fr\/wp-json\/wp\/v2\/product_tag?post=1607"}],"curies":[{"name":"wp","href":"https:\/\/api.w.org\/{rel}","templated":true}]}}