{"id":1610,"date":"2024-04-02T16:23:36","date_gmt":"2024-04-02T14:23:36","guid":{"rendered":"https:\/\/japan-budo.com\/unkategorisiert\/bokken-tsuba-in-standardgroesse\/"},"modified":"2026-03-10T07:53:38","modified_gmt":"2026-03-10T06:53:38","slug":"bokken-tsuba-de-taille-standard","status":"publish","type":"product","link":"https:\/\/japan-budo.com\/fr\/bokken-sabre-en-bois-japonais-budo-samurai-sabre\/bokken-tsuba-de-taille-standard\/","title":{"rendered":"Bokken - Tsuba de taille standard"},"content":{"rendered":"<p>Suba en plastique robuste avec tsubadome du Japon.<\/p>\n<h2>Pourquoi existe-t-il des tsuba pour bokken ?<\/h2>\n<p>Tsuba est le nom donn\u00e9 \u00e0 la lame de l'\u00e9p\u00e9e du samoura\u00ef. Elle prot\u00e8ge la main.<\/p>\n<p>Pour l'entra\u00eenement au Kenjutsu, les arts martiaux japonais utilisent un sabre en bois appel\u00e9 <a href=\"https:\/\/japan-budo.com\/fr\/bokken-sabre-en-bois-japonais-budo-samurai-sabre\/\" target=\"_blank\" rel=\"noopener\">Bokken ou Bokuto<\/a> est utilis\u00e9.<\/p>\n<p>Selon l'art martial pratiqu\u00e9, il existe diff\u00e9rentes versions de ce sabre. Dans certains styles, on utilise une lame qui imite la lame du vrai sabre.<\/p>\n<h2>Quels sont les diff\u00e9rents mod\u00e8les de tsuba pour bokken ?<\/h2>\n<p>Le mod\u00e8le propos\u00e9 ici est simple et bon march\u00e9. Elle est le standard dans la plupart des \u00e9coles d'arts martiaux. Le disque en plastique est maintenu en place \u00e0 l'aide d'un caoutchouc (tsubadome). Avec des dimensions d'environ 7,8 cm x 7,2 cm, elles correspondent \u00e0 une lame de couteau normale et leur \u00e9paisseur de 6 mm les rend robustes.<\/p>\n<p>Comme alternative, il existe des tsuba de bokken en cuir. Vous les trouverez dans notre cat\u00e9gorie <a href=\"https:\/\/japan-budo.com\/fr\/accessoires-pour-bokken\/\" target=\"_blank\" rel=\"noopener\">Accessoires pour bokken<\/a>. Le cuir a l'avantage d'\u00eatre l\u00e9g\u00e8rement \u00e9lastique. Ainsi, la lame peut \u00eatre fix\u00e9e au bokken sans tsubadome. Surtout en combinaison avec <a href=\"https:\/\/japan-budo.com\/fr\/accessoires-pour-bokken\/bokken-saya-en-plastique-du-japon\/\" target=\"_blank\" rel=\"noopener\">Bokken Saya<\/a> l'utilisation de la tsuba en cuir prend tout son sens.<\/p>\n<p>Les tsuba en cuir pour bokken existent dans des versions relativement simples, mais il existe aussi des versions qui sont cousues en plus et m\u00eame des exemplaires qui sont recouverts de graines ou qui poss\u00e8dent des motifs sur la surface du cuir.<\/p>\n<h2>Pour quels sabres nos tsuba conviennent-elles ?<\/h2>\n<p>Au Japon, la production des bokken est relativement uniforme. Nos tsuba conviennent en tout cas aux bokken de notre assortiment.<\/p>\n<p>Chez d'autres fabricants, il se peut qu'il faille proc\u00e9der \u00e0 de l\u00e9g\u00e8res adaptations de la lame de l'outil. Mais cela se fait g\u00e9n\u00e9ralement en un tour de main \u00e0 l'aide d'une lime.<\/p>\n<p>Ce produit provient du Japon. Comme la l\u00e9gislation europ\u00e9enne en vigueur exige qu'il y ait un interlocuteur au sein de l'UE pour les questions de s\u00e9curit\u00e9, nous le proposons sous notre marque europ\u00e9enne afin de r\u00e9pondre aux exigences. Pour ce faire, il est produit au Japon de mani\u00e8re cibl\u00e9e pour nous et les circonstances correspondantes sont cr\u00e9\u00e9es afin que nous puissions le proposer sur le march\u00e9 europ\u00e9en conform\u00e9ment \u00e0 la l\u00e9gislation.<br \/>\nC'est pourquoi un fabricant en Allemagne est mentionn\u00e9.<\/p>\n<p>Fabricant au sens de la l\u00e9gislation europ\u00e9enne : DerShogun, Andara GmbH, Brunnenweg 15, 64331 Weiterstadt, Germany, info@andara-gmbh.de<\/p>","protected":false},"excerpt":{"rendered":"<p>Robuste Kunststofftsuba mit Tsubadome aus Japan. Warum gibt es Bokken Tsuba? Tsuba ist die Bezeichnung f\u00fcr das Stichblatt am Samurai Schwert. Dieses Sch\u00fctz die Hand. F\u00fcr das Kenjutsu Training wird in den japanischen Kampfk\u00fcnsten ein Holzschwert mit dem Namen Bokken oder Bokuto verwendet. Je nach der trainierten Kampfkunst gibt es unterschiedliche Ausf\u00fchrungen dieses Schwertes. In [&hellip;]<\/p>\n","protected":false},"featured_media":2395,"comment_status":"open","ping_status":"closed","template":"","meta":{"_acf_changed":false},"product_brand":[],"product_cat":[48],"product_tag":[],"class_list":{"0":"post-1610","1":"product","2":"type-product","3":"status-publish","4":"has-post-thumbnail","6":"product_cat-bokken-holzschwert-japan-budo-samurai-schwert","8":"first","9":"instock","10":"taxable","11":"shipping-taxable","12":"purchasable","13":"product-type-simple"},"acf":[],"_links":{"self":[{"href":"https:\/\/japan-budo.com\/fr\/wp-json\/wp\/v2\/product\/1610","targetHints":{"allow":["GET"]}}],"collection":[{"href":"https:\/\/japan-budo.com\/fr\/wp-json\/wp\/v2\/product"}],"about":[{"href":"https:\/\/japan-budo.com\/fr\/wp-json\/wp\/v2\/types\/product"}],"replies":[{"embeddable":true,"href":"https:\/\/japan-budo.com\/fr\/wp-json\/wp\/v2\/comments?post=1610"}],"wp:featuredmedia":[{"embeddable":true,"href":"https:\/\/japan-budo.com\/fr\/wp-json\/wp\/v2\/media\/2395"}],"wp:attachment":[{"href":"https:\/\/japan-budo.com\/fr\/wp-json\/wp\/v2\/media?parent=1610"}],"wp:term":[{"taxonomy":"product_brand","embeddable":true,"href":"https:\/\/japan-budo.com\/fr\/wp-json\/wp\/v2\/product_brand?post=1610"},{"taxonomy":"product_cat","embeddable":true,"href":"https:\/\/japan-budo.com\/fr\/wp-json\/wp\/v2\/product_cat?post=1610"},{"taxonomy":"product_tag","embeddable":true,"href":"https:\/\/japan-budo.com\/fr\/wp-json\/wp\/v2\/product_tag?post=1610"}],"curies":[{"name":"wp","href":"https:\/\/api.w.org\/{rel}","templated":true}]}}