{"id":1616,"date":"2024-04-02T16:23:37","date_gmt":"2024-04-02T14:23:37","guid":{"rendered":"https:\/\/japan-budo.com\/unkategorisiert\/bokken-ledertsuba-vernaeht-mit-motiv\/"},"modified":"2026-02-10T18:18:21","modified_gmt":"2026-02-10T17:18:21","slug":"bokken-suba-en-cuir-cousu-avec-motif","status":"publish","type":"product","link":"https:\/\/japan-budo.com\/fr\/bokken-sabre-en-bois-japonais-budo-samurai-sabre\/bokken-suba-en-cuir-cousu-avec-motif\/","title":{"rendered":"Bokken - suba en cuir cousu avec motif"},"content":{"rendered":"<p>Chez Japan Budo, vous pouvez \u00e9galement trouver ce qui est particulier dans les d\u00e9tails. Nos suba en cuir sont des pi\u00e8ces artisanales de haute qualit\u00e9. Elles sont tr\u00e8s r\u00e9sistantes et ne sont disponibles que chez Japan Budo.<\/p>\n<p>Ces tsuba s'adaptent aux bokken de dimensions standard. Si la tsuba ne convient pas \u00e0 votre bokken, il est possible de l'optimiser en l'adaptant.<\/p>\n<p>Les tsuba pour bokken d'environ 8 mm d'\u00e9paisseur p\u00e8sent environ 45 g et mesurent environ 78 mm x 78 mm.<br \/>\nLes surfaces sont polies avec beaucoup de soin. Cet exemplaire est en outre cousu pour une plus grande long\u00e9vit\u00e9, et des motifs sont \u00e9galement estamp\u00e9s sur la surface.<\/p>\n<p>Conseil d'initi\u00e9 : la tsuba en cuir tient au bokken sans tsuba dome. En combinaison avec notre Saya pour bokken, elle permet un entra\u00eenement encore meilleur qu'avec une tsuba en plastique.<\/p>\n<p>Fabricant : DerShogun, Andara GmbH, Brunnenweg 15, 64331 Weiterstadt, Germany, info@andara-gmbh.de<\/p>","protected":false},"excerpt":{"rendered":"<p>Auch in Details k\u00f6nnen Sie bei Japan Budo das Besondere finden. Unsere Ledertsuba sind ein St\u00fcck hochwertiger Handarbeit. Sehr belastbar und nur bei Japan Budo zu erhalten. Diese Tsuba passen auf Bokken mit Standardma\u00dfen. Falls die Tsuba bei Ihrem Bokken nicht passt, kann sie durch Anpassungen optimiert werden. Die ca. 8mm dicken Bokken Tsuba wiegen [&hellip;]<\/p>\n","protected":false},"featured_media":1615,"comment_status":"open","ping_status":"closed","template":"","meta":{"_acf_changed":false},"product_brand":[],"product_cat":[48],"product_tag":[],"class_list":{"0":"post-1616","1":"product","2":"type-product","3":"status-publish","4":"has-post-thumbnail","6":"product_cat-bokken-holzschwert-japan-budo-samurai-schwert","8":"first","9":"instock","10":"taxable","11":"shipping-taxable","12":"purchasable","13":"product-type-simple"},"acf":[],"_links":{"self":[{"href":"https:\/\/japan-budo.com\/fr\/wp-json\/wp\/v2\/product\/1616","targetHints":{"allow":["GET"]}}],"collection":[{"href":"https:\/\/japan-budo.com\/fr\/wp-json\/wp\/v2\/product"}],"about":[{"href":"https:\/\/japan-budo.com\/fr\/wp-json\/wp\/v2\/types\/product"}],"replies":[{"embeddable":true,"href":"https:\/\/japan-budo.com\/fr\/wp-json\/wp\/v2\/comments?post=1616"}],"wp:featuredmedia":[{"embeddable":true,"href":"https:\/\/japan-budo.com\/fr\/wp-json\/wp\/v2\/media\/1615"}],"wp:attachment":[{"href":"https:\/\/japan-budo.com\/fr\/wp-json\/wp\/v2\/media?parent=1616"}],"wp:term":[{"taxonomy":"product_brand","embeddable":true,"href":"https:\/\/japan-budo.com\/fr\/wp-json\/wp\/v2\/product_brand?post=1616"},{"taxonomy":"product_cat","embeddable":true,"href":"https:\/\/japan-budo.com\/fr\/wp-json\/wp\/v2\/product_cat?post=1616"},{"taxonomy":"product_tag","embeddable":true,"href":"https:\/\/japan-budo.com\/fr\/wp-json\/wp\/v2\/product_tag?post=1616"}],"curies":[{"name":"wp","href":"https:\/\/api.w.org\/{rel}","templated":true}]}}